{"id":30359,"date":"1992-05-29T00:00:00","date_gmt":"1992-05-28T23:00:00","guid":{"rendered":"http:\/\/www.grappa.no\/no\/albums\/ukategorisert\/slattemusikk-fra-lom\/"},"modified":"2016-11-18T16:25:34","modified_gmt":"2016-11-18T15:25:34","slug":"slattemusikk-fra-lom","status":"publish","type":"product","link":"https:\/\/grappa.no\/no\/albums\/heilo\/slattemusikk-fra-lom\/","title":{"rendered":"Sl\u00e5ttemusikk fr\u00e5 Lom"},"content":{"rendered":"<p><\/p>\n<p>Spellemannstradisjon fra Lom<\/p>\n<p>Spellemannvinnende plate med Bj\u00f8rn Odde (1939) og Amund Bj\u00f8rgen (1941), de to fremste spelemennene i landet i siste del av 2000-tallet. Odde og Bj\u00f8rgen debuterte begge i yngste klasse p\u00e5 landskappleiken p\u00e5 Fagernes i 1957. De spiller i direkte tradisjon etter Hans W. Brimi, Sjugurd Garmo, Johannes Lang\u00f8ygard og Erling Kj\u00f8k.<\/p>\n<p><!--more--><\/p>\n<h4><\/h4>\n<\/p>\n<h4><\/h4>\n<p><h4><\/h4>\n<\/p>\n<p><\/p>","protected":false},"excerpt":{"rendered":"<p>Spellemannvinnende plate sl\u00e5ttemusikk fra Lom.<\/p>\n","protected":false},"featured_media":30360,"comment_status":"closed","ping_status":"open","template":"","meta":[],"product_brand":[],"product_cat":[35],"product_tag":[],"class_list":{"0":"post-30359","1":"product","2":"type-product","3":"status-publish","4":"has-post-thumbnail","6":"product_cat-heilo","7":"product_shipping_class-cddvd-shipping","8":"uni_artist_tag-amund-bjorgen","9":"uni_artist_tag-bjorn-odde","10":"uni_artist_tag-hallvard-kvale","11":"uni_artist_tag-trad","12":"uni_main_artist_tag-amund-bjorgen","13":"uni_artist_genre-folk-music","14":"uni_artist_genre-norwegian-grammy-award-spellemannvinner","15":"uni_artist_genre-strings","16":"uni_artist_genre-traditional","18":"first","19":"instock","20":"taxable","21":"shipping-taxable","22":"purchasable","23":"product-type-simple"},"_links":{"self":[{"href":"https:\/\/grappa.no\/no\/wp-json\/wp\/v2\/product\/30359","targetHints":{"allow":["GET"]}}],"collection":[{"href":"https:\/\/grappa.no\/no\/wp-json\/wp\/v2\/product"}],"about":[{"href":"https:\/\/grappa.no\/no\/wp-json\/wp\/v2\/types\/product"}],"replies":[{"embeddable":true,"href":"https:\/\/grappa.no\/no\/wp-json\/wp\/v2\/comments?post=30359"}],"wp:featuredmedia":[{"embeddable":true,"href":"https:\/\/grappa.no\/no\/wp-json\/wp\/v2\/media\/30360"}],"wp:attachment":[{"href":"https:\/\/grappa.no\/no\/wp-json\/wp\/v2\/media?parent=30359"}],"wp:term":[{"taxonomy":"product_brand","embeddable":true,"href":"https:\/\/grappa.no\/no\/wp-json\/wp\/v2\/product_brand?post=30359"},{"taxonomy":"product_cat","embeddable":true,"href":"https:\/\/grappa.no\/no\/wp-json\/wp\/v2\/product_cat?post=30359"},{"taxonomy":"product_tag","embeddable":true,"href":"https:\/\/grappa.no\/no\/wp-json\/wp\/v2\/product_tag?post=30359"}],"curies":[{"name":"wp","href":"https:\/\/api.w.org\/{rel}","templated":true}]}}