{"id":30334,"date":"2012-09-07T00:00:00","date_gmt":"2012-09-06T23:00:00","guid":{"rendered":"http:\/\/www.grappa.no\/product_variation\/variation-0-of-tarkus-concertante-from-the-album-three-fates-project\/"},"modified":"2019-02-22T16:04:39","modified_gmt":"2019-02-22T15:04:39","slug":"cddvd-three-fates-project-keith-emerson-band-in-symphony","status":"publish","type":"product","link":"https:\/\/grappa.no\/no\/albums\/simax-classics\/cddvd-three-fates-project-keith-emerson-band-in-symphony\/","title":{"rendered":"CD+DVD: Three Fates Project. Keith Emerson Band in Symphony"},"content":{"rendered":"<p><\/p>\n<p>Keith Emersons dr\u00f8mmeprosjekt<\/p>\n<p>Keith Emerson har f\u00e5tt realisert sitt dr\u00f8mmeprosjekt i tett samarbeid med den norske dirigenten Terje Mikkelsen. Endelig er det mulig \u00e5 h\u00f8re &#8216;Tarkus&#8217;, &#8216;Endless Enigma Suite&#8217; og &#8216;Abaddon&#8217;s Bolero&#8217; for band og fullt symfoniorkester! Og Keith Emerson er selv med som solist, p\u00e5 legendariske Moog synth og flygel. Emersons karriere, bla. i band som The Nice og Emerson, Lake &amp; Palmer, har etablert ham som selve ikonet innen progrocken. Han tok klassiske komponister som Sibelius, Bach, Tchaikovsky, Mussorgsky og Stravinsky direkte inn i rockeuttrykket, og \u00e5pnet d\u00f8rene p\u00e5 vid vegg mellom genrene.<\/p>\n<p>&#8216;Tarkus (concertante)&#8217; er uten tvil hovedverket p\u00e5 utgivelsen, et 20 minutters langt epos med halsbrekkende skjeve taktarter og rytmeskift. Et helt nytt vakkert stykke med tittelen &#8216;After all of this&#8217; har ogs\u00e5 kommet med, og &#8216;The Endless Enigma suite&#8217; i symfonisk storhet er selvf\u00f8lgelig p\u00e5 plass. Marc Bonilla bidrar ogs\u00e5 med tre sv\u00e6rt attraktive og drivende stykker, i tillegg til verker med Emerson-vri fra to av hans absolutt st\u00f8rste inspirasjonskilder: Aaron Copland og Alberto Ginastera. Limited first edition inneholder ogs\u00e5 en eksklusiv DVD fra hele prosjektet.<\/p>\n<p><!--more--><\/p>\n<p>Keith Emerson har f\u00e5tt realisert sitt dr\u00f8mmeprosjekt i tett samarbeid med den norske dirigenten Terje Mikkelsen. Endelig er det mulig \u00e5 h\u00f8re &#8216;Tarkus&#8217;, &#8216;Endless Enigma Suite&#8217; og &#8216;Abaddon&#8217;s Bolero&#8217; for band og fullt symfoniorkester! Og Keith Emerson er selv med som solist, p\u00e5 legendariske Moog synth og flygel.<\/p>\n<h4>Det klassiske inn i rocken<\/h4>\n<p>Emersons karriere, bla. i band som The Nice og Emerson, Lake &amp; Palmer, har etablert ham som selve ikonet innen progrocken. Han tok klassiske komponister som Sibelius, Bach, Tchaikovsky, Mussorgsky og Stravinsky direkte inn i rockeuttrykket, og \u00e5pnet d\u00f8rene p\u00e5 vid vegg mellom genrene. Slike sjangeroverskridelser introduserte de gamle mestre for et nytt stort publikum, men var ikke n\u00f8dvendigvis popul\u00e6re innenfor konservative klassiske milj\u00f8er. I dag er tonen en helt annen, og Emerson som komponist f\u00e5r endelig den anerkjennelsen han fortjener. Gitarfenomenet Marc Bonilla har st\u00e5lkontroll p\u00e5 bandet, og Terje Mikkelsen ildner opp M\u00fcnchen Radioorkester i praktfulle arrangementer av blant andre Ketil Bjerkestrand.<\/p>\n<h4>Emersons musikk for symfoniorkester \u2013 full circle<\/h4>\n<p>Det m\u00e5tte en nordmann til for \u00e5 virkeliggj\u00f8re Keith Emersons dr\u00f8m om \u00e5 h\u00f8re sin egen musikk klinge ut i symfonisk storhet. Dirigenten Terje Mikkelsen har rockefoten som trengs, samtidig som han leder et symfoniorkester i halsbrekkende samspill med Keith Emerson Band. P\u00e5 mange m\u00e5ter sluttes n\u00e5 sirkelen: Emerson tok den klassiske musikken inn i rocken \u2013 n\u00e5 er det Emersons egen musikk som fremf\u00f8res med gl\u00f8d av orkester.<\/p>\n<h4>Keith Emerson Band in symphony p\u00e5 CD, DVD og med eksklusivt utvalg p\u00e5 180g vinyl<\/h4>\n<p>&#8216;Tarkus (concertante)&#8217; er uten tvil hovedverket p\u00e5 utgivelsen, et 20 minutters langt epos med halsbrekkende skjeve taktarter og rytmeskift. Et helt nytt vakkert stykke med tittelen &#8216;After all of this&#8217; har ogs\u00e5 kommet med, og &#8216;The Endless Enigma suite&#8217; i symfonisk storhet er selvf\u00f8lgelig p\u00e5 plass. Marc Bonilla bidrar ogs\u00e5 med tre sv\u00e6rt attraktive og drivende stykker, i tillegg til verker med Emerson-vri fra to av hans absolutt st\u00f8rste inspirasjonskilder: Aaron Copland og Alberto Ginastera. Limited first edition inneholder ogs\u00e5 en eksklusiv DVD fra hele prosjektet. Samtidig kommer det en separat vinylutgave med tittelen Three Fates Project \u2013 Tarkus (concertante).<\/p>\n<p><\/p>","protected":false},"excerpt":{"rendered":"<p>Emerson tok den klassiske musikken inn i rocken \u2013 n\u00e5 er det Emersons egen musikk som fremf\u00f8res med gl\u00f8d av orkester.<\/p>\n","protected":false},"featured_media":27756,"comment_status":"closed","ping_status":"open","template":"","meta":[],"product_brand":[],"product_cat":[180],"product_tag":[],"class_list":{"0":"post-30334","1":"product","2":"type-product","3":"status-publish","4":"has-post-thumbnail","6":"product_cat-simax-classics","7":"product_shipping_class-cddvd-shipping","8":"uni_artist_tag-aaron-copland","9":"uni_artist_tag-alberto-ginastera","10":"uni_artist_tag-keith-emerson","11":"uni_artist_tag-keith-emerson-band","12":"uni_artist_tag-marc-bonilla","13":"uni_artist_tag-munchner-rundfunkorchester","14":"uni_artist_tag-terje-mikkelsen","15":"uni_artist_tag-torsten-schreier","16":"uni_main_artist_tag-keith-emerson-band","17":"uni_artist_genre-contemporary-music","18":"uni_artist_genre-orchestral","19":"uni_artist_genre-rock","21":"first","22":"instock","23":"taxable","24":"shipping-taxable","25":"purchasable","26":"product-type-simple"},"_links":{"self":[{"href":"https:\/\/grappa.no\/no\/wp-json\/wp\/v2\/product\/30334","targetHints":{"allow":["GET"]}}],"collection":[{"href":"https:\/\/grappa.no\/no\/wp-json\/wp\/v2\/product"}],"about":[{"href":"https:\/\/grappa.no\/no\/wp-json\/wp\/v2\/types\/product"}],"replies":[{"embeddable":true,"href":"https:\/\/grappa.no\/no\/wp-json\/wp\/v2\/comments?post=30334"}],"wp:featuredmedia":[{"embeddable":true,"href":"https:\/\/grappa.no\/no\/wp-json\/wp\/v2\/media\/27756"}],"wp:attachment":[{"href":"https:\/\/grappa.no\/no\/wp-json\/wp\/v2\/media?parent=30334"}],"wp:term":[{"taxonomy":"product_brand","embeddable":true,"href":"https:\/\/grappa.no\/no\/wp-json\/wp\/v2\/product_brand?post=30334"},{"taxonomy":"product_cat","embeddable":true,"href":"https:\/\/grappa.no\/no\/wp-json\/wp\/v2\/product_cat?post=30334"},{"taxonomy":"product_tag","embeddable":true,"href":"https:\/\/grappa.no\/no\/wp-json\/wp\/v2\/product_tag?post=30334"}],"curies":[{"name":"wp","href":"https:\/\/api.w.org\/{rel}","templated":true}]}}