{"id":30112,"date":"2016-07-01T00:00:00","date_gmt":"2016-06-30T23:00:00","guid":{"rendered":"http:\/\/www.grappa.no\/albums\/uncategorized\/rollin-phones-dedicated\/"},"modified":"2018-03-26T12:18:10","modified_gmt":"2018-03-26T11:18:10","slug":"rollin-phones-dedicated","status":"publish","type":"product","link":"https:\/\/grappa.no\/no\/albums\/grappa\/rollin-phones-dedicated\/","title":{"rendered":"Rollin&#8217; Phones: Dedicated"},"content":{"rendered":"<p><\/p>\n<p>Jazz og folkemusikk med Nordens fremste saxofonkvartett.<\/p>\n<p>Saxofonkvartetten Rollin\u00b4 Phones er anerkjent for sin oppsiktsvekkende bredde i repertoar og h\u00f8yt kunstneriske niv\u00e5. Gruppen har gitt ut en rekke album innenfor klassisk og samtidsmusikk, og p\u00e5 \u2018Dedicated\u2019 gj\u00f8r de et retrospektivt blikk p\u00e5 egen karriere. Rollin\u2019 Phones vender tilbake til sine f\u00f8rste \u00e5rs fokus p\u00e5 jazz og folketoner i en utgivelse som er en 30-\u00e5rs jubilant verdig. <\/p>\n<p>Mikael R\u00e5berg har arrangert musikken, med fantastiske versjoner av bla. Round Midnight, Bluesette, G\u00e5nglek fr\u00e5n \u00c4lvdalen, Visa fr\u00e5n Utanmyra, Over the Rainbow og mange flere. Gjestemusikere inkluderer Rafael Sida Huziar, perkusjon og Jesper Kviberg, trommer og Jonas Knutsson p\u00e5 sopran- og altsaxofon, sistnevnte er ogs\u00e5 produsent for utgivelsen.<\/p>\n<p><!--more--><\/p>\n<p>Saxofonkvartetten Rollin\u00b4 Phones er anerkjent for sin oppsiktsvekkende bredde i repertoar og h\u00f8yt kunstneriske niv\u00e5. Gruppen har gitt ut en rekke album innenfor klassisk og samtidsmusikk, og p\u00e5 \u2018Dedicated\u2019 gj\u00f8r de et retrospektivt blikk p\u00e5 egen karriere. Rollin\u2019 Phones vender tilbake til sine f\u00f8rste \u00e5rs fokus p\u00e5 jazz og folketoner i en utgivelse som er en 30-\u00e5rs jubilant verdig. Produsert av Jonas Knutsson.<\/p>\n<h4>Rollin\u00b4 Phones<\/h4>\n<p>Rollin\u00b4 Phones ble grunnlagt i 1986 og har siden den gang v\u00e6rt en viktig del av svensk musikkliv. Med sitt allsidige kammermusikkrepertoar har gruppen blitt en pioner og en rollemodell for saksofonister i de klassiske milj\u00f8ene verden over. Spennende samarbeid med en rekke artister har alltid v\u00e6rt en naturlig del av deres arbeid som ogs\u00e5 har inkludert vokal, perkusjon, dans og visuell videokunst. Ensemblet har verdensomspennende turn\u00e9virksomhet bak seg b\u00e5de i Europa, USA, S\u00f8r-Amerika, Afrika og Asia hvor de har holdt kammerkonserter med stor publikumssuksess \u2013 ikke minst takket v\u00e6re at flere verker alltid spilles utenat!<\/p>\n<h4>Jazz og folkemusikk i storbandformat<\/h4>\n<p>P\u00e5 \u2018Dedicated\u2019fremf\u00f8rer Rollin\u00b4 Phones alt fra Leonard Bernstein og Irving Berlin, til George Gershwin, Antonio Carlos Jobim og Thelonious Monk for \u00e5 nevne noen. I tillegg kommer bandets svenske r\u00f8tter tydelig fram i en rekke folkemusikkl\u00e5ter, ikke minst \u2018Visa fr\u00e5n Utanmyra\u2019 som ikke er fremmed i jazzverdenen. Med seg har Rollin\u00b4 Phones arrang\u00f8r Mikael R\u00e5berg, som siden tidlig 80-tall har v\u00e6rt en av Sveriges fremste komponister og arrang\u00f8rer for storbandmusikk. Hans mesterlige arrangementer har fulgt Rollin\u00b4 Phones gjennom hele deres karriere, og h\u00f8rer til publikums absolutte favoritter. Med seg har de ogs\u00e5 saksofonist og komponist Jonas Knutsson og perkusjonist Rafael Sida Huizar, som tidligere har arbeidet med Stockholm Jazz Orchestra og Ale M\u00f6ller Band for \u00e5 nevne noen f\u00e5.<\/p>\n<h4>30-\u00e5rs jubileum og turn\u00e9 i Sverige<\/h4>\n<p>29. juni: Essinge kyrka kl.20.00 (Stockholm) https:\/\/www.stockholmdirekt.se\/vartkungsholmen\/<br \/>\n30. juni: Vaxholm kyrka kl. 19.00<br \/>\n3. juli: Billinge kalkbrott, Sk\u00f6vde \u00a0 https:\/\/www.skovdenyheter.se\/<br \/>\n5. juli: V\u00e4sterv\u00e5la kyrka, Fagersta  kl. 19.00 https:\/\/fagersta-posten.se\/<br \/>\n6. juli: H\u00e4rn\u00f6sand Domkyrka kl. 20.00<\/p>\n<p><\/p>","protected":false},"excerpt":{"rendered":"<p>Mikael R\u00e5berg har arrangert musikken, med fantastiske versjoner av bla. Round Midnight, Bluesette, G\u00e5nglek fr\u00e5n \u00c4lvdalen, Visa fr\u00e5n Utanmyra, Over the Rainbow og mange flere.<\/p>\n","protected":false},"featured_media":30113,"comment_status":"closed","ping_status":"open","template":"","meta":[],"product_brand":[],"product_cat":[6],"product_tag":[],"class_list":{"0":"post-30112","1":"product","2":"type-product","3":"status-publish","4":"has-post-thumbnail","6":"product_cat-grappa","7":"product_shipping_class-cddvd-shipping","8":"uni_artist_tag-antonio-carlos-jobim","9":"uni_artist_tag-george-gershwin","10":"uni_artist_tag-gerald-marks","11":"uni_artist_tag-harold-arlen","12":"uni_artist_tag-irving-berlin","13":"uni_artist_tag-jesper-kviberg","14":"uni_artist_tag-jonas-knutsson","15":"uni_artist_tag-lars-farnlof","16":"uni_artist_tag-leonard-bernstein","17":"uni_artist_tag-mikael-raberg","18":"uni_artist_tag-rafael-sida-huizar","19":"uni_artist_tag-rollin-phones","20":"uni_artist_tag-seymour-simons","21":"uni_artist_tag-thelonious-monk","22":"uni_artist_tag-toots-thielemans","23":"uni_artist_tag-trad","24":"uni_main_artist_tag-rollin-phones","25":"uni_artist_genre-brass","26":"uni_artist_genre-easy-listening","27":"uni_artist_genre-jazz","29":"first","30":"instock","31":"taxable","32":"shipping-taxable","33":"purchasable","34":"product-type-simple"},"_links":{"self":[{"href":"https:\/\/grappa.no\/no\/wp-json\/wp\/v2\/product\/30112","targetHints":{"allow":["GET"]}}],"collection":[{"href":"https:\/\/grappa.no\/no\/wp-json\/wp\/v2\/product"}],"about":[{"href":"https:\/\/grappa.no\/no\/wp-json\/wp\/v2\/types\/product"}],"replies":[{"embeddable":true,"href":"https:\/\/grappa.no\/no\/wp-json\/wp\/v2\/comments?post=30112"}],"wp:featuredmedia":[{"embeddable":true,"href":"https:\/\/grappa.no\/no\/wp-json\/wp\/v2\/media\/30113"}],"wp:attachment":[{"href":"https:\/\/grappa.no\/no\/wp-json\/wp\/v2\/media?parent=30112"}],"wp:term":[{"taxonomy":"product_brand","embeddable":true,"href":"https:\/\/grappa.no\/no\/wp-json\/wp\/v2\/product_brand?post=30112"},{"taxonomy":"product_cat","embeddable":true,"href":"https:\/\/grappa.no\/no\/wp-json\/wp\/v2\/product_cat?post=30112"},{"taxonomy":"product_tag","embeddable":true,"href":"https:\/\/grappa.no\/no\/wp-json\/wp\/v2\/product_tag?post=30112"}],"curies":[{"name":"wp","href":"https:\/\/api.w.org\/{rel}","templated":true}]}}