{"id":30094,"date":"1994-03-14T00:00:00","date_gmt":"1994-03-13T23:00:00","guid":{"rendered":"http:\/\/www.grappa.no\/no\/albums\/ukategorisert\/pa-langeleik\/"},"modified":"2022-06-14T13:26:19","modified_gmt":"2022-06-14T12:26:19","slug":"pa-langeleik","status":"publish","type":"product","link":"https:\/\/grappa.no\/no\/albums\/heilo\/pa-langeleik\/","title":{"rendered":"P\u00e5 Langeleik"},"content":{"rendered":"<p><\/p>\n<p>Langeleiken spelar hovudrolla.<\/p>\n<p>Langeleiken si historie her i landet g\u00e5r tilbake til 1500-tallet. Langeleikspelet h\u00f8yrer s\u00e5leis til den eldste delen av tradisjonsmusikken v\u00e5r. Tidligere var langeleikspelet praktisk tala avgrensa til Valdresbygdane. I seinare tid har interessa spreidd seg til andre bygder \u00f2g, og interessa for dette s\u00e6rprega instrumentet aukar. Langeleiken har lenge vore med p\u00e5 ulike innspelingar med folkemusikk, men dette er fyrste plata der langeleiken spelar hovudrolla: \u00e5leine, og i lag med andre instrument. Eit mange\u00e5rig samarbeid i ulike samanhengar ligg bak samspelet med hardingfele, fl\u00f8yte, klarinett, orgel og lutt.<\/p>\n<p><!--more--><\/p>\n<h4><\/h4>\n<h4><\/h4>\n<h4><\/h4>\n<p><\/p>","protected":false},"excerpt":{"rendered":"<p>Den eldste delen av tradisjonsmusikken v\u00e5r.<\/p>\n","protected":false},"featured_media":30095,"comment_status":"closed","ping_status":"closed","template":"","meta":[],"product_brand":[],"product_cat":[35],"product_tag":[],"class_list":{"0":"post-30094","1":"product","2":"type-product","3":"status-publish","4":"has-post-thumbnail","6":"product_cat-heilo","7":"product_shipping_class-cddvd-shipping","8":"uni_artist_tag-elisabeth-kvaerne","9":"uni_artist_tag-erik-stenstadvold","10":"uni_artist_tag-hakon-asheim","11":"uni_artist_tag-hallvard-kvale","12":"uni_artist_tag-ingar-ranheim","13":"uni_artist_tag-tellef-kvifte","14":"uni_artist_tag-trad","15":"uni_main_artist_tag-elisabeth-kvaerne","16":"uni_artist_genre-folk-music","17":"uni_artist_genre-traditional","19":"first","20":"outofstock","21":"taxable","22":"shipping-taxable","23":"purchasable","24":"product-type-simple"},"_links":{"self":[{"href":"https:\/\/grappa.no\/no\/wp-json\/wp\/v2\/product\/30094","targetHints":{"allow":["GET"]}}],"collection":[{"href":"https:\/\/grappa.no\/no\/wp-json\/wp\/v2\/product"}],"about":[{"href":"https:\/\/grappa.no\/no\/wp-json\/wp\/v2\/types\/product"}],"replies":[{"embeddable":true,"href":"https:\/\/grappa.no\/no\/wp-json\/wp\/v2\/comments?post=30094"}],"wp:featuredmedia":[{"embeddable":true,"href":"https:\/\/grappa.no\/no\/wp-json\/wp\/v2\/media\/30095"}],"wp:attachment":[{"href":"https:\/\/grappa.no\/no\/wp-json\/wp\/v2\/media?parent=30094"}],"wp:term":[{"taxonomy":"product_brand","embeddable":true,"href":"https:\/\/grappa.no\/no\/wp-json\/wp\/v2\/product_brand?post=30094"},{"taxonomy":"product_cat","embeddable":true,"href":"https:\/\/grappa.no\/no\/wp-json\/wp\/v2\/product_cat?post=30094"},{"taxonomy":"product_tag","embeddable":true,"href":"https:\/\/grappa.no\/no\/wp-json\/wp\/v2\/product_tag?post=30094"}],"curies":[{"name":"wp","href":"https:\/\/api.w.org\/{rel}","templated":true}]}}