{"id":30067,"date":"2016-05-27T00:00:00","date_gmt":"2016-05-26T23:00:00","guid":{"rendered":"http:\/\/www.grappa.no\/albums\/uncategorized\/strings-timpani-hyphen\/"},"modified":"2018-08-30T09:09:48","modified_gmt":"2018-08-30T08:09:48","slug":"hyphen","status":"publish","type":"product","link":"https:\/\/grappa.no\/no\/albums\/hubro\/hyphen\/","title":{"rendered":"Hyphen"},"content":{"rendered":"<p><\/p>\n<p>Spennende duo<\/p>\n<p>Ny utgivelse i HUBRO sin serie med white label LP\u00b4er i begrenset opplag: Strings &amp; Timpani er ein tromme\/gitar duo som lekent improviserer fram musikk i grenseland mellom verdensmusikk, jazz og lo-fi pop. \u00a0De to musikerne har spilt sammen i ti \u00e5r og spiller ogs\u00e5 sammen i Erlend Apneseth Trio og Krachmacher, og har tidligere &#8211; under navnet \u201cThe Sweetest Thrill\u201d gitt ut to album.\u00a0Trommeslager \u00d8yvind Hegg-Lunde spiller ogs\u00e5 i impropop-trioen Building Instrument, og psych-bandet Electric Eye.\u00a0Gitarist Stephan Meidell spiller utenom eget soloprosjekt blant annet med improrock-trioen Cakewalk og indiejazz-trioen Velkro.<\/p>\n<p>Torsdag 26. mai st\u00e5r duoen bak bestillingsverket &quot;Voice &amp; Strings &amp; Timpani&quot; p\u00e5 Nattjazz i Bergen, der duoen f\u00e5r selskap av Mari Kvien Brunvoll , Eva Pfitzenmaier, Kim \u00c5ge Furuhaug og Stein Urheim p\u00e5 scenen.<\/p>\n<p>Limited edition 300 eksemplarer<\/p>\n<p><!--more--><\/p>\n<h4><\/h4>\n<\/p>\n<h4><\/h4>\n<p><h4><\/h4>\n<\/p>\n<p><\/p>","protected":false},"excerpt":{"rendered":"<p>Ny utgivelse i HUBRO sin serie med white label LP\u00b4er i begrenset opplag: Strings &amp; Timpani er ein tromme\/gitar duo som lekent improviserer fram musikk i grenseland mellom verdensmusikk, jazz og lo-fi pop.<\/p>\n","protected":false},"featured_media":30085,"comment_status":"closed","ping_status":"open","template":"","meta":[],"product_brand":[],"product_cat":[36],"product_tag":[],"class_list":{"0":"post-30067","1":"product","2":"type-product","3":"status-publish","4":"has-post-thumbnail","6":"product_cat-hubro","7":"product_shipping_class-vinyl-shipping","8":"uni_artist_tag-oyvind-hegg-lunde","9":"uni_artist_tag-stephan-meidell","10":"uni_artist_tag-strings-timpani","11":"uni_main_artist_tag-strings-timpani","12":"uni_artist_genre-improvised-music","13":"uni_artist_genre-instrumental","14":"uni_artist_genre-rock","15":"uni_artist_genre-world-music","17":"first","18":"instock","19":"taxable","20":"shipping-taxable","21":"purchasable","22":"product-type-simple"},"_links":{"self":[{"href":"https:\/\/grappa.no\/no\/wp-json\/wp\/v2\/product\/30067","targetHints":{"allow":["GET"]}}],"collection":[{"href":"https:\/\/grappa.no\/no\/wp-json\/wp\/v2\/product"}],"about":[{"href":"https:\/\/grappa.no\/no\/wp-json\/wp\/v2\/types\/product"}],"replies":[{"embeddable":true,"href":"https:\/\/grappa.no\/no\/wp-json\/wp\/v2\/comments?post=30067"}],"wp:featuredmedia":[{"embeddable":true,"href":"https:\/\/grappa.no\/no\/wp-json\/wp\/v2\/media\/30085"}],"wp:attachment":[{"href":"https:\/\/grappa.no\/no\/wp-json\/wp\/v2\/media?parent=30067"}],"wp:term":[{"taxonomy":"product_brand","embeddable":true,"href":"https:\/\/grappa.no\/no\/wp-json\/wp\/v2\/product_brand?post=30067"},{"taxonomy":"product_cat","embeddable":true,"href":"https:\/\/grappa.no\/no\/wp-json\/wp\/v2\/product_cat?post=30067"},{"taxonomy":"product_tag","embeddable":true,"href":"https:\/\/grappa.no\/no\/wp-json\/wp\/v2\/product_tag?post=30067"}],"curies":[{"name":"wp","href":"https:\/\/api.w.org\/{rel}","templated":true}]}}