{"id":30066,"date":"2016-05-27T00:00:00","date_gmt":"2016-05-26T23:00:00","guid":{"rendered":"http:\/\/www.grappa.no\/albums\/uncategorized\/svevestov\/"},"modified":"2017-10-31T12:18:02","modified_gmt":"2017-10-31T11:18:02","slug":"svevestov","status":"publish","type":"product","link":"https:\/\/grappa.no\/no\/albums\/heilo\/svevestov\/","title":{"rendered":"Svevest\u00f8v"},"content":{"rendered":"<p><\/p>\n<p>Fem bereiste bygdiser.<\/p>\n<p>Denne bygdisbanden steller i stand et jovialt lurveleven\u00a0uten like, med et anerkjennende musikalsk nikk til gamle helter,\u00a0n\u00e5r de smeller av visene til Herman Kvelprud, en bygdis fr\u00e5 k\u00e5bb\u00e5ilandet i Norge, n\u00e6rmere bestemt det ville vesten p\u00e5 \u00c5l i Hallingdal. En eremitt som skriver pseudopersonlige sanger fra et fargesprakende ungt levd liv, om det er fra tida som landeveiboms eller bygdisen sitt m\u00f8te med det harde storbykj\u00f8ret. Tekstene er et toveispeil der betraktningene f\u00e5r publikummet til \u00e5 r\u00f8dme og f\u00f8le seg personlig avkledd med et ransaket sinn, n\u00e5r han forteller om Oslo, om nattelivets mange fristelser, og om \u00e5 sjonglere med egen legning for \u00e5 fange lykken i romantikken. Livets stilltiende sannheter f\u00e5r du servert i fleisen, med spirituelle undertekster og psykedeliske overtoner, av eit velsmurt band best\u00e5ende av fem bereiste bygdiser med noe rusk i maskineriet.<\/p>\n<p><!--more--><\/p>\n<p>Debutalbum fra bandet SVARTEPER.<\/p>\n<h4>En bygdis fra k\u00e5bb\u00e5ilandet<\/h4>\n<p>Denne banden steller i stand et jovialt lurveleven\u00a0 uten like, med et anerkjennende musikalsk nikk til gamle helter,\u00a0 n\u00e5r de smeller av visene til Herman Kvelprud, en bygdis fra k\u00e5bb\u00e5ilandet i Norge, n\u00e6rmere bestemt det ville vesten p\u00e5 \u00c5l i Hallingdal. En eremitt som skriver pseudopersonlige sanger fra et fargesprakende ungt levd liv, om det er fra tida som landeveiboms eller bygdisen sitt m\u00f8te med det harde storbykj\u00f8ret. Tekstene er et toveispeil der betraktningene f\u00e5r publikummet til \u00e5 r\u00f8dme og f\u00f8le seg personlig avkledd med et ransaket sinn, n\u00e5r han forteller om Oslo, om nattelivets mange fristelser, og om \u00e5 sjonglere med egen legning for \u00e5 fange lykken i romantikken. Livets stilltiende sannheter f\u00e5r du servert i fleisen, med spirituelle undertekster og psykedeliske overtoner, av eit velsmurt band best\u00e5ende av fem bereiste bygdiser med noe rusk i maskineriet.<\/p>\n<h4>Barndomshelter p\u00e5 kassett<\/h4>\n<p>SVARTEPER kan ikke gjemme vekk barndomsheltene fra hjembygda eller lyrisk inspirasjon fra Jack Keuroac og Ragnar Hovland. Bandet har r\u00f8tter fra det ville vesten i Hallingdal, og er flasket opp med Hellbillies p\u00e5 kassett, Tolv Volt (Stein Torlef Bjella), p\u00e5 cd og hyppige bes\u00f8k av amerikanske slektninger, noe som har gitt varige m\u00e9n. <\/p>\n<p>Medlemmene i bandet kom sammen p\u00e5 et gammelt kunstnerloft i bakg\u00e5rden ved Crossroads i Oslogryta. De lusker stadig rundt i kuliseene i musikkmilj\u00f8et i Oslo, og jobber b\u00e5de p\u00e5 og av scenen sammen med artister som Jonas Alaska, Darling West, Valkyrien, Marit Larsen, Over the Trees, \u00d8rkenkj\u00f8tt, Wang og flere. <\/p>\n<p>Konseptalbumet \u00abSvevest\u00f8v\u00bb utgis av Grappa i mai 2016.\u00a0 Tuva Syvertsen, Erik Sollid, Magnus Larsen Jr, Tore Egil Kreken og Anders Heffre er med som gjestemusikere. Det er spilt inn hos B\u00e5rd Ingebrigtsen i Amper Tone studio og mastret av Georg Tander\u00f8 i Livingroom Studios.\u00a0 Det er et hardtsl\u00e5ende debutalbum med skranglete estetikk og et evangelium som ikke legger noe mellom linjene. TheShallowTree lager kunstverk til utgivelsen.<\/p>\n<p>SVARTEPER best\u00e5r av: Herman Kvelprud, gitarer og vokal. Terje Vester\u00f8y, gitarer og kor.<br \/>\nLars Jonas Bergo, tangenter og kor. Tobias Flottorp, baritone, bass og kor. Arne Steinar Myrvang, slagverk og kor.<\/p>\n<h4>Konserter<\/h4>\n<p>20.mai &#8211; House of Foundation (HOF), Moss<br \/>\n26.mai &#8211; Mir, Oslo &#8211; releasekonsert!<br \/>\n28.mai &#8211; Folkemusikkveka, \u00c5l. (releasekonsert \u00c5l)<br \/>\n02.juni &#8211; Buckleys, Oslo<br \/>\n30.juli &#8211; Hillbilly Huckfest, \u00c5l<br \/>\n20.august &#8211; H\u00f8len Kunst og bokcaf\u00e9, Vestby<\/p>\n<p><\/p>","protected":false},"excerpt":{"rendered":"<p>SVARTEPER l\u00e5ter som Stein Torleif Bjella p\u00e5 metroseksuell sopptur i storbyen, med Daniel Kvammens ungdommelige p\u00e5gangsmot, i dypdykk nedi den gamle platesamlinga til Hellbillies.<\/p>\n","protected":false},"featured_media":30072,"comment_status":"closed","ping_status":"open","template":"","meta":[],"product_brand":[],"product_cat":[35],"product_tag":[],"class_list":{"0":"post-30066","1":"product","2":"type-product","3":"status-publish","4":"has-post-thumbnail","6":"product_cat-heilo","7":"product_shipping_class-cddvd-shipping","8":"uni_artist_tag-anders-hefre","9":"uni_artist_tag-arne-steinar-myrvang","10":"uni_artist_tag-bard-ingebrigtsen","11":"uni_artist_tag-erik-sollid","12":"uni_artist_tag-erlend-lehland","13":"uni_artist_tag-herman-kvelprud","14":"uni_artist_tag-johan-sigmundstad","15":"uni_artist_tag-lars-jonas-bergo","16":"uni_artist_tag-magnus-larsen","17":"uni_artist_tag-marius-graff","18":"uni_artist_tag-svarteper","19":"uni_artist_tag-terje-vesteroy","20":"uni_artist_tag-tobias-flottorp-heltzer","21":"uni_artist_tag-tor-egil-kreken","22":"uni_artist_tag-tuva-livsdatter-syvertsen","23":"uni_main_artist_tag-svarteper","24":"uni_artist_genre-folk-music","25":"uni_artist_genre-rock","27":"first","28":"instock","29":"taxable","30":"shipping-taxable","31":"purchasable","32":"product-type-simple"},"_links":{"self":[{"href":"https:\/\/grappa.no\/no\/wp-json\/wp\/v2\/product\/30066","targetHints":{"allow":["GET"]}}],"collection":[{"href":"https:\/\/grappa.no\/no\/wp-json\/wp\/v2\/product"}],"about":[{"href":"https:\/\/grappa.no\/no\/wp-json\/wp\/v2\/types\/product"}],"replies":[{"embeddable":true,"href":"https:\/\/grappa.no\/no\/wp-json\/wp\/v2\/comments?post=30066"}],"wp:featuredmedia":[{"embeddable":true,"href":"https:\/\/grappa.no\/no\/wp-json\/wp\/v2\/media\/30072"}],"wp:attachment":[{"href":"https:\/\/grappa.no\/no\/wp-json\/wp\/v2\/media?parent=30066"}],"wp:term":[{"taxonomy":"product_brand","embeddable":true,"href":"https:\/\/grappa.no\/no\/wp-json\/wp\/v2\/product_brand?post=30066"},{"taxonomy":"product_cat","embeddable":true,"href":"https:\/\/grappa.no\/no\/wp-json\/wp\/v2\/product_cat?post=30066"},{"taxonomy":"product_tag","embeddable":true,"href":"https:\/\/grappa.no\/no\/wp-json\/wp\/v2\/product_tag?post=30066"}],"curies":[{"name":"wp","href":"https:\/\/api.w.org\/{rel}","templated":true}]}}