{"id":30063,"date":"1995-03-03T00:00:00","date_gmt":"1995-03-02T23:00:00","guid":{"rendered":"http:\/\/www.grappa.no\/albums\/uncategorized\/fartein-valen-concertos-instrumental-music\/"},"modified":"2019-02-22T15:52:20","modified_gmt":"2019-02-22T14:52:20","slug":"fartein-valen-concertos-instrumental-music","status":"publish","type":"product","link":"https:\/\/grappa.no\/no\/albums\/simax-classics\/fartein-valen-concertos-instrumental-music\/","title":{"rendered":"Fartein Valen Concertos &amp; Instrumental Music"},"content":{"rendered":"<p><\/p>\n<p>H\u00e5pets prinsipp<\/p>\n<p>Fartein Valen er en av v\u00e5re h\u00f8yest respekterte komponister og regnes i stor grad som en banebryter for moderne musikk i Norge. I sin gjennomlysning av den menneskelige tilstand \u2013 v\u00e5r conditio humana \u2013 trer Fartein Valen inn i sin tid som knapt noen annen samtidskomponist. Det er et overskudd over tid og ideologi, denne troens cantus firmus som forener Valen med de komponister som over tid og rom har gitt livsmot og h\u00e5p, som knytter ham til den store humanistiske tradisjon. Men det er i overskridelsen, i sin tjeneste som \u00e5ndelig veiviser at han har funnet en sentral plass i v\u00e5r \u00e5ndshistorie. <\/p>\n<p>Den \u00e5ndelige dimensjonen kommer s\u00e6rlig til uttrykk i hans Trio for fiolin, cello og piano, op. 5. Verket innvarsler en ny epoke i norsk instrumentalmusikk. Det utstr\u00e5ler en hittil ukjent emosjonell intensitet og konsentrasjon som forbindes med en forbausende strukturell logikk og klarhet. Fremf\u00f8rt av en rekke av v\u00e5re ledende musikere, orkestre og dirigenter, som Arve Tellefsen, Eva Knardahl, Christian Eggen og Oslo Filharmoniske Orkester, kommer Valens modernistiske, \u00e5ndelige og humanistiske uttrykk til sin rett i en rekke fantastiske verker som hans Fiolinkonsert, op. 37, Epithalamion, op. 19, eller An die Hoffnung, op. 18 nr. 2.<\/p>\n<p><!--more--><\/p>\n<h4><\/h4>\n<\/p>\n<h4><\/h4>\n<p><h4><\/h4>\n<\/p>\n<p><\/p>","protected":false},"excerpt":{"rendered":"<p>Et omfattende utvalg verker av den banebrytende norske modernistkomponisten, Fartein Valen, fremf\u00f8rt av en rekke ledende norske musikere, dirigenter og orkestre.<\/p>\n","protected":false},"featured_media":30069,"comment_status":"closed","ping_status":"open","template":"","meta":[],"product_brand":[],"product_cat":[180],"product_tag":[],"class_list":{"0":"post-30063","1":"product","2":"type-product","3":"status-publish","4":"has-post-thumbnail","6":"product_cat-simax-classics","7":"product_shipping_class-cddvd-shipping","8":"uni_artist_tag-aage-kvalbein","9":"uni_artist_tag-arve-tellefsen","10":"uni_artist_tag-bergen-philharmonic-orchestra","11":"uni_artist_tag-christian-eggen","12":"uni_artist_tag-eva-knardahl","13":"uni_artist_tag-fartein-valen","14":"uni_artist_tag-geir-henning-braaten","15":"uni_artist_tag-hege-waldeland","16":"uni_artist_tag-karsten-andersen","17":"uni_artist_tag-miltiades-caridis","18":"uni_artist_tag-norwegian-radio-orchestra","19":"uni_artist_tag-oslo-philharmonic-orchestra","20":"uni_artist_tag-stig-nilsson","21":"uni_artist_tag-the-norwegian-wind-quintet","22":"uni_main_artist_tag-arve-tellefsen","23":"uni_artist_genre-concerto","24":"uni_artist_genre-contemporary-music","25":"uni_artist_genre-orchestral","27":"first","28":"instock","29":"taxable","30":"shipping-taxable","31":"product-type-simple"},"_links":{"self":[{"href":"https:\/\/grappa.no\/no\/wp-json\/wp\/v2\/product\/30063","targetHints":{"allow":["GET"]}}],"collection":[{"href":"https:\/\/grappa.no\/no\/wp-json\/wp\/v2\/product"}],"about":[{"href":"https:\/\/grappa.no\/no\/wp-json\/wp\/v2\/types\/product"}],"replies":[{"embeddable":true,"href":"https:\/\/grappa.no\/no\/wp-json\/wp\/v2\/comments?post=30063"}],"wp:featuredmedia":[{"embeddable":true,"href":"https:\/\/grappa.no\/no\/wp-json\/wp\/v2\/media\/30069"}],"wp:attachment":[{"href":"https:\/\/grappa.no\/no\/wp-json\/wp\/v2\/media?parent=30063"}],"wp:term":[{"taxonomy":"product_brand","embeddable":true,"href":"https:\/\/grappa.no\/no\/wp-json\/wp\/v2\/product_brand?post=30063"},{"taxonomy":"product_cat","embeddable":true,"href":"https:\/\/grappa.no\/no\/wp-json\/wp\/v2\/product_cat?post=30063"},{"taxonomy":"product_tag","embeddable":true,"href":"https:\/\/grappa.no\/no\/wp-json\/wp\/v2\/product_tag?post=30063"}],"curies":[{"name":"wp","href":"https:\/\/api.w.org\/{rel}","templated":true}]}}