{"id":30062,"date":"1996-05-01T00:00:00","date_gmt":"1996-04-30T23:00:00","guid":{"rendered":"http:\/\/www.grappa.no\/albums\/uncategorized\/saeverud-complete-piano-music\/"},"modified":"2019-02-22T15:39:45","modified_gmt":"2019-02-22T14:39:45","slug":"saeverud-complete-piano-music","status":"publish","type":"product","link":"https:\/\/grappa.no\/no\/albums\/simax-classics\/saeverud-complete-piano-music\/","title":{"rendered":"S\u00e6verud: Complete Piano Music"},"content":{"rendered":"<p><\/p>\n<p>Harald S\u00e6veruds komplette verker for piano<\/p>\n<p>\u201cDet er hundrevis av melodier som venter p\u00e5 \u00e5 bli skrevet,\u201d sa Harald S\u00e6verud en gang. Virkelig, men det krever en eksepsjonell \u00e5rv\u00e5kenhet for \u00e5 fange dem, en \u00e5rv\u00e5kenhet som S\u00e6verud besatte i uvanlig stor grad. Han hadde evnen til \u00e5 se og h\u00f8re ting som unnslipper de fleste av oss. Alt i hans musikk er i stor grad hans egen: de angul\u00e6re melodiske formene, hans harmoniske spr\u00e5k, hans behandling av rytmikk og hans unike orkestrering. S\u00e6veruds musikk kan ofte v\u00e6re smertelig vakker, men han nekter \u00e5 innynde oss for lenge: han plasserer lytteren som mottaker av livets og naturens impulser \u2013 det vakre, men ogs\u00e5 det uforsonlige, det groteske, det morsomme og det stygge. <\/p>\n<p>Harald S\u00e6verud er av mange ansett som den viktigste og mest distinkte komponisten fra Norge siden Edvard Grieg, og som symfonisk komponist er det ingen fra hans hjemland som kan utfordre hans posisjon. Likevel, han skrev en rekke verk for piano \u2013 en annen side av hans verkliste som inneholder noen av hans mest popul\u00e6re komposisjoner. P\u00e5 dette 3CD-albumet har pianist Einar R\u00f8ttingen samlet og spilt inn alle komponistens pianoverker. <\/p>\n<p>Fremveksten av en ny generasjon av dedikerte fortolkere, som Einar R\u00f8ttingen, er helt essensielt for \u00f8kningen dedikerte lyttere av S\u00e6veruds musikk. Einar R\u00f8ttingen ble f\u00f8dt i Bergen og har siden sin anerkjente debut i 1987 v\u00e6rt solist med Bergen Filharmoniske Orkester og S\u00f8nderjylland Symfoniorkester. Hans fremf\u00f8ringer reflekterer hans omfattende interesse for musikk fra ulike stiler og perioder, med en spesiell entusiasme for samtidsmusikk. B\u00e5de som ut\u00f8ver og pedagog utmerker R\u00f8ttingen seg med en sterk trang til \u00e5 kommunisere nye veier innenfor repertoar s\u00e5 vel som undervisning. Som en kritiker har skrevet: \u00abhan har som f\u00e5 andre en evne til \u00e5 identifisere seg med musikken.\u00bb<\/p>\n<p><!--more--><\/p>\n<h4><\/h4>\n<\/p>\n<h4><\/h4>\n<p><h4><\/h4>\n<\/p>\n<p><\/p>","protected":false},"excerpt":{"rendered":"<p>Harald S\u00e6veruds smertelige vakre pianomusikk, formidlet av en av pianistene som kjenner ham best; Einar R\u00f8ttingen.<\/p>\n","protected":false},"featured_media":30068,"comment_status":"closed","ping_status":"open","template":"","meta":[],"product_brand":[],"product_cat":[180],"product_tag":[],"class_list":{"0":"post-30062","1":"product","2":"type-product","3":"status-publish","4":"has-post-thumbnail","6":"product_cat-simax-classics","7":"product_shipping_class-cddvd-shipping","8":"uni_artist_tag-arne-akselberg","9":"uni_artist_tag-einar-rottingen","10":"uni_artist_tag-harald-saeverud","11":"uni_artist_tag-jorn-pedersen","12":"uni_main_artist_tag-einar-rottingen","13":"uni_artist_genre-complete","14":"uni_artist_genre-norwegian","15":"uni_artist_genre-piano","16":"uni_artist_genre-solo","18":"first","19":"instock","20":"taxable","21":"shipping-taxable","22":"product-type-simple"},"_links":{"self":[{"href":"https:\/\/grappa.no\/no\/wp-json\/wp\/v2\/product\/30062","targetHints":{"allow":["GET"]}}],"collection":[{"href":"https:\/\/grappa.no\/no\/wp-json\/wp\/v2\/product"}],"about":[{"href":"https:\/\/grappa.no\/no\/wp-json\/wp\/v2\/types\/product"}],"replies":[{"embeddable":true,"href":"https:\/\/grappa.no\/no\/wp-json\/wp\/v2\/comments?post=30062"}],"wp:featuredmedia":[{"embeddable":true,"href":"https:\/\/grappa.no\/no\/wp-json\/wp\/v2\/media\/30068"}],"wp:attachment":[{"href":"https:\/\/grappa.no\/no\/wp-json\/wp\/v2\/media?parent=30062"}],"wp:term":[{"taxonomy":"product_brand","embeddable":true,"href":"https:\/\/grappa.no\/no\/wp-json\/wp\/v2\/product_brand?post=30062"},{"taxonomy":"product_cat","embeddable":true,"href":"https:\/\/grappa.no\/no\/wp-json\/wp\/v2\/product_cat?post=30062"},{"taxonomy":"product_tag","embeddable":true,"href":"https:\/\/grappa.no\/no\/wp-json\/wp\/v2\/product_tag?post=30062"}],"curies":[{"name":"wp","href":"https:\/\/api.w.org\/{rel}","templated":true}]}}