{"id":30045,"date":"2004-08-16T00:00:00","date_gmt":"2004-08-15T23:00:00","guid":{"rendered":"http:\/\/www.grappa.no\/albums\/uncategorized\/northern-delights\/"},"modified":"2025-08-14T14:35:27","modified_gmt":"2025-08-14T13:35:27","slug":"northern-delights","status":"publish","type":"product","link":"https:\/\/grappa.no\/no\/albums\/simax-classics\/northern-delights\/","title":{"rendered":"Northern Delights"},"content":{"rendered":"<p><\/p>\n<p>Den glemte nordiske Barokkmusikken<\/p>\n<p>Hvem skriver musikkhistorien? Hvilke komponister og verk trekkes frem i lyset, og hvilken musikk blir glemt? Det beste t\u00e5ler tidens tann, og det andre blir oversett. Barokkmusikk fra Norge, Sverige og Danmark blir sjelden fremhevet som viktig og banebrytende. At den likevel spilte en stor rolle for datidens mennesker, vet vi, og det gjelder ikke bare for dem som hadde god r\u00e5d. Den var popul\u00e6r og utbredt i store deler av befolkningen, og melodier og vendinger slo rot og p\u00e5virket tradisjonsmusikk og folkemusikk. En ting er helt sikkert: Skandinavia n\u00f8t et rikt musikkliv p\u00e5 1600- og 1700-tallet, og denne CDen dokumenterer en liten del av det.<\/p>\n<p>Northern Delights henter stoff fra b\u00e5de trykte og h\u00e5ndskrevne kilder, sirlige og n\u00f8yaktige musikktrykk og manuskripter av profesjonelle komponister og musikere som Roman, Agrell og R\u00e6hs, hundrevis av sm\u00e5stykker samlet og nedskrevet av kj\u00f8pmann Jacob Mestmacher fra Bergen og nesten uleselige suiter av praktisk talt ukjente Francesco Ruffo. Best\u00e5ende av Hans Olav Gorset, en pioner innenfor tidligmusikkbevegelsen i Norge, og Karen Bruce, en av Skandinavias mest ettertraktede gambister, i tillegg til Vegard Lund p\u00e5 lutt, theorbe og barokkgitar, og Urban Westerlund p\u00e5 cembalo, har Nordisk Barokk Kvartett jevnlig spilt ved festivaler og avholdt konserter i Sverige, Danmark, Norge og Finland siden sin dannelse i 1996. Kvartetten har opparbeidet seg et stort repertoar med musikk av sentrale europeiske komponister fra barokken, med m\u00e5l om \u00e5 vise musikalske forbindelseslinjer fra Sentral-Europa til Skandinavia.<\/p>\n<p><!--more--><\/p>\n<h4><\/h4>\n<h4><\/h4>\n<h4><\/h4>\n<p><\/p>","protected":false},"excerpt":{"rendered":"<p>Den glemte, men likevel veldig popul\u00e6re musikken fra 1600- og 1700-tallets Skandinavia, hentes frem av noen av v\u00e5r tids ledende musikere innenfor tidligmusikkbevegelsen.<\/p>\n","protected":false},"featured_media":30046,"comment_status":"closed","ping_status":"closed","template":"","meta":[],"product_brand":[],"product_cat":[180],"product_tag":[],"class_list":{"0":"post-30045","1":"product","2":"type-product","3":"status-publish","4":"has-post-thumbnail","6":"product_cat-simax-classics","7":"product_shipping_class-cddvd-shipping","8":"uni_artist_tag-fancesco-ruffo","9":"uni_artist_tag-johan-agrell","10":"uni_artist_tag-johann-helmich-roman","11":"uni_artist_tag-martin-raehs","12":"uni_artist_tag-norwegian-baroque-quartet","13":"uni_artist_tag-thilo-reinhard","14":"uni_main_artist_tag-norwegian-baroque-quartet","15":"uni_artist_genre-chamber-music","16":"uni_artist_genre-early-music","17":"uni_artist_genre-scandinavian","18":"uni_artist_genre-world-premiere-recording","20":"first","21":"outofstock","22":"taxable","23":"shipping-taxable","24":"purchasable","25":"product-type-simple"},"_links":{"self":[{"href":"https:\/\/grappa.no\/no\/wp-json\/wp\/v2\/product\/30045","targetHints":{"allow":["GET"]}}],"collection":[{"href":"https:\/\/grappa.no\/no\/wp-json\/wp\/v2\/product"}],"about":[{"href":"https:\/\/grappa.no\/no\/wp-json\/wp\/v2\/types\/product"}],"replies":[{"embeddable":true,"href":"https:\/\/grappa.no\/no\/wp-json\/wp\/v2\/comments?post=30045"}],"wp:featuredmedia":[{"embeddable":true,"href":"https:\/\/grappa.no\/no\/wp-json\/wp\/v2\/media\/30046"}],"wp:attachment":[{"href":"https:\/\/grappa.no\/no\/wp-json\/wp\/v2\/media?parent=30045"}],"wp:term":[{"taxonomy":"product_brand","embeddable":true,"href":"https:\/\/grappa.no\/no\/wp-json\/wp\/v2\/product_brand?post=30045"},{"taxonomy":"product_cat","embeddable":true,"href":"https:\/\/grappa.no\/no\/wp-json\/wp\/v2\/product_cat?post=30045"},{"taxonomy":"product_tag","embeddable":true,"href":"https:\/\/grappa.no\/no\/wp-json\/wp\/v2\/product_tag?post=30045"}],"curies":[{"name":"wp","href":"https:\/\/api.w.org\/{rel}","templated":true}]}}