{"id":29821,"date":"2010-09-20T00:00:00","date_gmt":"2010-09-19T23:00:00","guid":{"rendered":"http:\/\/www.grappa.no\/no\/albums\/ukategorisert\/mats-eilertsen-trio-elegy\/"},"modified":"2018-08-30T09:06:04","modified_gmt":"2018-08-30T08:06:04","slug":"mats-eilertsen-trio-elegy","status":"publish","type":"product","link":"https:\/\/grappa.no\/no\/albums\/hubro\/mats-eilertsen-trio-elegy\/","title":{"rendered":"Mats Eilertsen Trio: Elegy"},"content":{"rendered":"<p><\/p>\n<p>F\u00f8rste m\u00f8te<\/p>\n<p>Elegy er resultatet av et eventyrlig f\u00f8rste m\u00f8te mellom tre musikere med en stor felles kj\u00e6rlighet for \u00e5 spille musikk uten \u00e5 sette noen begrensninger, men med entusiasme, driv og glimt i \u00f8yet. <\/p>\n<p>Bassist, komponist- og bandleder Mats Eilertsen (f. 1975) er sv\u00e6rt aktiv og i slag for tiden. Han har turnert flittig med Tord Gustavsen Ensemble det siste \u00e5ret, reist p\u00e5 festivaler i det ganske land med sin egen `Radio Yonder\u00b4 (HUBROCD2501) -kvartett og f\u00e5tt tid til \u00e5 spille konserter i Europa og S\u00f8r-Amerika med artister som Wolfert Brederode og Yuri Honing.<br \/>\nDenne h\u00f8sten bidrar han dessuten p\u00e5 flere album, bl.a \u00a0Vigleik Storaas\u00b4`Open Ears\u00b4, Trondheim Jazzorkester feat Joshua Redman og p\u00e5 et album med den iranske sangerinnen Mahsa Vadaat.<br \/>\n\u00a0P\u00e5 \u201dElegy\u201d, hans femte album i eget navn, m\u00f8ter vi ham med en splitter ny pianotrio. Den spennende pianisten Harmen Fraanje (f. 1976, Roosendaal, Nederland) spiller i flere av sitt hjemlands mest popul\u00e6re jazzgrupper og begynner ogs\u00e5 \u00e5 f\u00e5 et betydelig navn internasjonalt. Han er en pianist som kombinerer det lyriske, viruose og det intuitive p\u00e5 mesterlig vis. Harmen besitter utvilsomt en smittsom entusiasme i sitt spill.<\/p>\n<p>Den oppfinnsomme trommeslagen Thomas Str\u00f8nen (f. 1972) og Mats Eilertsen har en lang historie sammen fra grupper som Maria Kannegaard Trio, FOOD, Parish og Anders Aarum Trio, og det h\u00f8res.<br \/>\nDet er vanskelig \u00e5 finne skillelinjene mellom komponert l\u00e5tmateriale og frie improvisasjoner her, og samspillet mellom de tre sl\u00e5r virkelig gnister. Spennet er stort, fra lyriske passasjer til improviserte strekk, men lekenheten g\u00e5r som en r\u00f8d tr\u00e5d gjennom hele albumet.<\/p>\n<p>Elegy ble spilt inn i Galleri Festiviteten, Eidsvoll Verk i oktober 2009 og mikset i Rainbow Studios av Jan Erik Kongshaug.<\/p>\n<p><!--more--><\/p>\n<p>Elegy er resultatet av et eventyrlig f\u00f8rste m\u00f8te mellom tre musikere med en stor felles kj\u00e6rlighet for \u00e5 spille musikk uten \u00e5 sette noen begrensninger, men med entusiasme, driv og glimt i \u00f8yet.<\/p>\n<h4>Ny trio<\/h4>\n<p>P\u00e5 \u201dElegy\u201d, hans femte album i eget navn, m\u00f8ter vi ham med en splitter ny pianotrio. Den spennende pianisten Harmen Fraanje (f. 1976, Roosendaal, Nederland) spiller i flere av sitt hjemlands mest popul\u00e6re jazzgrupper og begynner ogs\u00e5 \u00e5 f\u00e5 et betydelig navn internasjonalt. Han er en pianist som kombinerer det lyriske, viruose og det intuitive p\u00e5 mesterlig vis. Harmen besitter utvilsomt en smittsom entusiasme i sitt spill.\u2028\u2028Den oppfinnsomme trommeslagen Thomas Str\u00f8nen (f. 1972) og Mats Eilertsen har en lang historie sammen fra grupper som Maria Kannegaard Trio, FOOD, Parish og Anders Aarum Trio, og det h\u00f8res.<br \/>\nDet er vanskelig \u00e5 finne skillelinjene mellom komponert l\u00e5tmateriale og frie improvisasjoner her, og samspillet mellom de tre sl\u00e5r virkelig gnister. Spennet er stort, fra lyriske passasjer til improviserte strekk, men lekenheten g\u00e5r som en r\u00f8d tr\u00e5d gjennom hele albumet. Elegy ble spilt inn i Galleri Festiviteten, Eidsvoll Verk i oktober 2009 og mikset i Rainbow Studios av Jan Erik Kongshaug.<\/p>\n<h4><\/h4>\n<p><h4><\/h4>\n<\/p>\n<p><\/p>","protected":false},"excerpt":{"rendered":"<p>Elegy er resultatet av et eventyrlig f\u00f8rste m\u00f8te mellom tre musikere med en stor felles kj\u00e6rlighet for \u00e5 spille musikk uten \u00e5 sette noen begrensninger, men med entusiasme, driv og glimt i \u00f8yet.<\/p>\n","protected":false},"featured_media":29822,"comment_status":"closed","ping_status":"open","template":"","meta":[],"product_brand":[],"product_cat":[36],"product_tag":[],"class_list":{"0":"post-29821","1":"product","2":"type-product","3":"status-publish","4":"has-post-thumbnail","6":"product_cat-hubro","7":"product_shipping_class-cddvd-shipping","8":"uni_artist_tag-harmen-fraanje","9":"uni_artist_tag-mats-eilertsen","10":"uni_artist_tag-mats-eilertsen-trio","11":"uni_artist_tag-miles-davis","12":"uni_artist_tag-thomas-stronen","13":"uni_main_artist_tag-mats-eilertsen-trio","14":"uni_artist_genre-improvised-music","15":"uni_artist_genre-instrumental","16":"uni_artist_genre-jazz","18":"first","19":"instock","20":"taxable","21":"shipping-taxable","22":"purchasable","23":"product-type-simple"},"_links":{"self":[{"href":"https:\/\/grappa.no\/no\/wp-json\/wp\/v2\/product\/29821","targetHints":{"allow":["GET"]}}],"collection":[{"href":"https:\/\/grappa.no\/no\/wp-json\/wp\/v2\/product"}],"about":[{"href":"https:\/\/grappa.no\/no\/wp-json\/wp\/v2\/types\/product"}],"replies":[{"embeddable":true,"href":"https:\/\/grappa.no\/no\/wp-json\/wp\/v2\/comments?post=29821"}],"wp:featuredmedia":[{"embeddable":true,"href":"https:\/\/grappa.no\/no\/wp-json\/wp\/v2\/media\/29822"}],"wp:attachment":[{"href":"https:\/\/grappa.no\/no\/wp-json\/wp\/v2\/media?parent=29821"}],"wp:term":[{"taxonomy":"product_brand","embeddable":true,"href":"https:\/\/grappa.no\/no\/wp-json\/wp\/v2\/product_brand?post=29821"},{"taxonomy":"product_cat","embeddable":true,"href":"https:\/\/grappa.no\/no\/wp-json\/wp\/v2\/product_cat?post=29821"},{"taxonomy":"product_tag","embeddable":true,"href":"https:\/\/grappa.no\/no\/wp-json\/wp\/v2\/product_tag?post=29821"}],"curies":[{"name":"wp","href":"https:\/\/api.w.org\/{rel}","templated":true}]}}