{"id":29820,"date":"2016-04-15T00:00:00","date_gmt":"2016-04-14T23:00:00","guid":{"rendered":"http:\/\/www.grappa.no\/no\/albums\/ukategorisert\/octophonia\/"},"modified":"2019-02-22T16:05:46","modified_gmt":"2019-02-22T15:05:46","slug":"octophonia","status":"publish","type":"product","link":"https:\/\/grappa.no\/no\/albums\/simax-classics\/octophonia\/","title":{"rendered":"Octophonia"},"content":{"rendered":"<p><\/p>\n<p>Kontrabassist i verdensklasse slipper sitt 6. soloalbum.<\/p>\n<p>Dan Styffe, en av verdens mest anerkjente kontrabassister, fremf\u00f8rer verker av Arne Nordheim, Ingvar Lidholm, Witold Lutoslawski og Aulis Sallinen. Nordheims verk utgj\u00f8r en kjerne p\u00e5 \u00abOctophonia\u00bb, der Styffe har sammenstilt musikk for kontrabass med legendariske Tenebrae for cello, tilpasset kontrabassens egenskaper. Musikken er skrevet av komponister som er eller var samtidige med Nordheim og p\u00e5 ulike m\u00e5ter knytter seg til hans virke. Eterisk og dr\u00f8mmeaktig, ettertenksom og dvelende, til det dirrende metalliske og \u00e5pne. Et stykke moderne klangkunst hvor en av de ledende kontrabassistene f\u00e5r vise ikke bare sine egne mesterlige ferdigheter, men ogs\u00e5 kontrabassens unike klangmuligheter.<\/p>\n<p><!--more--><\/p>\n<p>\u00abDan Styffe is easily one of the top international soloists on his instrument and a major force in contemporary music,\u00bb skrev magasinet Bass World om en av Norges mest anerkjente kontrabassisters forrige album \u00abSecret Memories\u00bb. \u00abOctophonia\u00bb er Dan Styffes sjette soloalbum.<\/p>\n<h4>Seks kontrabasser!<\/h4>\n<p>Arne Nordheim gjorde seg sterkt bemerket som komponist, skribent og musikkpolitiker, og var en frontfigur for den norske musikalske etterkrigsmodernismen. \u00abClamavi\u00bb (1980), inspirert av en bibelsk salme, et rop om hjelp som deler verden inn i gode og onde mennesker og hensikter, \u00abPartita\u00bb (1982), skrevet for den uvanlige besetningen seks kontrabasser \u2013 fremf\u00f8rt av Styffe og flere av hans elever, samt H\u00e5kon Thelin \u2013 og \u00abTre avsnitt for kontrabass alene\u00bb (1998), en destillasjon av mange \u00e5rs arbeid med orkesterklanger ned i tre sm\u00e5 fortellinger, er alle fremf\u00f8rt p\u00e5 \u00abOctophonia\u00bb.<\/p>\n<h4>Lidholm, Lutoslawski &amp; Sallinen<\/h4>\n<p>Ingvar Lidholm var en av flere komponister Nordheim studerte privat med. Hans \u00abFantasia sopra laudi\u00bb (1977) har et uvanlig organisk notebilde som \u00e5pner store, lyse, hellige rom. Sammen med Ingrid Andsnes fremf\u00f8rer Styffe ogs\u00e5 \u00abGrave: Metamorphoses for cello and piano\u00bb (1981) av Witold Lutoslawski \u2013 en komponist som med sine klangflateteknikker skulle bli en viktig inspirasjonskilde for Nordheim. I likhet med Nordheim er ogs\u00e5 Aulis Sallinen en komponist med et sosialt og politisk engasjement for musikk ut over det rent estetiske. Styffe fremf\u00f8rer hans \u00abElegi for Sebastian Knight\u00bb (1964), et verk som representerer en vending i komponistens praksis tilbake til en ekspressiv, fri tonalitet.<\/p>\n<h4>Kontrabassist i verdensklasse slipper sitt 6. soloalbum<\/h4>\n<p>Dan Styffe, opprinnelig f\u00f8dt i Sverige, har gjennom hele sin karriere v\u00e6rt etablert i Norge, og er en sentral figur i norsk musikkliv. Etter studier med G\u00f6ran Nyberg, Knut Guettler og Gary Karr, gjorde han sin solodebut i 1985 og har siden den tid v\u00e6rt en ettertraktet solist og kammermusiker over hele verden. Styffe er jurymedlem i internasjonale konkurranser og ved flere anledninger medvirket p\u00e5 internasjonale conventions. I dag er han professor ved Norges musikkh\u00f8gskole og ved Barratt Dues Musikkinstitutt. Styffes diskografi er omfattende, med en rekke CD-utgivelser og flere soloplater til str\u00e5lende kritikker liggende bak seg. \u00abOctophonia\u00bb er hans sjette soloalbum.<\/p>\n<p><\/p>","protected":false},"excerpt":{"rendered":"<p>\u2013 Styffes lyriske virtuositet sikrer produksjonen av en silkeaktig klang du ikke venter \u00e5 h\u00f8re fra en bass [Martin Anderson\/Klassisk Musikkmagasin]<\/p>\n","protected":false},"featured_media":28967,"comment_status":"closed","ping_status":"open","template":"","meta":[],"product_brand":[],"product_cat":[180],"product_tag":[],"class_list":{"0":"post-29820","1":"product","2":"type-product","3":"status-publish","4":"has-post-thumbnail","6":"product_cat-simax-classics","7":"product_shipping_class-cddvd-shipping","8":"uni_artist_tag-arne-nordheim","9":"uni_artist_tag-aulis-sallinen","10":"uni_artist_tag-dan-styffe","11":"uni_artist_tag-erik-gard-amundsen","12":"uni_artist_tag-eskild-abelseth","13":"uni_artist_tag-hakon-thelin","14":"uni_artist_tag-ingrid-andsnes","15":"uni_artist_tag-ingvar-lidholm","16":"uni_artist_tag-jon-asnes","17":"uni_artist_tag-karol-ciesluk","18":"uni_artist_tag-mathias-sunde-valseth","19":"uni_artist_tag-witold-lutoslawski","20":"uni_main_artist_tag-dan-styffe","21":"uni_artist_genre-contemporary-music","22":"uni_artist_genre-strings","24":"first","25":"instock","26":"taxable","27":"shipping-taxable","28":"purchasable","29":"product-type-simple"},"_links":{"self":[{"href":"https:\/\/grappa.no\/no\/wp-json\/wp\/v2\/product\/29820","targetHints":{"allow":["GET"]}}],"collection":[{"href":"https:\/\/grappa.no\/no\/wp-json\/wp\/v2\/product"}],"about":[{"href":"https:\/\/grappa.no\/no\/wp-json\/wp\/v2\/types\/product"}],"replies":[{"embeddable":true,"href":"https:\/\/grappa.no\/no\/wp-json\/wp\/v2\/comments?post=29820"}],"wp:featuredmedia":[{"embeddable":true,"href":"https:\/\/grappa.no\/no\/wp-json\/wp\/v2\/media\/28967"}],"wp:attachment":[{"href":"https:\/\/grappa.no\/no\/wp-json\/wp\/v2\/media?parent=29820"}],"wp:term":[{"taxonomy":"product_brand","embeddable":true,"href":"https:\/\/grappa.no\/no\/wp-json\/wp\/v2\/product_brand?post=29820"},{"taxonomy":"product_cat","embeddable":true,"href":"https:\/\/grappa.no\/no\/wp-json\/wp\/v2\/product_cat?post=29820"},{"taxonomy":"product_tag","embeddable":true,"href":"https:\/\/grappa.no\/no\/wp-json\/wp\/v2\/product_tag?post=29820"}],"curies":[{"name":"wp","href":"https:\/\/api.w.org\/{rel}","templated":true}]}}