{"id":29800,"date":"2008-01-01T00:00:00","date_gmt":"2007-12-31T23:00:00","guid":{"rendered":"http:\/\/www.grappa.no\/no\/albums\/ukategorisert\/jan-gunnar-hoff-magma\/"},"modified":"2016-11-18T16:24:58","modified_gmt":"2016-11-18T15:24:58","slug":"jan-gunnar-hoff-magma","status":"publish","type":"product","link":"https:\/\/grappa.no\/no\/albums\/grappa\/jan-gunnar-hoff-magma\/","title":{"rendered":"Jan Gunnar Hoff: Magma"},"content":{"rendered":"<p><\/p>\n<p>Et nordisk sound i m\u00f8te med det beste fra USA og Europa.<\/p>\n<p>Bod\u00f8-pianisten og komponisten Jan Gunnar Hoff er beskrevet som en melodiker av rang. \u201dMAGMA\u201d byr p\u00e5 en spesiell miks av verdensdeler og musikalske uttrykk. Et nordisk sound i m\u00f8te med det beste fra USA og Europa. Musikken p\u00e5 platen er hentet fra Hoffs to bestillingsverk MAGMA og Free flow songs, skrevet til henholdsvis Nordland Musikkfestuke 2006 og Vossajazz 2005. <\/p>\n<p>Jan Gunnar Hoff har f\u00e5tt med seg et skikkelig stjernelag p\u00e5 platen. Fra hans faste band kommer Audun Kleive og Bj\u00f8rn Kjellemyr. Den legendariske gitaristen Mike Stern (USA) fra bandet til Miles Davis bidrar b\u00e5de med vakkert balladespill og et mer \u201crocka\u201d uttrykk. Samarbeidet mellom Hoff og Stern oppstod i 2006, da de urframf\u00f8rte verket MAGMA i Bod\u00f8 Spektrum. Maria Jo\u00e3o (Portugal) er \u00e9n av Portugals aller st\u00f8rste stjerner og har gitt ut flere egne plater, bl.a i samarbeid med pianisten Mario Laginha. P\u00e5 l\u00e5tene med Maria Jo\u00e3o medvirker ogs\u00e5 to av musikerne fra Voss 2005, Eivind Aarset (git) og Helge Norbakken (perk). Ikke minst er ogs\u00e5 Mathias Eicks (trp) fabelaktige trompetspill en b\u00e6rende kraft p\u00e5 MAGMA der han setter farge p\u00e5 de flere av l\u00e5tene.<\/p>\n<p><!--more--><\/p>\n<h4><\/h4>\n<\/p>\n<h4><\/h4>\n<p><h4><\/h4>\n<\/p>\n<p><\/p>","protected":false},"excerpt":{"rendered":"<p>Med musikere som Mike Stern, Mathias Eick, Eivind Aarset og Helge Norbakken, har Jan Gunnar Hoff et fantastisk stjernelag av musikere med seg p\u00e5 MAGMA.<\/p>\n","protected":false},"featured_media":29802,"comment_status":"closed","ping_status":"open","template":"","meta":[],"product_brand":[],"product_cat":[6],"product_tag":[],"class_list":{"0":"post-29800","1":"product","2":"type-product","3":"status-publish","4":"has-post-thumbnail","6":"product_cat-grappa","7":"product_shipping_class-cddvd-shipping","8":"uni_artist_tag-audun-kleive","9":"uni_artist_tag-bjorn-kjellemyr","10":"uni_artist_tag-eivind-aarset","11":"uni_artist_tag-helge-andreas-norbakken","12":"uni_artist_tag-jan-gunnar-hoff","13":"uni_artist_tag-maria-joao","14":"uni_artist_tag-mathias-eick","15":"uni_artist_tag-mike-stern","16":"uni_main_artist_tag-jan-gunnar-hoff","17":"uni_artist_genre-jazz","19":"first","20":"instock","21":"taxable","22":"shipping-taxable","23":"purchasable","24":"product-type-simple"},"_links":{"self":[{"href":"https:\/\/grappa.no\/no\/wp-json\/wp\/v2\/product\/29800","targetHints":{"allow":["GET"]}}],"collection":[{"href":"https:\/\/grappa.no\/no\/wp-json\/wp\/v2\/product"}],"about":[{"href":"https:\/\/grappa.no\/no\/wp-json\/wp\/v2\/types\/product"}],"replies":[{"embeddable":true,"href":"https:\/\/grappa.no\/no\/wp-json\/wp\/v2\/comments?post=29800"}],"wp:featuredmedia":[{"embeddable":true,"href":"https:\/\/grappa.no\/no\/wp-json\/wp\/v2\/media\/29802"}],"wp:attachment":[{"href":"https:\/\/grappa.no\/no\/wp-json\/wp\/v2\/media?parent=29800"}],"wp:term":[{"taxonomy":"product_brand","embeddable":true,"href":"https:\/\/grappa.no\/no\/wp-json\/wp\/v2\/product_brand?post=29800"},{"taxonomy":"product_cat","embeddable":true,"href":"https:\/\/grappa.no\/no\/wp-json\/wp\/v2\/product_cat?post=29800"},{"taxonomy":"product_tag","embeddable":true,"href":"https:\/\/grappa.no\/no\/wp-json\/wp\/v2\/product_tag?post=29800"}],"curies":[{"name":"wp","href":"https:\/\/api.w.org\/{rel}","templated":true}]}}