{"id":29400,"date":"2000-03-30T00:00:00","date_gmt":"2000-03-29T23:00:00","guid":{"rendered":"http:\/\/www.grappa.no\/no\/albums\/ukategorisert\/brahms-symphony-no-4-joachim-heinrich-iv-overture\/"},"modified":"2019-02-22T15:48:27","modified_gmt":"2019-02-22T14:48:27","slug":"brahms-symphony-no-4-joachim-heinrich-iv-overture","status":"publish","type":"product","link":"https:\/\/grappa.no\/no\/albums\/simax-classics\/brahms-symphony-no-4-joachim-heinrich-iv-overture\/","title":{"rendered":"Brahms Symphony no. 4 + Joachim Heinrich IV Overture"},"content":{"rendered":"<p><\/p>\n<p>Brahms st\u00f8rste prestasjon innen orkestermusikken.<\/p>\n<p>Brahms siste symfoni forvirret og forferdet hans beundrere da han f\u00f8rst pr\u00f8vde den ut i et arrangement for to hender med Ignaz Br\u00fcll. Skuffet over deres reaksjoner, forandret han likevel ingenting til dens f\u00f8rste fremf\u00f8ring i 1885 ved Meiningen. Like etter tok Meiningen Orkester symfonien med seg p\u00e5 turn\u00e9, og den ble raskt anerkjent for sin faktiske og oppsiktsvekkende verdi. Faktisk representerer Brahms fjerde symfoni hans h\u00f8yeste prestasjon innen orkestermusikken: et h\u00f8yst imponerende resultat av en livslang kamp for \u00e5 gjenopplive den strenge musikalske strukturen fra Barokken og smelte den sammen med de sterkt ladede lidenskapene fra hans egen \u2013 den Romantiske \u2013 era. <\/p>\n<p>En av de f\u00f8rste til \u00e5 dirigere Brahms fjerde symfoni etter Brahms selv, var Joseph Joachim \u2013 en stor forkjemper for Brahms musikk. Joachim h\u00f8rte til den f\u00f8rste Europeiske generasjonen som absorberte Shakespeare fra tidlig ungdomstid. Heinrich IV, etter Shakespeares Henry IV, var Joachims andre overtyre og skulle bli en stor favoritt hos Brahms selv. <\/p>\n<p>Mariss Jansons, tidligere sjefsdirigent ved Oslo Filharmoniske Orkester (1979-2000), er ansett som en av de mest framst\u00e5ende musikerne fra sin generasjon og en av de ledende dirigenter noensinne fra tidligere Sovjetunioen. Under hans ledelse har Oslo Filharmoniske Orkester blitt internasjonalt anerkjent som en av verdens fineste orkestre. Orkesteret har hatt stor suksess b\u00e5de p\u00e5 konsertscenen og i innspillingsstudioet.<\/p>\n<p><!--more--><\/p>\n<h4><\/h4>\n<\/p>\n<h4><\/h4>\n<p><h4><\/h4>\n<\/p>\n<p><\/p>","protected":false},"excerpt":{"rendered":"<p>Brahms fjerde symfoni representerer hans st\u00f8rste prestasjon innen orkestermusikken, en perfekt gjenoppliving av barokkens musikalske strukturer smeltet sammen med det romantiske uttrykk.<\/p>\n","protected":false},"featured_media":29404,"comment_status":"closed","ping_status":"open","template":"","meta":[],"product_brand":[],"product_cat":[180],"product_tag":[],"class_list":{"0":"post-29400","1":"product","2":"type-product","3":"status-publish","4":"has-post-thumbnail","6":"product_cat-simax-classics","7":"product_shipping_class-cddvd-shipping","8":"uni_artist_tag-johannes-brahms","9":"uni_artist_tag-joseph-joachim","10":"uni_artist_tag-krzysztof-drab","11":"uni_artist_tag-mariss-jansons","12":"uni_artist_tag-oslo-philharmonic-orchestra","13":"uni_main_artist_tag-oslo-philharmonic-orchestra","14":"uni_artist_genre-complete","15":"uni_artist_genre-orchestral","16":"uni_artist_genre-world-premiere-recording","18":"first","19":"instock","20":"taxable","21":"shipping-taxable","22":"purchasable","23":"product-type-simple"},"_links":{"self":[{"href":"https:\/\/grappa.no\/no\/wp-json\/wp\/v2\/product\/29400","targetHints":{"allow":["GET"]}}],"collection":[{"href":"https:\/\/grappa.no\/no\/wp-json\/wp\/v2\/product"}],"about":[{"href":"https:\/\/grappa.no\/no\/wp-json\/wp\/v2\/types\/product"}],"replies":[{"embeddable":true,"href":"https:\/\/grappa.no\/no\/wp-json\/wp\/v2\/comments?post=29400"}],"wp:featuredmedia":[{"embeddable":true,"href":"https:\/\/grappa.no\/no\/wp-json\/wp\/v2\/media\/29404"}],"wp:attachment":[{"href":"https:\/\/grappa.no\/no\/wp-json\/wp\/v2\/media?parent=29400"}],"wp:term":[{"taxonomy":"product_brand","embeddable":true,"href":"https:\/\/grappa.no\/no\/wp-json\/wp\/v2\/product_brand?post=29400"},{"taxonomy":"product_cat","embeddable":true,"href":"https:\/\/grappa.no\/no\/wp-json\/wp\/v2\/product_cat?post=29400"},{"taxonomy":"product_tag","embeddable":true,"href":"https:\/\/grappa.no\/no\/wp-json\/wp\/v2\/product_tag?post=29400"}],"curies":[{"name":"wp","href":"https:\/\/api.w.org\/{rel}","templated":true}]}}