{"id":29399,"date":"1999-10-21T00:00:00","date_gmt":"1999-10-20T23:00:00","guid":{"rendered":"http:\/\/www.grappa.no\/no\/albums\/ukategorisert\/brahms-symphonies-nos-2-3\/"},"modified":"2019-02-22T15:48:21","modified_gmt":"2019-02-22T14:48:21","slug":"brahms-symphonies-nos-2-3","status":"publish","type":"product","link":"https:\/\/grappa.no\/no\/albums\/simax-classics\/brahms-symphonies-nos-2-3\/","title":{"rendered":"Brahms Symphonies nos. 2 &amp; 3"},"content":{"rendered":"<p><\/p>\n<p>Det \u00b4Brahmske\u00b4 symfoniske ideal<\/p>\n<p>Johannes Brahms skrev sin andre symfoni i l\u00f8pet av sommeren 1877 og verket hadde sin uroppf\u00f8ring i Wien samme \u00e5r til storsl\u00e5tt publikumsuksess. Symfonien, som tradisjonelt anses som den mest geniale av Brahms fire, karakteriseres som et totalt \u00b4Bramhsk\u00b4 symfonisk ideal, mindre dramatisk og mer lyrisk. Den uttrykker en tydelig f\u00f8lelse av sorg og melankoli \u2013 s\u00e6rlig i Adagioen som kan karakteriseres som en meditasjon i det m\u00f8rkeste dypet av skogen \u2013 kontrastert med tredje satsens gledesf\u00f8lelse eller finalens triumferende, frigj\u00f8rende uttrykk. Hans tredje symfoni ble hovedsakelig skrevet seks \u00e5r senere og ble uroppf\u00f8rt samme \u00e5r av Hans Richter som beskrev den som \u00b4Brahms Eroica\u00b4. Ogs\u00e5 denne ble en umiddelbar publikumsuksess. Ved en s\u00e6rlig presis struktur med oppsiktsvekkende frihet og id\u00e9rikhet, er dette, av alle Brahms sine orkesterverker, verket hvor intstrumentfarge oftest brukes som et m\u00e5l i seg selv. <\/p>\n<p>Mariss Jansons, sjefdirigent ved Oslo Filharmoniske Orkester 1979-2000, er ansett som en av de mest framst\u00e5ende musikerne av sin generasjon. Han har gjort seg kjent over hele verden gjennom sine kritikerroste innspillinger, konserter og turneer, i tillegg til sine flertallige radio- og TV-opptredener. Oslo Filharmoniske Orkester er et av Norges ledende orkestre og har, under ledelse av Mariss Jansons, oppn\u00e5dd verdensomspennende anerkjennelse som et ensemble av h\u00f8yeste internasjonal kvalitet.<\/p>\n<p><!--more--><\/p>\n<h4><\/h4>\n<\/p>\n<h4><\/h4>\n<p><h4><\/h4>\n<\/p>\n<p><\/p>","protected":false},"excerpt":{"rendered":"<p>Mariss Jansons og Oslo Filharmoniske Orkester fremhever dybden i den lyriske genialiteten i Brahms andre og tredje symfoni. <\/p>\n<p>The world-recognized conductor Mariss Jansons and the Oslo Philharmonic Orchestra, give prominence to the lyrical geniality of Brahms\u00b4 second and third symphonies.<\/p>\n","protected":false},"featured_media":29403,"comment_status":"closed","ping_status":"open","template":"","meta":[],"product_brand":[],"product_cat":[180],"product_tag":[],"class_list":{"0":"post-29399","1":"product","2":"type-product","3":"status-publish","4":"has-post-thumbnail","6":"product_cat-simax-classics","7":"product_shipping_class-cddvd-shipping","8":"uni_artist_tag-johannes-brahms","9":"uni_artist_tag-krzysztof-drab","10":"uni_artist_tag-mariss-jansons","11":"uni_artist_tag-oslo-philharmonic-orchestra","12":"uni_main_artist_tag-mariss-jansons","13":"uni_artist_genre-complete","14":"uni_artist_genre-orchestral","16":"first","17":"instock","18":"taxable","19":"shipping-taxable","20":"product-type-simple"},"_links":{"self":[{"href":"https:\/\/grappa.no\/no\/wp-json\/wp\/v2\/product\/29399","targetHints":{"allow":["GET"]}}],"collection":[{"href":"https:\/\/grappa.no\/no\/wp-json\/wp\/v2\/product"}],"about":[{"href":"https:\/\/grappa.no\/no\/wp-json\/wp\/v2\/types\/product"}],"replies":[{"embeddable":true,"href":"https:\/\/grappa.no\/no\/wp-json\/wp\/v2\/comments?post=29399"}],"wp:featuredmedia":[{"embeddable":true,"href":"https:\/\/grappa.no\/no\/wp-json\/wp\/v2\/media\/29403"}],"wp:attachment":[{"href":"https:\/\/grappa.no\/no\/wp-json\/wp\/v2\/media?parent=29399"}],"wp:term":[{"taxonomy":"product_brand","embeddable":true,"href":"https:\/\/grappa.no\/no\/wp-json\/wp\/v2\/product_brand?post=29399"},{"taxonomy":"product_cat","embeddable":true,"href":"https:\/\/grappa.no\/no\/wp-json\/wp\/v2\/product_cat?post=29399"},{"taxonomy":"product_tag","embeddable":true,"href":"https:\/\/grappa.no\/no\/wp-json\/wp\/v2\/product_tag?post=29399"}],"curies":[{"name":"wp","href":"https:\/\/api.w.org\/{rel}","templated":true}]}}