{"id":29398,"date":"1998-12-03T00:00:00","date_gmt":"1998-12-02T23:00:00","guid":{"rendered":"http:\/\/www.grappa.no\/no\/albums\/ukategorisert\/igor-stravinsky-the-firebird-complete-ballet-%c2%b7-richard-strauss-till-eulenspiegel\/"},"modified":"2019-09-11T13:14:07","modified_gmt":"2019-09-11T12:14:07","slug":"igor-stravinsky-the-firebird-complete-ballet-%c2%b7-richard-strauss-till-eulenspiegel","status":"publish","type":"product","link":"https:\/\/grappa.no\/no\/albums\/simax-classics\/igor-stravinsky-the-firebird-complete-ballet-%c2%b7-richard-strauss-till-eulenspiegel\/","title":{"rendered":"Igor Stravinsky: The Firebird, complete ballet \u00b7 Richard Strauss: Till Eulenspiegel"},"content":{"rendered":"<p><\/p>\n<p>Mariss Jansons og Oslo-filharmonien live.<\/p>\n<p>Strauss&#8217; Till Eugenspiel, opprinnelig ment som en opera, baserer seg p\u00e5 den historiske figuren ved samme navn (hvis en slik person faktisk eksisterte), en 1300-talls bedragersk sk\u00f8yer som ved flere anledninger havnet i tr\u00f8bbel. Han presterte mer enn en gang \u00e5 gj\u00f8re seg d\u00f8dsd\u00f8mt, men med sitt skarpsinn var han mester i \u00e5 unng\u00e5 konsekvensene. I Strauss sin versjon, derimot, er han ikke like heldig. Stravinskys ballett \u00b4Ildfuglen\u00b4 dypdykker p\u00e5 sin side ned i magiske og mytiske riker. Balletten f\u00f8lger helten Prins Ivan som under en jakttur i skogen, forviller seg inn i det magiske riket til magikeren Kaschey. Inn i den forheksede hagen flyr ogs\u00e5 Ildfuglen, et storsl\u00e5tt vesen som skinner av lys, tett fulgt av Ivan. Fascinert av vesenet, er Ivan bestemt p\u00e5 \u00e5 fange henne. <\/p>\n<p>Mariss Jansons holdt stillingen som sjefsdirigent for Oslo Filharmoniske Orkester fra 1979 til 2000, et orkester han fremf\u00f8rte, spilte inn og turnerte med med h\u00f8y frekvens. Innspillinger av Tsjajkovskijs symfonier p\u00e5 1980-tallet skulle bli et stort internasjonalt gjennombrudd for Jansons og Oslo Filharmonien. Senere skulle mer enn 20 album over en ti\u00e5rsperiode motta str\u00e5lende kritikker fra musikkritikere verden over og motta flere priser. Denne innspillingen er b\u00e5de den f\u00f8rste konsertinnspillingen noen gang av Mariss Jansons og Oslo Filharmoniske Orkester.<\/p>\n<p><!--more--><\/p>\n<h4><\/h4>\n<\/p>\n<h4><\/h4>\n<p><h4><\/h4>\n<\/p>\n<p><\/p>","protected":false},"excerpt":{"rendered":"<p>Oslo Filharmoniske orkester, under ledelse av dirigent Mariss Jansons, fremf\u00f8rer Richard Strauss \u00b4Till Eugenspiegel lustige Streiche\u00b4 og Igor Stravinskys \u00b4Ildfuglen\u00b4.<\/p>\n","protected":false},"featured_media":29402,"comment_status":"closed","ping_status":"open","template":"","meta":[],"product_brand":[],"product_cat":[180],"product_tag":[],"class_list":{"0":"post-29398","1":"product","2":"type-product","3":"status-publish","4":"has-post-thumbnail","6":"product_cat-simax-classics","7":"product_shipping_class-cddvd-shipping","8":"uni_artist_tag-igor-stravinsky","9":"uni_artist_tag-krzysztof-drab","10":"uni_artist_tag-mariss-jansons","11":"uni_artist_tag-oslo-philharmonic-orchestra","12":"uni_artist_tag-richard-strauss","13":"uni_main_artist_tag-oslo-philharmonic-orchestra","14":"uni_artist_genre-ballet","15":"uni_artist_genre-orchestral","17":"first","18":"instock","19":"taxable","20":"shipping-taxable","21":"product-type-simple"},"_links":{"self":[{"href":"https:\/\/grappa.no\/no\/wp-json\/wp\/v2\/product\/29398","targetHints":{"allow":["GET"]}}],"collection":[{"href":"https:\/\/grappa.no\/no\/wp-json\/wp\/v2\/product"}],"about":[{"href":"https:\/\/grappa.no\/no\/wp-json\/wp\/v2\/types\/product"}],"replies":[{"embeddable":true,"href":"https:\/\/grappa.no\/no\/wp-json\/wp\/v2\/comments?post=29398"}],"wp:featuredmedia":[{"embeddable":true,"href":"https:\/\/grappa.no\/no\/wp-json\/wp\/v2\/media\/29402"}],"wp:attachment":[{"href":"https:\/\/grappa.no\/no\/wp-json\/wp\/v2\/media?parent=29398"}],"wp:term":[{"taxonomy":"product_brand","embeddable":true,"href":"https:\/\/grappa.no\/no\/wp-json\/wp\/v2\/product_brand?post=29398"},{"taxonomy":"product_cat","embeddable":true,"href":"https:\/\/grappa.no\/no\/wp-json\/wp\/v2\/product_cat?post=29398"},{"taxonomy":"product_tag","embeddable":true,"href":"https:\/\/grappa.no\/no\/wp-json\/wp\/v2\/product_tag?post=29398"}],"curies":[{"name":"wp","href":"https:\/\/api.w.org\/{rel}","templated":true}]}}