{"id":29381,"date":"1992-01-08T00:00:00","date_gmt":"1992-01-07T23:00:00","guid":{"rendered":"http:\/\/www.grappa.no\/no\/albums\/ukategorisert\/saeverud-piano-music\/"},"modified":"2019-02-22T15:37:13","modified_gmt":"2019-02-22T14:37:13","slug":"saeverud-piano-music","status":"publish","type":"product","link":"https:\/\/grappa.no\/no\/albums\/simax-classics\/saeverud-piano-music\/","title":{"rendered":"S\u00e6verud Piano Music"},"content":{"rendered":"<p><\/p>\n<p>En reise gjennom livet<\/p>\n<p>Harald S\u00e6verud har komponert ca. 50 spennende klaverstykker, og Jan Henrik Kayser har lagt stor vekt p\u00e5 utvalg og programsammensetning. Resultatet har nesten blitt som en reise gjennom livet \u2013 fra et barnlig og ungdommelig uttrykk i valsene, via s\u00e5rhet, lek, oppr\u00f8r, kamp, glede, \u00f8mhet og smerte, frem til opph\u00f8yd ro. Samtlige stykker er i \u00e5renes l\u00f8p grundig gjennomarbeidet med komponisten, samtidig som vi h\u00f8rer Kaysers egen musikalske hjertepuls i disse musikalske perlene fra mesteren p\u00e5 Siljust\u00f8l.<\/p>\n<p><!--more--><\/p>\n<h4><\/h4>\n<\/p>\n<h4><\/h4>\n<p><h4><\/h4>\n<\/p>\n<p><\/p>","protected":false},"excerpt":{"rendered":"<p>Jan Henrik Kayser fremf\u00f8rer over 20 musikalske perler av mesteren fra Siljust\u00f8l, Harald S\u00e6verud.<\/p>\n","protected":false},"featured_media":29383,"comment_status":"closed","ping_status":"open","template":"","meta":[],"product_brand":[],"product_cat":[180],"product_tag":[],"class_list":{"0":"post-29381","1":"product","2":"type-product","3":"status-publish","4":"has-post-thumbnail","6":"product_cat-simax-classics","7":"product_shipping_class-cddvd-shipping","8":"uni_artist_tag-harald-saeverud","9":"uni_artist_tag-jan-henrik-kayser","10":"uni_artist_tag-jorn-pedersen","11":"uni_main_artist_tag-jan-henrik-kayser","12":"uni_artist_genre-easy-listening","13":"uni_artist_genre-piano","15":"first","16":"instock","17":"taxable","18":"shipping-taxable","19":"purchasable","20":"product-type-simple"},"_links":{"self":[{"href":"https:\/\/grappa.no\/no\/wp-json\/wp\/v2\/product\/29381","targetHints":{"allow":["GET"]}}],"collection":[{"href":"https:\/\/grappa.no\/no\/wp-json\/wp\/v2\/product"}],"about":[{"href":"https:\/\/grappa.no\/no\/wp-json\/wp\/v2\/types\/product"}],"replies":[{"embeddable":true,"href":"https:\/\/grappa.no\/no\/wp-json\/wp\/v2\/comments?post=29381"}],"wp:featuredmedia":[{"embeddable":true,"href":"https:\/\/grappa.no\/no\/wp-json\/wp\/v2\/media\/29383"}],"wp:attachment":[{"href":"https:\/\/grappa.no\/no\/wp-json\/wp\/v2\/media?parent=29381"}],"wp:term":[{"taxonomy":"product_brand","embeddable":true,"href":"https:\/\/grappa.no\/no\/wp-json\/wp\/v2\/product_brand?post=29381"},{"taxonomy":"product_cat","embeddable":true,"href":"https:\/\/grappa.no\/no\/wp-json\/wp\/v2\/product_cat?post=29381"},{"taxonomy":"product_tag","embeddable":true,"href":"https:\/\/grappa.no\/no\/wp-json\/wp\/v2\/product_tag?post=29381"}],"curies":[{"name":"wp","href":"https:\/\/api.w.org\/{rel}","templated":true}]}}