{"id":29379,"date":"2007-03-19T00:00:00","date_gmt":"2007-03-18T23:00:00","guid":{"rendered":"http:\/\/www.grappa.no\/no\/albums\/ukategorisert\/taus\/"},"modified":"2016-11-18T16:35:11","modified_gmt":"2016-11-18T15:35:11","slug":"taus","status":"publish","type":"product","link":"https:\/\/grappa.no\/no\/albums\/heilo\/taus\/","title":{"rendered":"Taus"},"content":{"rendered":"<p><\/p>\n<p>Sterke felespillende kvinner.<\/p>\n<p>Listen over kjente spellemenn fra de forrige \u00e5rhundrer er lang, og domineres av menn. Kvinnelige felespillere derimot er i et f\u00e5tall, men i Nordfjord og p\u00e5 Sunnm\u00f8re har det tydeligvis levd noen unntak. Gjennom konsertforestillingen og Cden Taus presenterer spellemannsprisvinner (i klassen Folkemusikk 2007) Sigrdi Moldestad de glemte historiene om kvinnene i folkemusikken. Plata inneholder friske tolkninger av den tradisjonelle musikken samt nyskrevne sanger og l\u00e5ter av Moldestad, bl.a. Sangen \u00abSamuline\u00bb, som har markert seg som en radiohit og som i VG ble omtalt som \u00aben av \u00e5rets sterkeste l\u00e5topplevelser.\u00bb <\/p>\n<p>Taus handler om livfulle damer som ikke lar seg stoppe og som lar musikken f\u00e5 plass i en hverdag som for\u00f8vrig var preget av arbeid og plikter, n\u00f8d og fattigdom. Det handler om m\u00f8rke menn og makter som s\u00e5 en trussel i instrumentet, musikken og livsbegj\u00e6ret. 200 \u00e5r senere vokser Sigrid Moldestad fra Breim i Nordfjord opp med Honndalstausene, en gjeng damer som spiller fele. Felene er tilbake i kvinnehender i Nordfjord, og Sigrid h\u00f8rer stadig om Samuline Seljeset og andre kvinner som en gang for lenge siden forlot jordene hjemme og satte seg p\u00e5 hesten og dro p\u00e5 spilleferder.<\/p>\n<p><!--more--><\/p>\n<h4><\/h4>\n<\/p>\n<h4><\/h4>\n<p><h4><\/h4>\n<\/p>\n<p><\/p>","protected":false},"excerpt":{"rendered":"<p>\u2013 Eg h\u00e5par at Taus ogs\u00e5 kan minne oss p\u00e5 at det stadig fins stadar i verda der det ikkje s\u00f8mer seg for kvinner \u00e5 utfalde seg. [Sigrid Moldestad]<\/p>\n","protected":false},"featured_media":29380,"comment_status":"closed","ping_status":"open","template":"","meta":[],"product_brand":[],"product_cat":[35],"product_tag":[],"class_list":{"0":"post-29379","1":"product","2":"type-product","3":"status-publish","4":"has-post-thumbnail","6":"product_cat-heilo","7":"product_shipping_class-cddvd-shipping","8":"uni_artist_tag-anders-hall","9":"uni_artist_tag-arne-m-solvberg","10":"uni_artist_tag-arne-moslatten","11":"uni_artist_tag-jorgen-sandvik","12":"uni_artist_tag-magne-thormodsaether","13":"uni_artist_tag-olav-tveitane","14":"uni_artist_tag-sigbjorn-apeland","15":"uni_artist_tag-sigrid-moldestad","16":"uni_artist_tag-snorre-bjerck","17":"uni_artist_tag-trad","18":"uni_main_artist_tag-sigrid-moldestad","19":"uni_artist_genre-folk-music","21":"first","22":"outofstock","23":"taxable","24":"shipping-taxable","25":"purchasable","26":"product-type-simple"},"_links":{"self":[{"href":"https:\/\/grappa.no\/no\/wp-json\/wp\/v2\/product\/29379","targetHints":{"allow":["GET"]}}],"collection":[{"href":"https:\/\/grappa.no\/no\/wp-json\/wp\/v2\/product"}],"about":[{"href":"https:\/\/grappa.no\/no\/wp-json\/wp\/v2\/types\/product"}],"replies":[{"embeddable":true,"href":"https:\/\/grappa.no\/no\/wp-json\/wp\/v2\/comments?post=29379"}],"wp:featuredmedia":[{"embeddable":true,"href":"https:\/\/grappa.no\/no\/wp-json\/wp\/v2\/media\/29380"}],"wp:attachment":[{"href":"https:\/\/grappa.no\/no\/wp-json\/wp\/v2\/media?parent=29379"}],"wp:term":[{"taxonomy":"product_brand","embeddable":true,"href":"https:\/\/grappa.no\/no\/wp-json\/wp\/v2\/product_brand?post=29379"},{"taxonomy":"product_cat","embeddable":true,"href":"https:\/\/grappa.no\/no\/wp-json\/wp\/v2\/product_cat?post=29379"},{"taxonomy":"product_tag","embeddable":true,"href":"https:\/\/grappa.no\/no\/wp-json\/wp\/v2\/product_tag?post=29379"}],"curies":[{"name":"wp","href":"https:\/\/api.w.org\/{rel}","templated":true}]}}