{"id":29368,"date":"2003-03-10T00:00:00","date_gmt":"2003-03-09T23:00:00","guid":{"rendered":"http:\/\/www.grappa.no\/no\/albums\/ukategorisert\/contemporary-solo-double-bass-vol-3\/"},"modified":"2019-02-22T15:53:00","modified_gmt":"2019-02-22T14:53:00","slug":"contemporary-solo-double-bass-vol-3","status":"publish","type":"product","link":"https:\/\/grappa.no\/no\/albums\/simax-classics\/contemporary-solo-double-bass-vol-3\/","title":{"rendered":"Contemporary Solo Double Bass, vol.3"},"content":{"rendered":"<p><\/p>\n<p>Kontrabassens uforutsette muligheter<\/p>\n<p>Bj\u00f8rn Ianke var en av de musikerne som alltid s\u00f8kte etter \u00e5 utvikle seg, alltid p\u00e5 utkikk etter nye m\u00e5ter \u00e5 uttrykke seg p\u00e5. Gjennom sin professjonelle karriere jobbet han hardt for \u00e5 utvide sine evner og danne seg et st\u00f8rre repertoar for solo kontrabass. Iankes eminente teknikk, hans store kj\u00e6rlighet for instrumentet og hans intutivie musikalske forst\u00e5else var en betydelig inspirasjon for en rekke komponister. Arne Nordheim, Antonio Bilbao og Cecilie Ore er blant de som har skrevet spesielt for Ianke, utfordret og fascinert av de uforutsette mulighetene kontrabassen har f\u00e5tt i hans hender. <\/p>\n<p>P\u00e5 dette albumet fremf\u00f8rer Ianke verker av Arne Nordheim, \u00c5se Hedstr\u00f8m, Iannis Xenakis og Henrik Hellstenius. Poesi og drama bytter lynhurtig plass under Nordheims \u00abThree Stanzas for double bass alone\u00bb , og Ianke dimensjonerer ut tid og dynamikk i Hedstr\u00f8ms \u00abTouche for double bass\u00bb p\u00e5 en m\u00e5te som kan ta pusten fra en. I Xenakis \u00abTheraps\u00bb forsvinner n\u00e6rmest den massive kontrabassen i ut\u00f8verens hender n\u00e5r r\u00e5skapen med de tordnende utbruddene og voldsomme passasjene tar overh\u00e5nd, og Hellstenius \u00abEssays sur les temps double\u00bb fremf\u00f8res p\u00e5 en m\u00e5te som f\u00e5r kontrabassen til \u00e5 synge p\u00e5 en spesielt vakker m\u00e5te.<\/p>\n<p><!--more--><\/p>\n<h4><\/h4>\n<\/p>\n<h4><\/h4>\n<p><h4><\/h4>\n<\/p>\n<p><\/p>","protected":false},"excerpt":{"rendered":"<p>Bj\u00f8rn Iankes eminente teknikk, hans store kj\u00e6rlighet for instrumentet og hans intuitive musikalske forst\u00e5else har v\u00e6rt en stor inspirasjon for en rekke komponister.<\/p>\n","protected":false},"featured_media":29369,"comment_status":"closed","ping_status":"open","template":"","meta":[],"product_brand":[],"product_cat":[180],"product_tag":[],"class_list":{"0":"post-29368","1":"product","2":"type-product","3":"status-publish","4":"has-post-thumbnail","6":"product_cat-simax-classics","7":"product_shipping_class-cddvd-shipping","8":"uni_artist_tag-arne-nordheim","9":"uni_artist_tag-ase-hedstrom","10":"uni_artist_tag-bjorn-ianke","11":"uni_artist_tag-erik-gard-amundsen","12":"uni_artist_tag-henrik-hellstenius","13":"uni_artist_tag-iannis-xenakis","14":"uni_main_artist_tag-bjorn-ianke","15":"uni_artist_genre-avantgarde","16":"uni_artist_genre-contemporary-music","17":"uni_artist_genre-strings","19":"first","20":"instock","21":"taxable","22":"shipping-taxable","23":"purchasable","24":"product-type-simple"},"_links":{"self":[{"href":"https:\/\/grappa.no\/no\/wp-json\/wp\/v2\/product\/29368","targetHints":{"allow":["GET"]}}],"collection":[{"href":"https:\/\/grappa.no\/no\/wp-json\/wp\/v2\/product"}],"about":[{"href":"https:\/\/grappa.no\/no\/wp-json\/wp\/v2\/types\/product"}],"replies":[{"embeddable":true,"href":"https:\/\/grappa.no\/no\/wp-json\/wp\/v2\/comments?post=29368"}],"wp:featuredmedia":[{"embeddable":true,"href":"https:\/\/grappa.no\/no\/wp-json\/wp\/v2\/media\/29369"}],"wp:attachment":[{"href":"https:\/\/grappa.no\/no\/wp-json\/wp\/v2\/media?parent=29368"}],"wp:term":[{"taxonomy":"product_brand","embeddable":true,"href":"https:\/\/grappa.no\/no\/wp-json\/wp\/v2\/product_brand?post=29368"},{"taxonomy":"product_cat","embeddable":true,"href":"https:\/\/grappa.no\/no\/wp-json\/wp\/v2\/product_cat?post=29368"},{"taxonomy":"product_tag","embeddable":true,"href":"https:\/\/grappa.no\/no\/wp-json\/wp\/v2\/product_tag?post=29368"}],"curies":[{"name":"wp","href":"https:\/\/api.w.org\/{rel}","templated":true}]}}