{"id":29366,"date":"1997-11-27T00:00:00","date_gmt":"1997-11-26T23:00:00","guid":{"rendered":"http:\/\/www.grappa.no\/no\/albums\/ukategorisert\/mitt-navn-er-petter-dass\/"},"modified":"2016-11-18T16:34:33","modified_gmt":"2016-11-18T15:34:33","slug":"mitt-navn-er-petter-dass","status":"publish","type":"product","link":"https:\/\/grappa.no\/no\/albums\/simax-classics\/mitt-navn-er-petter-dass\/","title":{"rendered":"Mitt Navn er Petter Dass"},"content":{"rendered":"<p><\/p>\n<p>Sognepresten i Alstahaug<\/p>\n<p>P\u00e5 \u00abMit Navn er Petter Dass\u00bb g\u00e5r s\u00f8sknene Kari og Ola Bremnes sammen for \u00e5 sette toner til og fremf\u00f8re tekster, viser og dikt av teologen og dikteren Petter Dass. Dass, som gjennom mesteparten av sitt liv bodde i Nordland, var Sogneprest i Alstahaug, og er mest kjent for salmen \u00abHerre Gud! Dit Dyre Navn og \u00c6re\u00bb og det tidlige topografiske verket \u00abNordlands Trompet\u00bb som beskriver landsdelen. Kari og Ola Bremnes fremf\u00f8rer her en rekke andre tekster som \u00abVisen om Harald og hans s\u00f8nner\u00bb, en av de mange historiene vi finner i \u00abDen Nordiske Dalevise\u00bb, for \u00f8vrig den eneste teksten Petter Dass fikk p\u00e5 trykk mens han levde, den selvbiografiske \u00abPetter Dass\u00b4 klagesang\u00bb og \u00abPetters Jekteforlis\u00bb, om en av hans jekter som gikk ned med gods og gull \u2013 et fryktelig tap for skipperen p\u00e5 Alstahaug. <\/p>\n<p>Ola Bremnes har arbeidet mye med Petter Dass gjennom sin karriere, blant annet i oppsetningen \u00abV\u00e6r hilset!\u00bb (1995) som har v\u00e6rt fremf\u00f8rt p\u00e5 en rekke festivaler. Han fikk Spellemannprisen for \u00e5ret 2000 sammen med Kari og bror Lars Bremnes i klassen viser og viserock for \u00abSol\u00f8ye\u00bb. Kari Bremnes har gjennom en lang karriere etablert seg som en av de viktigste norske visesangere og musikere, og har gitt ut en rekke album b\u00e5de alene og i samarbeid med artister som Lars Klevestrand, Ole Paus og Mari Boine, vunnet flere priser og har en omfattende turn\u00e9virksomhet bak seg.<\/p>\n<p><!--more--><\/p>\n<h4><\/h4>\n<\/p>\n<h4><\/h4>\n<p><h4><\/h4>\n<\/p>\n<p><\/p>","protected":false},"excerpt":{"rendered":"<p class=\"qtranxs-available-languages-message qtranxs-available-languages-message-no\">Post is not available in the requested language<\/p>\n<p>The poetry of Petter Dass beautifully accompanied by music performed by Kari and Ola Bremnes.<\/p>\n","protected":false},"featured_media":29367,"comment_status":"closed","ping_status":"open","template":"","meta":[],"product_brand":[],"product_cat":[180],"product_tag":[],"class_list":{"0":"post-29366","1":"product","2":"type-product","3":"status-publish","4":"has-post-thumbnail","6":"product_cat-simax-classics","7":"product_shipping_class-cddvd-shipping","8":"uni_artist_tag-kari-bremnes","9":"uni_artist_tag-ola-bremnes","10":"uni_artist_tag-ole-olsen","11":"uni_artist_tag-sigvald-tveit","12":"uni_artist_tag-trad","13":"uni_main_artist_tag-kari-bremnes","14":"uni_artist_genre-chamber-music","15":"uni_artist_genre-singersongwriter","17":"first","18":"instock","19":"taxable","20":"shipping-taxable","21":"purchasable","22":"product-type-simple"},"_links":{"self":[{"href":"https:\/\/grappa.no\/no\/wp-json\/wp\/v2\/product\/29366","targetHints":{"allow":["GET"]}}],"collection":[{"href":"https:\/\/grappa.no\/no\/wp-json\/wp\/v2\/product"}],"about":[{"href":"https:\/\/grappa.no\/no\/wp-json\/wp\/v2\/types\/product"}],"replies":[{"embeddable":true,"href":"https:\/\/grappa.no\/no\/wp-json\/wp\/v2\/comments?post=29366"}],"wp:featuredmedia":[{"embeddable":true,"href":"https:\/\/grappa.no\/no\/wp-json\/wp\/v2\/media\/29367"}],"wp:attachment":[{"href":"https:\/\/grappa.no\/no\/wp-json\/wp\/v2\/media?parent=29366"}],"wp:term":[{"taxonomy":"product_brand","embeddable":true,"href":"https:\/\/grappa.no\/no\/wp-json\/wp\/v2\/product_brand?post=29366"},{"taxonomy":"product_cat","embeddable":true,"href":"https:\/\/grappa.no\/no\/wp-json\/wp\/v2\/product_cat?post=29366"},{"taxonomy":"product_tag","embeddable":true,"href":"https:\/\/grappa.no\/no\/wp-json\/wp\/v2\/product_tag?post=29366"}],"curies":[{"name":"wp","href":"https:\/\/api.w.org\/{rel}","templated":true}]}}