{"id":29317,"date":"2000-04-03T00:00:00","date_gmt":"2000-04-02T23:00:00","guid":{"rendered":"http:\/\/www.grappa.no\/no\/albums\/ukategorisert\/henrik-ibsen-terje-vigen\/"},"modified":"2018-06-18T11:32:27","modified_gmt":"2018-06-18T10:32:27","slug":"henrik-ibsen-terje-vigen","status":"publish","type":"product","link":"https:\/\/grappa.no\/no\/albums\/grappa\/henrik-ibsen-terje-vigen\/","title":{"rendered":"HENRIK IBSEN &#8211; TERJE VIGEN"},"content":{"rendered":"<p><\/p>\n<p>Terje Vigen<\/p>\n<p>Henrik Ibsen: Terje Vigen lest av Helge Jordal, til musikk av Ivar B\u00f8ksle<\/p>\n<p><!--more--><\/p>\n<h4><\/h4>\n<\/p>\n<h4><\/h4>\n<p><h4><\/h4>\n<\/p>\n<p><\/p>","protected":false},"excerpt":{"rendered":"<p>&#8216;Der bodde en underlig gr\u00e5spr\u00e6ngt en, p\u00e5 den yderste n\u00f8gne \u00f8&#8217;<\/p>\n","protected":false},"featured_media":29318,"comment_status":"closed","ping_status":"open","template":"","meta":[],"product_brand":[],"product_cat":[6],"product_tag":[],"class_list":{"0":"post-29317","1":"product","2":"type-product","3":"status-publish","4":"has-post-thumbnail","6":"product_cat-grappa","7":"product_shipping_class-cddvd-shipping","8":"uni_artist_tag-helge-jordal","9":"uni_artist_tag-ivar-boksle","10":"uni_artist_tag-sigbjorn-nedland","11":"uni_main_artist_tag-helge-jordal","12":"uni_artist_genre-audio-book","13":"uni_artist_genre-norwegian-lyrics","15":"first","16":"instock","17":"taxable","18":"shipping-taxable","19":"purchasable","20":"product-type-simple"},"_links":{"self":[{"href":"https:\/\/grappa.no\/no\/wp-json\/wp\/v2\/product\/29317","targetHints":{"allow":["GET"]}}],"collection":[{"href":"https:\/\/grappa.no\/no\/wp-json\/wp\/v2\/product"}],"about":[{"href":"https:\/\/grappa.no\/no\/wp-json\/wp\/v2\/types\/product"}],"replies":[{"embeddable":true,"href":"https:\/\/grappa.no\/no\/wp-json\/wp\/v2\/comments?post=29317"}],"wp:featuredmedia":[{"embeddable":true,"href":"https:\/\/grappa.no\/no\/wp-json\/wp\/v2\/media\/29318"}],"wp:attachment":[{"href":"https:\/\/grappa.no\/no\/wp-json\/wp\/v2\/media?parent=29317"}],"wp:term":[{"taxonomy":"product_brand","embeddable":true,"href":"https:\/\/grappa.no\/no\/wp-json\/wp\/v2\/product_brand?post=29317"},{"taxonomy":"product_cat","embeddable":true,"href":"https:\/\/grappa.no\/no\/wp-json\/wp\/v2\/product_cat?post=29317"},{"taxonomy":"product_tag","embeddable":true,"href":"https:\/\/grappa.no\/no\/wp-json\/wp\/v2\/product_tag?post=29317"}],"curies":[{"name":"wp","href":"https:\/\/api.w.org\/{rel}","templated":true}]}}