{"id":29277,"date":"2001-04-16T00:00:00","date_gmt":"2001-04-15T23:00:00","guid":{"rendered":"http:\/\/www.grappa.no\/no\/albums\/ukategorisert\/juno\/"},"modified":"2016-10-13T11:16:07","modified_gmt":"2016-10-13T10:16:07","slug":"juno","status":"publish","type":"product","link":"https:\/\/grappa.no\/no\/albums\/uncategorized\/juno\/","title":{"rendered":"JUNO"},"content":{"rendered":"<p><\/p>\n<p>Popduoen Zumas store publikumsuksess<\/p>\n<p>\u00abJuno\u00bb ble en stor publikumsuksess da den f\u00f8rst ble gitt ut i 2001 av popduoen Zuma. Alexander Stenerud og Henrik Njaa, som siden deres dannelse i 1995 hadde bygget opp en solid fanskare, slo gjennom stort med flere av l\u00e5tene fra albumet, ikke minst radiol\u00e5tene \u00abThe Tram\u00bb og \u00abPearl\u00bb. \u00abJuno\u00bb er utvilsomt et sterkt og gjennomf\u00f8rt stykke pop med sine mer enn interessante harmonier og fengende refrenger pakket inn i en n\u00f8ye p\u00e5tenkt produksjon, med like mye inspirasjon fra b\u00e5de drum \u00b4n\u00b4 bass og house, som Pet Shop Boys og mye av 1980-tallets \u00f8vrige synthpop. Resultatet ble en suksess, noe de store salgstallene &#8211; \u00abJuno\u00bb ble \u00e5rets mest solgte norske debutalbum i 2001! &#8211; og Spellemann-nominasjonen for \u00e5ret 2001 vitnet om.<\/p>\n<p><!--more--><\/p>\n<h4><\/h4>\n<\/p>\n<h4><\/h4>\n<p><h4><\/h4>\n<\/p>\n<p><\/p>","protected":false},"excerpt":{"rendered":"<p>\u00c5rets mestselgende norske debutalbum i 2001! Sterkt gjennomf\u00f8rt popmusikk med tydelige vink til 1980-tallets synthpop av duoen Zuma.<\/p>\n","protected":false},"featured_media":29282,"comment_status":"closed","ping_status":"open","template":"","meta":[],"product_brand":[],"product_cat":[6984],"product_tag":[],"class_list":{"0":"post-29277","1":"product","2":"type-product","3":"status-publish","4":"has-post-thumbnail","6":"product_cat-uncategorized","7":"product_shipping_class-cddvd-shipping","8":"uni_artist_tag-alexander-stenerud","9":"uni_artist_tag-henrik-njaa","10":"uni_artist_tag-jan-tore-diesen","11":"uni_artist_tag-zuma","12":"uni_main_artist_tag-zuma","13":"uni_artist_genre-pop","15":"first","16":"outofstock","17":"taxable","18":"shipping-taxable","19":"product-type-simple"},"_links":{"self":[{"href":"https:\/\/grappa.no\/no\/wp-json\/wp\/v2\/product\/29277","targetHints":{"allow":["GET"]}}],"collection":[{"href":"https:\/\/grappa.no\/no\/wp-json\/wp\/v2\/product"}],"about":[{"href":"https:\/\/grappa.no\/no\/wp-json\/wp\/v2\/types\/product"}],"replies":[{"embeddable":true,"href":"https:\/\/grappa.no\/no\/wp-json\/wp\/v2\/comments?post=29277"}],"wp:featuredmedia":[{"embeddable":true,"href":"https:\/\/grappa.no\/no\/wp-json\/wp\/v2\/media\/29282"}],"wp:attachment":[{"href":"https:\/\/grappa.no\/no\/wp-json\/wp\/v2\/media?parent=29277"}],"wp:term":[{"taxonomy":"product_brand","embeddable":true,"href":"https:\/\/grappa.no\/no\/wp-json\/wp\/v2\/product_brand?post=29277"},{"taxonomy":"product_cat","embeddable":true,"href":"https:\/\/grappa.no\/no\/wp-json\/wp\/v2\/product_cat?post=29277"},{"taxonomy":"product_tag","embeddable":true,"href":"https:\/\/grappa.no\/no\/wp-json\/wp\/v2\/product_tag?post=29277"}],"curies":[{"name":"wp","href":"https:\/\/api.w.org\/{rel}","templated":true}]}}