{"id":29276,"date":"2001-01-26T00:00:00","date_gmt":"2001-01-25T23:00:00","guid":{"rendered":"http:\/\/www.grappa.no\/no\/albums\/ukategorisert\/bela-bartok-string-quartets-1-6\/"},"modified":"2025-06-02T10:06:53","modified_gmt":"2025-06-02T09:06:53","slug":"bela-bartok-string-quartets-1-6","status":"publish","type":"product","link":"https:\/\/grappa.no\/no\/albums\/simax-classics\/bela-bartok-string-quartets-1-6\/","title":{"rendered":"B\u00e9la Bart\u00f3k: String Quartets 1-6"},"content":{"rendered":"<p><\/p>\n<p>B\u00e9la Bart\u00f3ks samlede strykekvartetter.<\/p>\n<p>N\u00e5r Vertavokvartetten n\u00e5 presenterer B\u00e9la Bart\u00f3ks samlede strykekvartetter p\u00e5 CD, er dette en bragd som ingen skandinavisk strykekvartett har gjort f\u00f8r dem. Syklusen er selve m\u00e5lestokken for en profesjonell kvartett hva gjelder utfordringer b\u00e5de musikalsk og teknisk. B\u00e9la Bart\u00f3k (1881-1945) har gjennom sitt virke som komponist og etnomusikkolog tatt plassen som en av det 20. \u00e5rhundrets viktigste musikkpersonligheter, og hans musikk og arbeid inspirerer fortsatt komponister den dag i dag. De seks strykekvartettene, skrevet mellom 1908 og 1939, kan med rette sies \u00e5 danne essensen av hans kreative utvikling; det er umisskjennelig ytringer fra en meget f\u00f8lsom musikalsk tenker. Det er ogs\u00e5 uten tvil Bart\u00f3ks mest kompromissl\u00f8se verker. Likevel har denne musikken raskt vunnet ry som en av de viktigste kvartettsyklusene i det 20. \u00e5rhundre, hvis ikke den aller viktigste.<\/p>\n<p>Vertavokvartettens forrige innspilling, med musikk av Grieg og Debussy, g\u00e5r fremdeles sin seiersgang verden over &#8211; ikke minst ble den tildelt den h\u00f8ythengende Diapason d\u00b4Or i Frankrike. Spesielt er det Vertavos unike evne til \u00e5 gi musikken de spiller en frisk og ny fremf\u00f8relse, med uovertruffen homogenitet og konsentrasjon, som bringer frem superlativene hos b\u00e5de norske og internasjonale kritikere. Det medrivende samspillet og den gnisten som oppst\u00e5r n\u00e5r disse fire tar for seg kvartettrepertoaret er unik. S\u00e5 kan man da sp\u00f8rre: hva er det som gj\u00f8r at Vertavo kan frembringe slike innovative og umiddelbare tolkninger? For oss som jobber tett med kvartetten er det to ting som peker seg ut: seri\u00f8sitet og spilleglede. Hos Vertavo g\u00e5r disse to tingene h\u00e5nd i h\u00e5nd; det ene inspirerer det andre. Disse fire jentene arbeider steinhardt med hver minste detalj, men det hele har et overordnet m\u00e5l: musikken. Det er g\u00f8y \u00e5 spille i kvartett. Kjempeg\u00f8y!<\/p>\n<p><!--more--><\/p>\n<h4><\/h4>\n<h4><\/h4>\n<h4><\/h4>\n<p><\/p>","protected":false},"excerpt":{"rendered":"<p>Bart\u00f3ks komplette strykekvartetter er Simax Classics\u00b4 femte utgivelse med Vertavo siden CD-debuten i 1995 og kvartetten har i disse \u00e5rene etablert seg som en internasjonal st\u00f8rrelse b\u00e5de p\u00e5 scene og som plateartist.<\/p>\n","protected":false},"featured_media":29281,"comment_status":"closed","ping_status":"closed","template":"","meta":[],"product_brand":[],"product_cat":[180],"product_tag":[],"class_list":{"0":"post-29276","1":"product","2":"type-product","3":"status-publish","4":"has-post-thumbnail","6":"product_cat-simax-classics","7":"product_shipping_class-cddvd-shipping","8":"uni_artist_tag-andrew-keener","9":"uni_artist_tag-bela-bartok","10":"uni_artist_tag-vertavo","11":"uni_main_artist_tag-vertavo","12":"uni_artist_genre-chamber-music","13":"uni_artist_genre-complete","14":"uni_artist_genre-strings","16":"first","17":"outofstock","18":"taxable","19":"shipping-taxable","20":"purchasable","21":"product-type-simple"},"_links":{"self":[{"href":"https:\/\/grappa.no\/no\/wp-json\/wp\/v2\/product\/29276","targetHints":{"allow":["GET"]}}],"collection":[{"href":"https:\/\/grappa.no\/no\/wp-json\/wp\/v2\/product"}],"about":[{"href":"https:\/\/grappa.no\/no\/wp-json\/wp\/v2\/types\/product"}],"replies":[{"embeddable":true,"href":"https:\/\/grappa.no\/no\/wp-json\/wp\/v2\/comments?post=29276"}],"wp:featuredmedia":[{"embeddable":true,"href":"https:\/\/grappa.no\/no\/wp-json\/wp\/v2\/media\/29281"}],"wp:attachment":[{"href":"https:\/\/grappa.no\/no\/wp-json\/wp\/v2\/media?parent=29276"}],"wp:term":[{"taxonomy":"product_brand","embeddable":true,"href":"https:\/\/grappa.no\/no\/wp-json\/wp\/v2\/product_brand?post=29276"},{"taxonomy":"product_cat","embeddable":true,"href":"https:\/\/grappa.no\/no\/wp-json\/wp\/v2\/product_cat?post=29276"},{"taxonomy":"product_tag","embeddable":true,"href":"https:\/\/grappa.no\/no\/wp-json\/wp\/v2\/product_tag?post=29276"}],"curies":[{"name":"wp","href":"https:\/\/api.w.org\/{rel}","templated":true}]}}