{"id":29275,"date":"2004-10-25T00:00:00","date_gmt":"2004-10-24T23:00:00","guid":{"rendered":"http:\/\/www.grappa.no\/no\/albums\/ukategorisert\/les-vendredis\/"},"modified":"2019-02-22T15:46:51","modified_gmt":"2019-02-22T14:46:51","slug":"les-vendredis","status":"publish","type":"product","link":"https:\/\/grappa.no\/no\/albums\/simax-classics\/les-vendredis\/","title":{"rendered":"Les Vendredis"},"content":{"rendered":"<p><\/p>\n<p>Mellom salong og konsertsal.<\/p>\n<p>Etter den store suksessen med utgivelsen av Bart\u00f3ks komplette strykekvartetter (blant annet valgt til Editors Choice i Gramophone) har Vertavo-jentene funnet frem et knippe fantastiske sm\u00e5stykker som garantert vil falle i smak hos de fleste lyttere. Les Vendredis er navnet p\u00e5 en samling friske og vakre ensatsige kvartettstykker som ble skrevet til den m\u00e5nedlige musikksamlingen hos rikmann og musikkelsker Beliaeff i St. Petersburg p\u00e5 slutten av 1800-tallet. F\u00f8rste fredag i m\u00e5neden samlet komponister og ut\u00f8vere seg hos Beliaeff for \u00e5 spille sammen, pr\u00f8ve ut nykomponerte verker og nyte mat og drikke. Det gikk sport i \u00e5 skrive nye stykker spesielt for disse samlingene, og her kunne komponistene virkelig leke seg med musikalske ideer. Resultatet er blant annet en Mazurka skrevet som stafett mellom fire forskjellige komponister, en Sarabande i uts\u00f8kt 1600-talls stil, samt diverse andre sprelske p\u00e5funn. <\/p>\n<p>Gjennom 20 \u00e5r har den prisvinnende Vertavokvartetten (\u00d8yvor Volle, Berit Cardas, Henninge Landaas og Bj\u00f8rg V\u00e6rnes) utviklet en stor sensitivitet for hva forskjellige typer musikk krever, b\u00e5de innenfor det rene klassiske repertoaret og i samarbeid med artister som Anne Grete Preus, Hot Club de Norv\u00e9ge, Maj Britt Andersen og mange flere. Vertavokvartetten treffer stemning og f\u00f8lelse i Les Vendredis-musikken perfekt. Nettopp det er ingen selvf\u00f8lge; dette er musikk i grenselandet mellom salong og konsertsal, mellom dansegulvet og konsentrert lytting. Uendelig sjener\u00f8st for lytteren og sv\u00e6rt krevende for ut\u00f8veren. Slik musikk faller som en stein hvis den ikke fremf\u00f8res med den kombinasjonen av virtuositet og glimt i \u00f8yet som er Vertavo-jentenes kjennetegn.<\/p>\n<p><!--more--><\/p>\n<h4><\/h4>\n<\/p>\n<h4><\/h4>\n<p><h4><\/h4>\n<\/p>\n<p><\/p>","protected":false},"excerpt":{"rendered":"<p>\u2013 Norway\u00b4s Vertavo Quartet, whose members are in their mid-thirties, proved they don\u00b4t need the concessions allowed to young players. This is simply a high-quality ensemble, age apart. The group showed dedication, technical skill and, above all, great imagination&#8230;a seamless range of communal expression, from boldness and rigour to rich vibrancy and elastic phrasing. [The Strad, April 2004]<\/p>\n","protected":false},"featured_media":29280,"comment_status":"closed","ping_status":"open","template":"","meta":[],"product_brand":[],"product_cat":[180],"product_tag":[],"class_list":{"0":"post-29275","1":"product","2":"type-product","3":"status-publish","4":"has-post-thumbnail","6":"product_cat-simax-classics","7":"product_shipping_class-cddvd-shipping","8":"uni_artist_tag-alexander-borodin","9":"uni_artist_tag-alexander-glazunov","10":"uni_artist_tag-alexander-kopylov","11":"uni_artist_tag-anatole-liadov","12":"uni_artist_tag-felix-blumenfeld","13":"uni_artist_tag-jorn-pedersen","14":"uni_artist_tag-maximilien-dosten-sacken","15":"uni_artist_tag-nikolai-artciboucheff","16":"uni_artist_tag-nikolai-rimsky-korsakov","17":"uni_artist_tag-nikolai-sokolov","18":"uni_artist_tag-vertavo","19":"uni_main_artist_tag-vertavo","20":"uni_artist_genre-chamber-music","21":"uni_artist_genre-strings","23":"first","24":"instock","25":"taxable","26":"shipping-taxable","27":"purchasable","28":"product-type-simple"},"_links":{"self":[{"href":"https:\/\/grappa.no\/no\/wp-json\/wp\/v2\/product\/29275","targetHints":{"allow":["GET"]}}],"collection":[{"href":"https:\/\/grappa.no\/no\/wp-json\/wp\/v2\/product"}],"about":[{"href":"https:\/\/grappa.no\/no\/wp-json\/wp\/v2\/types\/product"}],"replies":[{"embeddable":true,"href":"https:\/\/grappa.no\/no\/wp-json\/wp\/v2\/comments?post=29275"}],"wp:featuredmedia":[{"embeddable":true,"href":"https:\/\/grappa.no\/no\/wp-json\/wp\/v2\/media\/29280"}],"wp:attachment":[{"href":"https:\/\/grappa.no\/no\/wp-json\/wp\/v2\/media?parent=29275"}],"wp:term":[{"taxonomy":"product_brand","embeddable":true,"href":"https:\/\/grappa.no\/no\/wp-json\/wp\/v2\/product_brand?post=29275"},{"taxonomy":"product_cat","embeddable":true,"href":"https:\/\/grappa.no\/no\/wp-json\/wp\/v2\/product_cat?post=29275"},{"taxonomy":"product_tag","embeddable":true,"href":"https:\/\/grappa.no\/no\/wp-json\/wp\/v2\/product_tag?post=29275"}],"curies":[{"name":"wp","href":"https:\/\/api.w.org\/{rel}","templated":true}]}}