{"id":29274,"date":"1998-10-08T00:00:00","date_gmt":"1998-10-07T23:00:00","guid":{"rendered":"http:\/\/www.grappa.no\/no\/albums\/ukategorisert\/brahms-string-quartets-op-51\/"},"modified":"2019-02-22T15:43:53","modified_gmt":"2019-02-22T14:43:53","slug":"brahms-string-quartets-op-51","status":"publish","type":"product","link":"https:\/\/grappa.no\/no\/albums\/simax-classics\/brahms-string-quartets-op-51\/","title":{"rendered":"Brahms String Quartets op. 51"},"content":{"rendered":"<p><\/p>\n<p>Vertavo og Brahms.<\/p>\n<p>P\u00e5 Vertavokvartettens tredje album fremf\u00f8res to av Johannes Brahms strykekvartetter. Kvartetten som best\u00e5r av Berit V\u00e6rnes Cardas (fiolin), \u00d8yvor Volle (fiolin), Henninge B\u00e5tnes Landaas (bratsj) og Bj\u00f8rg V\u00e6rnes (cello), har gjennom lang tid v\u00e6rt ansett som en av Europas ledende strykekvartetter. Gruppens nedslagsfelt strekker seg langt utenfor Europas grenser og de har bragt med seg flere priser hjem fra utlandet. Den vakre fremf\u00f8ringen av Brahms strykekvartetter er utvilsomt et av gruppens store h\u00f8ydepunkter. <\/p>\n<p>Brahms Strykekvartett i c-moll (op. 51, nr. 1) er b\u00e5de stram og Beethovensk i formen. Fra den stormfulle og m\u00f8rke f\u00f8rstesatsen til den stille og tilbaketrukne tredjesatsen, er kvartetten tematisk til aller minste detalj: ikke en tone er overfl\u00f8dig og hver eneste del av partituret er preget av hovedmotivene. Strykekvartett i a-moll (op. 51, nr. 2) ble f\u00f8rste gang fremf\u00f8rt i Berlin i oktober 1873. Selv om denne kvartetten i hovedsak heller mot m\u00f8rke stemninger, kommer det lyse og grasi\u00f8se frem i f\u00f8rstesatsens sidetema, det vakre og dramatiske i den nesten overjordiske rolige andresatsen, og det flotte og robuste i kvartettens tredje og avsluttende sats.<\/p>\n<p><!--more--><\/p>\n<h4><\/h4>\n<\/p>\n<h4><\/h4>\n<p><h4><\/h4>\n<\/p>\n<p><\/p>","protected":false},"excerpt":{"rendered":"<p>P\u00e5 deres tredje album n\u00e5r Vertavokvartetten nye h\u00f8yder i tolkninger av Brahms\u00b4 strykekvartetter.<\/p>\n","protected":false},"featured_media":29279,"comment_status":"closed","ping_status":"open","template":"","meta":[],"product_brand":[],"product_cat":[180],"product_tag":[],"class_list":{"0":"post-29274","1":"product","2":"type-product","3":"status-publish","4":"has-post-thumbnail","6":"product_cat-simax-classics","7":"product_shipping_class-cddvd-shipping","8":"uni_artist_tag-johannes-brahms","9":"uni_artist_tag-jorn-pedersen","10":"uni_artist_tag-vertavo","11":"uni_main_artist_tag-vertavo","12":"uni_artist_genre-chamber-music","13":"uni_artist_genre-strings","15":"first","16":"instock","17":"taxable","18":"shipping-taxable","19":"purchasable","20":"product-type-simple"},"_links":{"self":[{"href":"https:\/\/grappa.no\/no\/wp-json\/wp\/v2\/product\/29274","targetHints":{"allow":["GET"]}}],"collection":[{"href":"https:\/\/grappa.no\/no\/wp-json\/wp\/v2\/product"}],"about":[{"href":"https:\/\/grappa.no\/no\/wp-json\/wp\/v2\/types\/product"}],"replies":[{"embeddable":true,"href":"https:\/\/grappa.no\/no\/wp-json\/wp\/v2\/comments?post=29274"}],"wp:featuredmedia":[{"embeddable":true,"href":"https:\/\/grappa.no\/no\/wp-json\/wp\/v2\/media\/29279"}],"wp:attachment":[{"href":"https:\/\/grappa.no\/no\/wp-json\/wp\/v2\/media?parent=29274"}],"wp:term":[{"taxonomy":"product_brand","embeddable":true,"href":"https:\/\/grappa.no\/no\/wp-json\/wp\/v2\/product_brand?post=29274"},{"taxonomy":"product_cat","embeddable":true,"href":"https:\/\/grappa.no\/no\/wp-json\/wp\/v2\/product_cat?post=29274"},{"taxonomy":"product_tag","embeddable":true,"href":"https:\/\/grappa.no\/no\/wp-json\/wp\/v2\/product_tag?post=29274"}],"curies":[{"name":"wp","href":"https:\/\/api.w.org\/{rel}","templated":true}]}}