{"id":29273,"date":"1997-05-01T00:00:00","date_gmt":"1997-04-30T23:00:00","guid":{"rendered":"http:\/\/www.grappa.no\/no\/albums\/ukategorisert\/schumann-string-quartets\/"},"modified":"2019-02-22T15:38:50","modified_gmt":"2019-02-22T14:38:50","slug":"schumann-string-quartets","status":"publish","type":"product","link":"https:\/\/grappa.no\/no\/albums\/simax-classics\/schumann-string-quartets\/","title":{"rendered":"Schumann String Quartets"},"content":{"rendered":"<p><\/p>\n<p>Iver etter originalitet.<\/p>\n<p>Den anerkjente Vertavokvartetten fremf\u00f8rer to av Schumanns strykekvartetter p\u00e5 deres andre album. Skrevet med stor flyt i l\u00f8pet av en periode p\u00e5 seks uker (2. juni-22. juli 1842) skulle Schumanns tre strykekvartetter bli hans eneste innenfor genren. Schumanns F\u00f8rste Symfoni premierte et \u00e5r tidligere, men han hadde enda ikke p\u00e5 denne tiden et rykte innenfor den kammermusikalske verdenen. Til tross for at dette var hans f\u00f8rste og eneste fors\u00f8k innenfor genren, produserte han en betydelig trilogi som skulle bli en betydelig p\u00e5virkning p\u00e5 senere kvartettkomponister. Hans kvartetter st\u00e5r tydelig i gjeld til den formale og tekstuelle klarheten i Haydns, Mozarts og den tidlige Beethovens verker, men hans polyfoniske stil st\u00f8tter seg like mye p\u00e5 hans studier av Bach som klassisismen. Likevel er det ingen tvil om hvem som er komponisten i disse kvartettene i sin iver etter originalitet og sitt gjenkjennelige melodiske spr\u00e5k. Mens den f\u00f8rste kvartetten antakelig er den mest fremf\u00f8rte er de to andre \u2013 som Vertavokvartetten her fremf\u00f8rer \u2013 minst like fascinerende og givende. <\/p>\n<p>Med omfattende turn\u00e9virksomhet bak seg og flere priser vunnet, har Vertavokvartetten siden deres dannelse i 1984 nytt godt av rykte som en av Europas mest fremragende strykekvartetter. Deres f\u00f8rste album, med strykekvartetter av Carl Nielsen, gitt ut i 1995, ga kvartetten Spellemannprisen og ble generelt mottatt til str\u00e5lende kritikker, ikke minst i The Strad: \u201cIt was spellbinding, spectacular quartet playing.\u201d<\/p>\n<p><!--more--><\/p>\n<h4><\/h4>\n<\/p>\n<h4><\/h4>\n<p><h4><\/h4>\n<\/p>\n<p><\/p>","protected":false},"excerpt":{"rendered":"<p>\u2013 the most compelling chamber ensemble I have heard in years [Daily Telegraph].<\/p>\n","protected":false},"featured_media":29278,"comment_status":"closed","ping_status":"open","template":"","meta":[],"product_brand":[],"product_cat":[180],"product_tag":[],"class_list":{"0":"post-29273","1":"product","2":"type-product","3":"status-publish","4":"has-post-thumbnail","6":"product_cat-simax-classics","7":"product_shipping_class-cddvd-shipping","8":"uni_artist_tag-jorn-pedersen","9":"uni_artist_tag-robert-schumann","10":"uni_artist_tag-vertavo","11":"uni_main_artist_tag-vertavo","12":"uni_artist_genre-chamber-music","13":"uni_artist_genre-strings","15":"first","16":"instock","17":"taxable","18":"shipping-taxable","19":"purchasable","20":"product-type-simple"},"_links":{"self":[{"href":"https:\/\/grappa.no\/no\/wp-json\/wp\/v2\/product\/29273","targetHints":{"allow":["GET"]}}],"collection":[{"href":"https:\/\/grappa.no\/no\/wp-json\/wp\/v2\/product"}],"about":[{"href":"https:\/\/grappa.no\/no\/wp-json\/wp\/v2\/types\/product"}],"replies":[{"embeddable":true,"href":"https:\/\/grappa.no\/no\/wp-json\/wp\/v2\/comments?post=29273"}],"wp:featuredmedia":[{"embeddable":true,"href":"https:\/\/grappa.no\/no\/wp-json\/wp\/v2\/media\/29278"}],"wp:attachment":[{"href":"https:\/\/grappa.no\/no\/wp-json\/wp\/v2\/media?parent=29273"}],"wp:term":[{"taxonomy":"product_brand","embeddable":true,"href":"https:\/\/grappa.no\/no\/wp-json\/wp\/v2\/product_brand?post=29273"},{"taxonomy":"product_cat","embeddable":true,"href":"https:\/\/grappa.no\/no\/wp-json\/wp\/v2\/product_cat?post=29273"},{"taxonomy":"product_tag","embeddable":true,"href":"https:\/\/grappa.no\/no\/wp-json\/wp\/v2\/product_tag?post=29273"}],"curies":[{"name":"wp","href":"https:\/\/api.w.org\/{rel}","templated":true}]}}