{"id":292,"date":"2008-10-27T00:00:00","date_gmt":"2008-10-26T23:00:00","guid":{"rendered":"http:\/\/www.grappa.no\/albums\/uncategorized\/syng-hjerte\/"},"modified":"2016-04-19T19:24:33","modified_gmt":"2016-04-19T18:24:33","slug":"syng-hjerte","status":"publish","type":"product","link":"https:\/\/grappa.no\/no\/albums\/heilo\/syng-hjerte\/","title":{"rendered":"Syng Hjerte"},"content":{"rendered":"<p><\/p>\n<p>Syng Hjerte<\/p>\n<p>Liv Runesdatters f\u00f8rste soloplate byr p\u00e5 en lidenskaplig formidling av norsk folkemusikk fra Rogaland og Vestfold. Med et harmonisk og annerledes lydbilde formidles melodier fra slutten av 1800-tallet til i dag, kombinert med vers av kjente salmediktere som Brorson og folkelige tekster skrevet av vanlige mennesker. Syng Hjerte byr p\u00e5 frodige og hverdagsaktuelle tekster om gleder og sorger, kj\u00e6rlighet og frustrasjon, liv og d\u00f8d, menneske og \u00e5nd. Dette er vokal folkemusikk, med noe reiligi\u00f8st innhold, i en ny og dristig innpakning.<\/p>\n<p><!--more--><\/p>\n<h4><\/h4>\n<\/p>\n<h4><\/h4>\n<p><h4><\/h4>\n<\/p>\n<p><\/p>","protected":false},"excerpt":{"rendered":"<p>Liv Runesdatters f\u00f8rste soloplate byr p\u00e5 en lidenskaplig formidling av norsk folkemusikk fra Rogaland og Vestfold.<\/p>\n","protected":false},"featured_media":27272,"comment_status":"closed","ping_status":"open","template":"","meta":[],"product_brand":[],"product_cat":[35],"product_tag":[],"class_list":{"0":"post-292","1":"product","2":"type-product","3":"status-publish","4":"has-post-thumbnail","6":"product_cat-heilo","7":"product_shipping_class-cddvd-shipping","8":"uni_artist_tag-alfred-janson","9":"uni_artist_tag-hakon-thelin","10":"uni_artist_tag-liv-runesdatter","11":"uni_artist_tag-rolf-erik-nystrom","12":"uni_artist_tag-trad","13":"uni_artist_tag-trygve-seim","14":"uni_main_artist_tag-liv-runesdatter","15":"uni_artist_genre-folk-music","16":"uni_artist_genre-traditional","18":"first","19":"instock","20":"taxable","21":"shipping-taxable","22":"purchasable","23":"product-type-simple"},"_links":{"self":[{"href":"https:\/\/grappa.no\/no\/wp-json\/wp\/v2\/product\/292","targetHints":{"allow":["GET"]}}],"collection":[{"href":"https:\/\/grappa.no\/no\/wp-json\/wp\/v2\/product"}],"about":[{"href":"https:\/\/grappa.no\/no\/wp-json\/wp\/v2\/types\/product"}],"replies":[{"embeddable":true,"href":"https:\/\/grappa.no\/no\/wp-json\/wp\/v2\/comments?post=292"}],"wp:featuredmedia":[{"embeddable":true,"href":"https:\/\/grappa.no\/no\/wp-json\/wp\/v2\/media\/27272"}],"wp:attachment":[{"href":"https:\/\/grappa.no\/no\/wp-json\/wp\/v2\/media?parent=292"}],"wp:term":[{"taxonomy":"product_brand","embeddable":true,"href":"https:\/\/grappa.no\/no\/wp-json\/wp\/v2\/product_brand?post=292"},{"taxonomy":"product_cat","embeddable":true,"href":"https:\/\/grappa.no\/no\/wp-json\/wp\/v2\/product_cat?post=292"},{"taxonomy":"product_tag","embeddable":true,"href":"https:\/\/grappa.no\/no\/wp-json\/wp\/v2\/product_tag?post=292"}],"curies":[{"name":"wp","href":"https:\/\/api.w.org\/{rel}","templated":true}]}}