{"id":29188,"date":"2016-04-15T00:00:00","date_gmt":"2016-04-14T23:00:00","guid":{"rendered":"http:\/\/www.grappa.no\/no\/albums\/ukategorisert\/syngjaren-folkemusikk-fra-more-romsdal\/"},"modified":"2016-11-18T16:25:23","modified_gmt":"2016-11-18T15:25:23","slug":"syngjaren-folkemusikk-fra-more-romsdal","status":"publish","type":"product","link":"https:\/\/grappa.no\/no\/albums\/heilo\/syngjaren-folkemusikk-fra-more-romsdal\/","title":{"rendered":"Syngjaren \/ Folkemusikk fr\u00e5 M\u00f8re &amp; Romsdal"},"content":{"rendered":"<p><\/p>\n<p>En gjenoppdagelse av M\u00f8re og Romsdals omfattende sl\u00e5ttetradisjoner.<\/p>\n<p>En av hovedoppgavene til Folkemusikkarkivet for M\u00f8re og Romsdal er \u00e5 legge til rette for videre bruk av tradisjonsmateriale fra M\u00f8re og Romsdal. Folkemusikkarkivet har den siste tiden arbeidet for \u00e5 l\u00f8fte fram de eldste danse- og musikkformene i fylket. Og p\u00e5 denne CD-en er det nettopp bygdedansmusikken som f\u00e5r slippe til.<\/p>\n<p>Sl\u00e5tterepertoaret i fylket er stort og det er fra dette repertoaret Folkemusikkarkivet i samarbeid med noen av de fremste folkemusikkut\u00f8verne i M\u00f8re og Romsdal har plukket ut sl\u00e5tter som er lite brukt og som vi \u00f8nsker skal fenge danserne og spelemennene. Til \u00e5 formidle denne tradisjonen har Folkemusikkarkivet f\u00e5tt med seg \u00e5tte av fylkets mest anerkjente folkemusikere. De representerer lokale tradisjoner fra store deler av fylket, fra nord til s\u00f8r. Vi nevner: Jorun Marie Kvernberg (fele), Britt Elise Skram (fele), Knut Ivar B\u00f8e (trekkspill), Ingunn Linge Valldal (fele), Torgeir Leivdal (fele), Unni Boksasp (sang), \u00d8ystein Sandbukt (gitar) og Gro Kjelleberg Solli (sang).<\/p>\n<p><!--more--><\/p>\n<p>Gamle toner fra en streng og toner fra stemmen synger ut i en ny tid. Den kretser seg mellom fjord og fjell, i gamle og unge sjeler som blir fristet til \u00e5 danse. Inn i \u00f8rene som lytter, inn i fingrene som griper etter strengen. La sl\u00e5ttene synge inn i deg og ut i kroppen \u2013 nyt!<\/p>\n<h4>Et omfattende sl\u00e5tterepertoar<\/h4>\n<p>Sl\u00e5tterepertoaret i fylket er stort og i 2012 gav Novus forlag ut \u00abFeleverket bind 5, M\u00f8re og Romsdal \u2013 sl\u00e5tter for vanlig fele\u00bb. I dette bokverket er alt av springar-, marsj- og hallingsl\u00e5tter som er blitt funnet p\u00e5 eldre opptak i arkivene representert. Fra blant annet dette store notematerialet har Folkemusikkarkivet i samarbeid med ut\u00f8verne plukket ut sl\u00e5tter som er lite brukt og som vi \u00f8nsker skal fenge danserne og spelemennene.<\/p>\n<h4>De fremste folkemusikerne fra M\u00f8re og Romsdal<\/h4>\n<p>Til \u00e5 formidle sl\u00e5ttetradisjonen har Folkemusikkarkivet f\u00e5tt med seg \u00e5tte av de fremste folkemusikerne fra M\u00f8re og Romsdal. De representerer lokale tradisjoner fra store deler av fylket, fra nord til s\u00f8r. Vi nevner: Jorun Marie Kvernberg (fele), Britt Elise Skram (fele), Knut Ivar B\u00f8e (trekkspill), Ingunn Linge Valldal (fele), Torgeir Leivdal (fele), Unni Boksasp (sang), \u00d8ystein Sandbukt (gitar) og Gro Kjelleberg Solli (sang).<\/p>\n<h4>25-\u00e5rs jubileum<\/h4>\n<p>Arbeidet med CD-en ble startet som en del av feiringen av Folkemusikkarkivet for M\u00f8re og Romsdal sine f\u00f8rste 25 \u00e5r (2015). Et \u00e5r som resulterte i et nytt notehefte \u00abAlle tre framp\u00e5 golva\u00bb, kursserien \u00abFOLKtema\u00bb, festkonserten \u00abFole te folkemusikk\u00bb og CD-en \u00abSyngjaren\u00bb. <\/p>\n<p>Det er plateslipp under Fylkeskappleiken for M\u00f8re og Romsdal 9. april i Surnadal.<\/p>\n<p><\/p>","protected":false},"excerpt":{"rendered":"<p>\u00abVert det ikkje spelt springar, vert det heller ikkje dansa springar. Vert det ikkje dansa springar, s\u00e5 vert det ikkje spelt\u00bb<\/p>\n","protected":false},"featured_media":29190,"comment_status":"closed","ping_status":"open","template":"","meta":[],"product_brand":[],"product_cat":[35],"product_tag":[],"class_list":{"0":"post-29188","1":"product","2":"type-product","3":"status-publish","4":"has-post-thumbnail","6":"product_cat-heilo","7":"product_shipping_class-cddvd-shipping","8":"uni_artist_tag-britt-elise-skram","9":"uni_artist_tag-britt-pernille-froholm","10":"uni_artist_tag-gro-kjelleberg-solli","11":"uni_artist_tag-ingunn-linge-valdal","12":"uni_artist_tag-jens-synnes","13":"uni_artist_tag-jorun-marie-r-kvernberg","14":"uni_artist_tag-knut-ivar-boe","15":"uni_artist_tag-oystein-sandbukt","16":"uni_artist_tag-torgeir-leivdal","17":"uni_artist_tag-trad","18":"uni_artist_tag-unni-boksasp","19":"uni_main_artist_tag-jorun-marie-r-kvernberg","20":"uni_artist_genre-folk-music","22":"first","23":"instock","24":"taxable","25":"shipping-taxable","26":"purchasable","27":"product-type-simple"},"_links":{"self":[{"href":"https:\/\/grappa.no\/no\/wp-json\/wp\/v2\/product\/29188","targetHints":{"allow":["GET"]}}],"collection":[{"href":"https:\/\/grappa.no\/no\/wp-json\/wp\/v2\/product"}],"about":[{"href":"https:\/\/grappa.no\/no\/wp-json\/wp\/v2\/types\/product"}],"replies":[{"embeddable":true,"href":"https:\/\/grappa.no\/no\/wp-json\/wp\/v2\/comments?post=29188"}],"wp:featuredmedia":[{"embeddable":true,"href":"https:\/\/grappa.no\/no\/wp-json\/wp\/v2\/media\/29190"}],"wp:attachment":[{"href":"https:\/\/grappa.no\/no\/wp-json\/wp\/v2\/media?parent=29188"}],"wp:term":[{"taxonomy":"product_brand","embeddable":true,"href":"https:\/\/grappa.no\/no\/wp-json\/wp\/v2\/product_brand?post=29188"},{"taxonomy":"product_cat","embeddable":true,"href":"https:\/\/grappa.no\/no\/wp-json\/wp\/v2\/product_cat?post=29188"},{"taxonomy":"product_tag","embeddable":true,"href":"https:\/\/grappa.no\/no\/wp-json\/wp\/v2\/product_tag?post=29188"}],"curies":[{"name":"wp","href":"https:\/\/api.w.org\/{rel}","templated":true}]}}