{"id":29182,"date":"1995-05-01T00:00:00","date_gmt":"1995-04-30T23:00:00","guid":{"rendered":"http:\/\/www.grappa.no\/no\/albums\/ukategorisert\/carl-nielsen-string-quartets\/"},"modified":"2019-02-22T15:42:22","modified_gmt":"2019-02-22T14:42:22","slug":"carl-nielsen-string-quartets","status":"publish","type":"product","link":"https:\/\/grappa.no\/no\/albums\/simax-classics\/carl-nielsen-string-quartets\/","title":{"rendered":"Carl Nielsen String Quartets"},"content":{"rendered":"<p><\/p>\n<p>Danmarks nasjonalkomponist.<\/p>\n<p>Carl Nielsen var en komponist med stor bredde i sine komposisjoner \u2013 fra verk med et mer klassisistisk preget tonespr\u00e5k til verk preget av et mer modernistisk uttrykk senere i sin karriere. Som komponist er han kanskje mest kjent utenfor Danmark for sine symfonier, men flere av hans kammermusikkverk st\u00e5r fortsatt h\u00f8yt i kurs p\u00e5 det internasjonale repertoaret. Under tiden hans strykekvartett i f-moll (op. 5) ble skrevet, rundt 1890, var strykekvartetten utvilsomt mediet han benyttet for \u00e5 uttrykke sine personlige f\u00f8lelser, og det er ingen tvil om at denne kvartetten representerer en viktig fase i Nielsens utvikling som komponist. Selv om vi finner spor av p\u00e5virkning fra Johan Svendsen i kvartetten, i tillegg til dype avtrykk fra Brahms, presenteres vi for et produkt av en artist med en helt s\u00e6regen uttrykksform. Ogs\u00e5 i strykekvartetten i g-moll (op. 13) er p\u00e5virkningen fra Johan Svendsen tydelig, men ogs\u00e5 her h\u00f8rer vi tydelige tegn p\u00e5 individualitet, ikke minst i den rytmiske behandlingen og i intervalltettheten i finalen. <\/p>\n<p>Vertavo String Quartet ble grunnlagt i 1984 da grunnleggerne Berit V\u00e6rnes (fiolin) og Bj\u00f8rg V\u00e6rnes (cello) var kun 15 \u00e5r gamle. I 1994 fikk de med seg Henning B\u00e5tnes (bratsj) og i 1995 Elise B\u00e5tnes (fiolin), og ble raskt en av Skandinavias mest oppsiktsvekkende strykekvartetter. De har vunnet flere priser og v\u00e6rt p\u00e5 omfattende turneer over hele Europa, i tillegg til Australia, og deltatt p\u00e5 en rekke internasjonale festivaler.<\/p>\n<p><!--more--><\/p>\n<h4><\/h4>\n<\/p>\n<h4><\/h4>\n<p><h4><\/h4>\n<\/p>\n<p><\/p>","protected":false},"excerpt":{"rendered":"<p>To av Carl Nielsens strykekvartetter blir mesterlig fremf\u00f8rt av Vertavo.<\/p>\n","protected":false},"featured_media":29183,"comment_status":"closed","ping_status":"open","template":"","meta":[],"product_brand":[],"product_cat":[180],"product_tag":[],"class_list":{"0":"post-29182","1":"product","2":"type-product","3":"status-publish","4":"has-post-thumbnail","6":"product_cat-simax-classics","7":"product_shipping_class-cddvd-shipping","8":"uni_artist_tag-carl-nielsen","9":"uni_artist_tag-jorn-pedersen","10":"uni_artist_tag-vertavo","11":"uni_main_artist_tag-vertavo","12":"uni_artist_genre-chamber-music","13":"uni_artist_genre-strings","15":"first","16":"outofstock","17":"taxable","18":"shipping-taxable","19":"product-type-simple"},"_links":{"self":[{"href":"https:\/\/grappa.no\/no\/wp-json\/wp\/v2\/product\/29182","targetHints":{"allow":["GET"]}}],"collection":[{"href":"https:\/\/grappa.no\/no\/wp-json\/wp\/v2\/product"}],"about":[{"href":"https:\/\/grappa.no\/no\/wp-json\/wp\/v2\/types\/product"}],"replies":[{"embeddable":true,"href":"https:\/\/grappa.no\/no\/wp-json\/wp\/v2\/comments?post=29182"}],"wp:featuredmedia":[{"embeddable":true,"href":"https:\/\/grappa.no\/no\/wp-json\/wp\/v2\/media\/29183"}],"wp:attachment":[{"href":"https:\/\/grappa.no\/no\/wp-json\/wp\/v2\/media?parent=29182"}],"wp:term":[{"taxonomy":"product_brand","embeddable":true,"href":"https:\/\/grappa.no\/no\/wp-json\/wp\/v2\/product_brand?post=29182"},{"taxonomy":"product_cat","embeddable":true,"href":"https:\/\/grappa.no\/no\/wp-json\/wp\/v2\/product_cat?post=29182"},{"taxonomy":"product_tag","embeddable":true,"href":"https:\/\/grappa.no\/no\/wp-json\/wp\/v2\/product_tag?post=29182"}],"curies":[{"name":"wp","href":"https:\/\/api.w.org\/{rel}","templated":true}]}}