{"id":29157,"date":"2008-04-04T00:00:00","date_gmt":"2008-04-03T23:00:00","guid":{"rendered":"http:\/\/www.grappa.no\/no\/albums\/ukategorisert\/barnesangskatten\/"},"modified":"2017-06-07T10:02:30","modified_gmt":"2017-06-07T09:02:30","slug":"barnesangskatten","status":"publish","type":"product","link":"https:\/\/grappa.no\/no\/albums\/barne\/barnesangskatten\/","title":{"rendered":"BARNESANGSKATTEN"},"content":{"rendered":"<p><\/p>\n<p>Barnesangskatten.<\/p>\n<p>Barnesangskatten er en samling med noen av v\u00e5re beste barne- og vuggesanger. Kjente og kj\u00e6re artister som Kari Bremnes, Maj Britt Andersen, Anita Skorgan, Odd B\u00f8rretzen, Bukkene Bruse, Geirr Lystrup, Kirsten Br\u00e5ten Berg, Anne Kari H\u00e5rnes m.fl. bidrar til at dette blir en tidl\u00f8s samling av tradisjonelle og klassiske sanger for barn. Samlingen er tidligere utgitt som fire enkeltst\u00e5ende titler i serien V\u00e5re beste barnesanger.<\/p>\n<p><!--more--><\/p>\n<h4><\/h4>\n<\/p>\n<h4><\/h4>\n<p><h4><\/h4>\n<\/p>\n<p><\/p>","protected":false},"excerpt":{"rendered":"<p>Barnesangskatten er en samling med noen av v\u00e5re beste barne- og vuggesanger.<\/p>\n","protected":false},"featured_media":29158,"comment_status":"closed","ping_status":"open","template":"","meta":[],"product_brand":[],"product_cat":[15],"product_tag":[],"class_list":{"0":"post-29157","1":"product","2":"type-product","3":"status-publish","4":"has-post-thumbnail","6":"product_cat-barne","7":"product_shipping_class-cddvd-shipping","8":"uni_artist_tag-anita-skorgan","9":"uni_artist_tag-anne-kari-harnes","10":"uni_artist_tag-arve-moen-bergset","11":"uni_artist_tag-bukkene-bruse","12":"uni_artist_tag-ferdinand-andreas-mohn","13":"uni_artist_tag-geirr-lystrup","14":"uni_artist_tag-ingeborg-mohn","15":"uni_artist_tag-kari-bremnes","16":"uni_artist_tag-kirsten-braten-berg","17":"uni_artist_tag-line-ivarson","18":"uni_artist_tag-maj-britt-andersen","19":"uni_artist_tag-minda-mohn","20":"uni_artist_tag-odd-borretzen","21":"uni_artist_tag-sigmund-groven","22":"uni_artist_tag-siri-nilsen","23":"uni_artist_tag-strays-barnekor","24":"uni_artist_tag-thea-sofie-rusten","25":"uni_main_artist_tag-maj-britt-andersen","26":"uni_artist_genre-children","27":"uni_artist_genre-norwegian-lyrics","29":"first","30":"instock","31":"taxable","32":"shipping-taxable","33":"purchasable","34":"product-type-simple"},"_links":{"self":[{"href":"https:\/\/grappa.no\/no\/wp-json\/wp\/v2\/product\/29157","targetHints":{"allow":["GET"]}}],"collection":[{"href":"https:\/\/grappa.no\/no\/wp-json\/wp\/v2\/product"}],"about":[{"href":"https:\/\/grappa.no\/no\/wp-json\/wp\/v2\/types\/product"}],"replies":[{"embeddable":true,"href":"https:\/\/grappa.no\/no\/wp-json\/wp\/v2\/comments?post=29157"}],"wp:featuredmedia":[{"embeddable":true,"href":"https:\/\/grappa.no\/no\/wp-json\/wp\/v2\/media\/29158"}],"wp:attachment":[{"href":"https:\/\/grappa.no\/no\/wp-json\/wp\/v2\/media?parent=29157"}],"wp:term":[{"taxonomy":"product_brand","embeddable":true,"href":"https:\/\/grappa.no\/no\/wp-json\/wp\/v2\/product_brand?post=29157"},{"taxonomy":"product_cat","embeddable":true,"href":"https:\/\/grappa.no\/no\/wp-json\/wp\/v2\/product_cat?post=29157"},{"taxonomy":"product_tag","embeddable":true,"href":"https:\/\/grappa.no\/no\/wp-json\/wp\/v2\/product_tag?post=29157"}],"curies":[{"name":"wp","href":"https:\/\/api.w.org\/{rel}","templated":true}]}}