{"id":29099,"date":"2000-03-02T00:00:00","date_gmt":"2000-03-01T23:00:00","guid":{"rendered":"http:\/\/www.grappa.no\/no\/albums\/ukategorisert\/grieg-and-debussy-string-quartets\/"},"modified":"2019-02-22T15:48:06","modified_gmt":"2019-02-22T14:48:06","slug":"grieg-and-debussy-string-quartets","status":"publish","type":"product","link":"https:\/\/grappa.no\/no\/albums\/simax-classics\/grieg-and-debussy-string-quartets\/","title":{"rendered":"Grieg and Debussy String Quartets"},"content":{"rendered":"<p><\/p>\n<p>Grieg m\u00f8ter Debussy<\/p>\n<p>Den anerkjente strykekvartetten Vertavo fremf\u00f8rer Edvard Griegs og Claude Debussys strykekvartetter, to komposisjoner som til tross for sine ulikheter i musikalsk spr\u00e5k og stil likevel har mye til felles. P\u00e5 mange m\u00e5ter bevegede Grieg og Debussy seg n\u00e6rmest hverandre i deres strykekvartetter. Begge verk er b\u00e5de uvanlige ambisi\u00f8se design i full skal med fire satser, av komponister mer anerkjent for deres kortere verk, og begge verk representerer den fullt utviklede sentral-Europeiske, klassisk-romantiske stilen av sonateformen. Likevel, begge komponister kombinerer det grunnleggende spr\u00e5ket med mer eksotiske elementer: Grieg fra norsk og italiensk folkemusikk, og Debussy fra Javanensisk Gamelan. Det er mye som tilsier at Debussy hadde Griegs kvartett i bakhodet da han skrev sin egen kvartett. <\/p>\n<p>Vertavo strykekvartett, grunnlagt i 1984, har opparbeidet seg et rykte som et av Europas mest fremragende strykekvartetter. N\u00e5r man h\u00f8rer fremf\u00f8ringene p\u00e5 dette albumet innser man hvor velfortjent dette ryktet faktisk er. Best\u00e5ende av cellist Bj\u00f8rg V\u00e6rnes, bratsjist Henninge Landaas, og fiolinistene Berit Cardas og \u00d8yvor Valle, har Vertavo spilt inn flere album, mottatt Spellemannpris, turnert i Europa, USA og Australia, og mottatt flere internasjonale priser og utmerkelser.<\/p>\n<p><!--more--><\/p>\n<h4><\/h4>\n<\/p>\n<h4><\/h4>\n<p><h4><\/h4>\n<\/p>\n<p><\/p>","protected":false},"excerpt":{"rendered":"<p>Edvard Griegs og Claude Debussys eneste strykekvartetter fremf\u00f8res p\u00e5 mesterlig vis av den anerkjente kvartetten Vertavo.<\/p>\n","protected":false},"featured_media":29100,"comment_status":"closed","ping_status":"open","template":"","meta":[],"product_brand":[],"product_cat":[180],"product_tag":[],"class_list":{"0":"post-29099","1":"product","2":"type-product","3":"status-publish","4":"has-post-thumbnail","6":"product_cat-simax-classics","7":"product_shipping_class-cddvd-shipping","8":"uni_artist_tag-claude-debussy","9":"uni_artist_tag-edvard-grieg","10":"uni_artist_tag-jorn-pedersen","11":"uni_artist_tag-vertavo-string-quartet","12":"uni_main_artist_tag-vertavo-string-quartet","13":"uni_artist_genre-chamber-music","14":"uni_artist_genre-norwegian","15":"uni_artist_genre-strings","17":"first","18":"instock","19":"taxable","20":"shipping-taxable","21":"purchasable","22":"product-type-simple"},"_links":{"self":[{"href":"https:\/\/grappa.no\/no\/wp-json\/wp\/v2\/product\/29099","targetHints":{"allow":["GET"]}}],"collection":[{"href":"https:\/\/grappa.no\/no\/wp-json\/wp\/v2\/product"}],"about":[{"href":"https:\/\/grappa.no\/no\/wp-json\/wp\/v2\/types\/product"}],"replies":[{"embeddable":true,"href":"https:\/\/grappa.no\/no\/wp-json\/wp\/v2\/comments?post=29099"}],"wp:featuredmedia":[{"embeddable":true,"href":"https:\/\/grappa.no\/no\/wp-json\/wp\/v2\/media\/29100"}],"wp:attachment":[{"href":"https:\/\/grappa.no\/no\/wp-json\/wp\/v2\/media?parent=29099"}],"wp:term":[{"taxonomy":"product_brand","embeddable":true,"href":"https:\/\/grappa.no\/no\/wp-json\/wp\/v2\/product_brand?post=29099"},{"taxonomy":"product_cat","embeddable":true,"href":"https:\/\/grappa.no\/no\/wp-json\/wp\/v2\/product_cat?post=29099"},{"taxonomy":"product_tag","embeddable":true,"href":"https:\/\/grappa.no\/no\/wp-json\/wp\/v2\/product_tag?post=29099"}],"curies":[{"name":"wp","href":"https:\/\/api.w.org\/{rel}","templated":true}]}}