{"id":29084,"date":"2009-08-03T00:00:00","date_gmt":"2009-08-02T23:00:00","guid":{"rendered":"http:\/\/www.grappa.no\/no\/albums\/ukategorisert\/the-san-jose-sessions\/"},"modified":"2016-11-18T16:35:19","modified_gmt":"2016-11-18T15:35:19","slug":"the-san-jose-sessions","status":"publish","type":"product","link":"https:\/\/grappa.no\/no\/albums\/blue-mood-records\/the-san-jose-sessions\/","title":{"rendered":"The San Jos\u00e9 Sessions"},"content":{"rendered":"<p><\/p>\n<p>Spellemannsnominert blues fra Ronnie Jacobsen.<\/p>\n<p>Ronnie Jacobsen er tilbake med en hyllest til den tradisjonelle bluesen. Den Spellemannsnominerte utgivelsen The San Jos\u00e9 Sessions er en bunnsolid samling av Chicago-blues fra 1950-tallet, fremf\u00f8rt av en av v\u00e5re aller beste bluesgitarister sammen med en h\u00e5ndfull musikere i verdensklasse. Resultatet har blitt en fenomenal bluesplate som tar utgangspunkt i arven etter Chicago-bluesens store navn som Muddy Waters, Little Walter, Eddie Taylor, Jimmy Rogers og Sonny Boy Williamson. Ronnie Jacobsen og de \u00f8vrige musikerne p\u00e5 The San Jos\u00e9 Sessions viser en unik forst\u00e5else for dynamikken i tradisjonell blues og de fremf\u00f8rer l\u00e5tene med respekt og troverdighet og bidrar til \u00e5 gj\u00f8re den tradisjonelle bluesen mer aktuell enn noensinne.<\/p>\n<p><!--more--><\/p>\n<p>Ronnie Jacobsen hyller den tradisjonelle bluesen.<\/p>\n<h4>I toppsjiktet<\/h4>\n<p>Den Spellemannsnominerte artisten er en av v\u00e5re aller beste bluesgitarister og leverer her et musikalsk h\u00e5ndverk i elitedivisjon. Med seg p\u00e5 laget har han en h\u00e5ndfull musikere i verdensklasse:bluesautoritet Kid Andersen som tekniker og bassist, den ledende bluesmunnspilleren Richard Gjems, pianosensasjonen \u00d8yvind St\u00f8lefjell og den fantastiske Marty Dodson p\u00e5 trommer. I tillegg bidrar Gary Smith p\u00e5 munnspill og Rusty Zinn p\u00e5 vokal.<\/p>\n<h4>Hedrer Chicago-bluesen<\/h4>\n<p>Resultatet har blitt en fenomenal bluesplate som tar utgangspunkt i arven etter Chicago-bluesens store navn som Muddy Waters, Little Walter, Eddie Taylor, Jimmy Rogers og Sonny Boy Williamson. Gode, gamle l\u00e5ter som \u201dLudella\u201d, \u201dOh Baby\u201d, \u201dStanding Around Crying\u201d  og \u201dNine Below Zero\u201d blir her hedret med en innlevelse og spilleglede som er sjelden.<\/p>\n<h4>Forst\u00e5else for sjangeren<\/h4>\n<p>For \u00e5 f\u00e5 den rette rammen rundt dette prosjektet og for \u00e5 virkelig kunne formidle den tradisjonelle bluesmusikken, har Jacobsen og kompani benyttet seg av Kid Andersens analoge Greaseland Studio i San Jos\u00e9, California. Dette har gjort l\u00e5tmaterialet sv\u00e6rt godt og den gode stemningen i studio er til \u00e5 ta og f\u00f8le p\u00e5. Ronnie Jacobsen og de \u00f8vrige musikerne p\u00e5 The San Jos\u00e9 Sessions viser en unik forst\u00e5else for dynamikken i tradisjonell blues og de fremf\u00f8rer l\u00e5tene med respekt og troverdighet og bidrar til \u00e5 gj\u00f8re den tradisjonelle bluesen mer aktuell enn noensinne.<\/p>\n<p><\/p>","protected":false},"excerpt":{"rendered":"<p>\u2013 Ypperlig Chicago-blues. Alt i alt er det meg en plikt \u00e5 anbefale dette albumet til de som vil h\u00f8re det ypperste innen norsk blues. [6\/7 Thomas Andersen \/ groove.no]<\/p>\n","protected":false},"featured_media":29089,"comment_status":"closed","ping_status":"open","template":"","meta":[],"product_brand":[],"product_cat":[51],"product_tag":[],"class_list":{"0":"post-29084","1":"product","2":"type-product","3":"status-publish","4":"has-post-thumbnail","6":"product_cat-blue-mood-records","7":"product_shipping_class-cddvd-shipping","8":"uni_artist_tag-christoffer-kid-andersen","9":"uni_artist_tag-eddie-taylor","10":"uni_artist_tag-gary-smith","11":"uni_artist_tag-jimmy-rogers","12":"uni_artist_tag-junior-wells","13":"uni_artist_tag-marty-dodson","14":"uni_artist_tag-mckinley-morganfield","15":"uni_artist_tag-oyvind-stolefjell","16":"uni_artist_tag-rice-miller","17":"uni_artist_tag-richard-gjems","18":"uni_artist_tag-ronnie-jacobsen","19":"uni_artist_tag-ruzty-zinn","20":"uni_artist_tag-slim-otis-v-hicks","21":"uni_artist_tag-walter-jacobs","22":"uni_main_artist_tag-ronnie-jacobsen","23":"uni_artist_genre-blues","25":"first","26":"instock","27":"taxable","28":"shipping-taxable","29":"purchasable","30":"product-type-simple"},"_links":{"self":[{"href":"https:\/\/grappa.no\/no\/wp-json\/wp\/v2\/product\/29084","targetHints":{"allow":["GET"]}}],"collection":[{"href":"https:\/\/grappa.no\/no\/wp-json\/wp\/v2\/product"}],"about":[{"href":"https:\/\/grappa.no\/no\/wp-json\/wp\/v2\/types\/product"}],"replies":[{"embeddable":true,"href":"https:\/\/grappa.no\/no\/wp-json\/wp\/v2\/comments?post=29084"}],"wp:featuredmedia":[{"embeddable":true,"href":"https:\/\/grappa.no\/no\/wp-json\/wp\/v2\/media\/29089"}],"wp:attachment":[{"href":"https:\/\/grappa.no\/no\/wp-json\/wp\/v2\/media?parent=29084"}],"wp:term":[{"taxonomy":"product_brand","embeddable":true,"href":"https:\/\/grappa.no\/no\/wp-json\/wp\/v2\/product_brand?post=29084"},{"taxonomy":"product_cat","embeddable":true,"href":"https:\/\/grappa.no\/no\/wp-json\/wp\/v2\/product_cat?post=29084"},{"taxonomy":"product_tag","embeddable":true,"href":"https:\/\/grappa.no\/no\/wp-json\/wp\/v2\/product_tag?post=29084"}],"curies":[{"name":"wp","href":"https:\/\/api.w.org\/{rel}","templated":true}]}}