{"id":29071,"date":"2008-01-28T00:00:00","date_gmt":"2008-01-27T23:00:00","guid":{"rendered":"http:\/\/www.grappa.no\/no\/albums\/ukategorisert\/live-in-europe\/"},"modified":"2023-04-17T09:50:04","modified_gmt":"2023-04-17T08:50:04","slug":"live-in-europe","status":"publish","type":"product","link":"https:\/\/grappa.no\/no\/albums\/blue-mood-records\/live-in-europe\/","title":{"rendered":"Live in Europe"},"content":{"rendered":"<p><\/p>\n<p>Opplev Bj\u00f8rn Berge live p\u00e5 CD!<\/p>\n<p>Denne utgivelsen dokumenterer Bj\u00f8rn Berge som liveartist og er en gavepakke til fansen \u2013 her er han virkelig p\u00e5 sitt beste! Live in Europe er en dobbel utgivelse med en fantastisk livekonsert fra Belgia, samt den lenge annonserte konserten fra Smuget i Oslo i 2001 p\u00e5 DVD. I tillegg finner vi et par bonusl\u00e5ter fra en festival i Italia. Live in Europe levner ingen tvil om at Bj\u00f8rn Berge er en av Norges landets fremste liveartister. Bj\u00f8rn Berge er i l\u00f8pet av sin utrolige karriere blitt kjent som en av landets beste liveartister. Han har mottatt to Spellemannpriser og med sitt enmannsfyrverkeri vinner han et stadig st\u00f8rre publikum, ogs\u00e5 utenfor landets grenser. Siden 2005 har han hvert \u00e5r holdt oppunder 100 konserter over hele Europa, og har blitt et hett navn p\u00e5 kontinentet.<\/p>\n<p><!--more--><\/p>\n<p>Endelig kan Bj\u00f8rn Berge nytes live p\u00e5 plate!<\/p>\n<h4>Berge i Br\u00fcssel<\/h4>\n<p>Som tittelen tilsier er Live in Europe en liveplate og her er Bj\u00f8rn Berge virkelig i sitt rette element. Berge har lenge v\u00e6rt kjent som en av landets desidert beste liveartister og har opptr\u00e5dt for fulle hus i hele Europa. Denne utgivelsen er tatt opp i Br\u00fcssel foran et entusiastisk publikum og er en forrykende dokumentasjon av denne artistens utrolige enmannsopptredener.<\/p>\n<h4>Historieforteller<\/h4>\n<p>Foruten tolkninger av kjente l\u00e5ter som Motorheads \u201dAce of Spades\u201d, \u201dBlack Jesus\u201d og Chuck Berrys \u201dQuestion Method\u201d, f\u00e5r vi her servert noen av Berges egne l\u00e5ter, blant andre \u201dTrains\u201d og \u201dAngel Band\u201d. Live in Europe viser godt hvordan Berge evner \u00e5 samle egne og andres l\u00e5ter i sitt repertoar og gj\u00f8re det typisk \u201dbergersk\u201d: vekslingen mellom kraftfulle gitarriff og mer dempet fingerspill gj\u00f8r at Berge virkelig forteller historier, b\u00e5de egne og andres, med gitaren. Og publikum er ivrige tilh\u00f8rere: Berge er en fengslende liveartist og denne liveplaten er rett og slett magisk.<\/p>\n<h4>Leker med konvensjoner<\/h4>\n<p>Berge startet fortrinnsvis som bluesartist, men har etter hvert blandet dette med et mer rocka repertoar. P\u00e5 Live in Europe samler han p\u00e5 mesterlig vis disse sjangrene i et helt s\u00e6regent uttrykk. Denne evnen til \u00e5 leke s\u00e5 selvsikkert med sjangere og musikalske konvensjoner er noe av det som kjennetegner denne begavede gitaristen og artisten og som har gjort ham til en av Europas mest popul\u00e6re liveartister.<\/p>\n<p><\/p>","protected":false},"excerpt":{"rendered":"<p>\u2013 En av de mest etterlengtede platene fra en norsk bluesartist noensinne. [5\/6 Petter L\u00f8nningen \/ Bergens Tidende]<\/p>\n","protected":false},"featured_media":29083,"comment_status":"closed","ping_status":"closed","template":"","meta":[],"product_brand":[],"product_cat":[51],"product_tag":[],"class_list":{"0":"post-29071","1":"product","2":"type-product","3":"status-publish","4":"has-post-thumbnail","6":"product_cat-blue-mood-records","7":"product_shipping_class-cddvd-shipping","8":"uni_artist_tag-anthony-kiedis","9":"uni_artist_tag-bjorn-berge","10":"uni_artist_tag-blind-lemon-jefferson","11":"uni_artist_tag-brad-wilk","12":"uni_artist_tag-chad-smith","13":"uni_artist_tag-chuck-berry","14":"uni_artist_tag-eddie-clarke","15":"uni_artist_tag-eric-schrody","16":"uni_artist_tag-ian-kilmister","17":"uni_artist_tag-jan-flaaten","18":"uni_artist_tag-john-frusciante","19":"uni_artist_tag-mark-sandman","20":"uni_artist_tag-michael-p-flea-balzary","21":"uni_artist_tag-paul-siebel","22":"uni_artist_tag-phil-taylor","23":"uni_artist_tag-tim-commerford","24":"uni_artist_tag-tom-morello","25":"uni_artist_tag-tore-jamne","26":"uni_artist_tag-trad","27":"uni_artist_tag-zach-de-la-rocha","28":"uni_main_artist_tag-bjorn-berge","29":"uni_artist_genre-blues","30":"uni_artist_genre-rock","32":"first","33":"outofstock","34":"taxable","35":"shipping-taxable","36":"purchasable","37":"product-type-simple"},"_links":{"self":[{"href":"https:\/\/grappa.no\/no\/wp-json\/wp\/v2\/product\/29071","targetHints":{"allow":["GET"]}}],"collection":[{"href":"https:\/\/grappa.no\/no\/wp-json\/wp\/v2\/product"}],"about":[{"href":"https:\/\/grappa.no\/no\/wp-json\/wp\/v2\/types\/product"}],"replies":[{"embeddable":true,"href":"https:\/\/grappa.no\/no\/wp-json\/wp\/v2\/comments?post=29071"}],"wp:featuredmedia":[{"embeddable":true,"href":"https:\/\/grappa.no\/no\/wp-json\/wp\/v2\/media\/29083"}],"wp:attachment":[{"href":"https:\/\/grappa.no\/no\/wp-json\/wp\/v2\/media?parent=29071"}],"wp:term":[{"taxonomy":"product_brand","embeddable":true,"href":"https:\/\/grappa.no\/no\/wp-json\/wp\/v2\/product_brand?post=29071"},{"taxonomy":"product_cat","embeddable":true,"href":"https:\/\/grappa.no\/no\/wp-json\/wp\/v2\/product_cat?post=29071"},{"taxonomy":"product_tag","embeddable":true,"href":"https:\/\/grappa.no\/no\/wp-json\/wp\/v2\/product_tag?post=29071"}],"curies":[{"name":"wp","href":"https:\/\/api.w.org\/{rel}","templated":true}]}}