{"id":29065,"date":"2007-10-10T00:00:00","date_gmt":"2007-10-09T23:00:00","guid":{"rendered":"http:\/\/www.grappa.no\/no\/albums\/ukategorisert\/jug-rock\/"},"modified":"2016-12-15T11:02:11","modified_gmt":"2016-12-15T10:02:11","slug":"jug-rock","status":"publish","type":"product","link":"https:\/\/grappa.no\/no\/albums\/blue-mood-records\/jug-rock\/","title":{"rendered":"Jug Rock"},"content":{"rendered":"<p><\/p>\n<p>Delta blues fra J\u00f8rn Bastiansens og Delta Jukes.<\/p>\n<p>Dette er det tredje albumet til JB &amp; The Delta Jukes. En sprelsk mikstur av spilleglede og slapstick-humor blandet med en forkj\u00e6rlighet for blues, rock\u2019n\u2019roll, hillbilly og annen amerikansk \u201dprimitiv\u201d musikk utgj\u00f8r ryggraden i JB &amp; The Delta Jukes. Musikerne har latt seg inspirere av amerikansk folkemusikk fra Mississippi Deltaet. L\u00e5tene er en blanding av eget materiale og covere av eldre og avd\u00f8de trubadurer og bluesmenn som Skip James, Noah Lewis og RL Burnside. De egne l\u00e5tene st\u00e5r seg godt side om side med klassikerne.<\/p>\n<p><!--more--><\/p>\n<h4><\/h4>\n<\/p>\n<h4><\/h4>\n<p><h4><\/h4>\n<\/p>\n<p><\/p>","protected":false},"excerpt":{"rendered":"<p>Om ikke JB &amp; The Delta Jukes har funnet opp det musikalske kruttet p\u00e5 nytt, f\u00e5r de det stadig til \u00e5 smelle n\u00e5r du minst aner det!<\/p>\n","protected":false},"featured_media":29067,"comment_status":"closed","ping_status":"open","template":"","meta":[],"product_brand":[],"product_cat":[51],"product_tag":[],"class_list":{"0":"post-29065","1":"product","2":"type-product","3":"status-publish","4":"has-post-thumbnail","6":"product_cat-blue-mood-records","7":"product_shipping_class-cddvd-shipping","8":"uni_artist_tag-jb-the-delta-jukes","9":"uni_main_artist_tag-jb-the-delta-jukes","10":"uni_artist_genre-blues","11":"uni_artist_genre-rock","13":"first","14":"instock","15":"taxable","16":"shipping-taxable","17":"purchasable","18":"product-type-simple"},"_links":{"self":[{"href":"https:\/\/grappa.no\/no\/wp-json\/wp\/v2\/product\/29065","targetHints":{"allow":["GET"]}}],"collection":[{"href":"https:\/\/grappa.no\/no\/wp-json\/wp\/v2\/product"}],"about":[{"href":"https:\/\/grappa.no\/no\/wp-json\/wp\/v2\/types\/product"}],"replies":[{"embeddable":true,"href":"https:\/\/grappa.no\/no\/wp-json\/wp\/v2\/comments?post=29065"}],"wp:featuredmedia":[{"embeddable":true,"href":"https:\/\/grappa.no\/no\/wp-json\/wp\/v2\/media\/29067"}],"wp:attachment":[{"href":"https:\/\/grappa.no\/no\/wp-json\/wp\/v2\/media?parent=29065"}],"wp:term":[{"taxonomy":"product_brand","embeddable":true,"href":"https:\/\/grappa.no\/no\/wp-json\/wp\/v2\/product_brand?post=29065"},{"taxonomy":"product_cat","embeddable":true,"href":"https:\/\/grappa.no\/no\/wp-json\/wp\/v2\/product_cat?post=29065"},{"taxonomy":"product_tag","embeddable":true,"href":"https:\/\/grappa.no\/no\/wp-json\/wp\/v2\/product_tag?post=29065"}],"curies":[{"name":"wp","href":"https:\/\/api.w.org\/{rel}","templated":true}]}}