{"id":29051,"date":"2006-06-12T00:00:00","date_gmt":"2006-06-11T23:00:00","guid":{"rendered":"http:\/\/www.grappa.no\/no\/albums\/ukategorisert\/greaseland\/"},"modified":"2024-02-26T09:42:02","modified_gmt":"2024-02-26T08:42:02","slug":"greaseland","status":"publish","type":"product","link":"https:\/\/grappa.no\/no\/albums\/blue-mood-records\/greaseland\/","title":{"rendered":"GREASELAND"},"content":{"rendered":"<p><\/p>\n<p>Kid Andersen: Internasjonal klasse<\/p>\n<p>Greaseland er et \u00e6rlig og gjennomf\u00f8rt album som bekrefter Kid Andersen som en s\u00e6rpreget artist av internasjonalt kaliber. Utgivelsen ble nominert til Spellemannprisen i kategorien Blues og fikk sv\u00e6rt god omtale i norsk presse. De fleste l\u00e5tene p\u00e5 Greaseland er Andersens egne. De dynamiske melodiene er skreddersydde til Andersens uovertrufne gitarspill og han f\u00e5r virkelig vist seg som den gitarkunstneren han er. Tekstene er sterke og personlige og henter mye inspirasjon fra Andersens liv som omreisende musiker. Kid Andersen har lenge v\u00e6rt et av de aller sterkeste gitarnavnene i norsk blues og er en h\u00f8yt respektert musiker i norsk musikkliv. Hans virtuose traktering av gitaren har dessuten n\u00e5dd langt utover landets grenser og har sikret ham fast plass i bandet til en av verdens fremste bluesmusikere, Charles Musselwhite.<\/p>\n<p><!--more--><\/p>\n<p>Kid Andersen viser en modenhet som musiker og l\u00e5tskriver som vil vekke internasjonal interesse.<\/p>\n<h4>P\u00e5 jakt etter lykken i USA<\/h4>\n<p>Som sin gode venn og inspirator Vidar Busk gjorde p\u00e5 slutten av 80-tallet, reise Andersen p\u00e5 slutten av 90-tallet til USA for \u00e5 s\u00f8ke lykken. Og etter en periode i bandet til saksofonist Terry Hanck, endte han som foretrukken v\u00e5pendrager for Charlie Musselwhite, en sensasjon i den internasjonale bluesverden som har f\u00e5tt alt for lite oppmerksomhet her hjemme.<\/p>\n<h4>Et liv p\u00e5 veien<\/h4>\n<p>Albumet tar utgangspunkt i Andersens liv som omreisende, ensom, utslitt og desillusjonert musiker. L\u00e5tene er skrevet i diverse gr\u00f8fter og p\u00e5 diverse brune barer i hans eget hjemland, Greaseland, og vi f\u00e5r et grundig innblikk i Andersens forskjellige musikalske innflytelser og inntrykk etter mange \u00e5r p\u00e5 veien. Albumet inneholder hans egne komposisjoner og refleksjoner, kun ispedd et par klassikere som han hadde skrevet selv, hadde de ikke allerede v\u00e6rt laget.<\/p>\n<h4>Personlig album<\/h4>\n<p>Tekstmessig er Andersen humoristisk, dyster, presis og \u00e6rlig, noe som reflekteres tydelig i musikken og gir et sterkt album, med skr\u00e5blikk som er b\u00e5de personlige og humoristiske. Et dystert anstr\u00f8k h\u00f8rer selvsagt med i en hver ekte bluesmanns virkelighet, og dette kommer ogs\u00e5 til uttrykk p\u00e5 denne utgivelsen.<\/p>\n<p><\/p>","protected":false},"excerpt":{"rendered":"<p>\u2013 Er Kid Andersen i ferd med \u00e5 bli nasjonens viktigste bluesmusiker? [Arild R\u00f8nsen \/ Puls.no]<\/p>\n","protected":false},"featured_media":29053,"comment_status":"closed","ping_status":"closed","template":"","meta":[],"product_brand":[],"product_cat":[51],"product_tag":[],"class_list":{"0":"post-29051","1":"product","2":"type-product","3":"status-publish","4":"has-post-thumbnail","6":"product_cat-blue-mood-records","7":"product_shipping_class-cddvd-shipping","8":"uni_artist_tag-bjorn-holm","9":"uni_artist_tag-charlie-musselwhite","10":"uni_artist_tag-duster-bennet","11":"uni_artist_tag-espen-forseth","12":"uni_artist_tag-john-nemeth","13":"uni_artist_tag-johnny-augland","14":"uni_artist_tag-kid-christoffer-andersen","15":"uni_artist_tag-martin-windstad","16":"uni_artist_tag-peter-james","17":"uni_artist_tag-richard-gjems","18":"uni_artist_tag-skip-james","19":"uni_artist_tag-timbob-harris","20":"uni_main_artist_tag-kid-christoffer-andersen","21":"uni_artist_genre-blues","22":"uni_artist_genre-rock","24":"first","25":"instock","26":"taxable","27":"shipping-taxable","28":"purchasable","29":"product-type-simple"},"_links":{"self":[{"href":"https:\/\/grappa.no\/no\/wp-json\/wp\/v2\/product\/29051","targetHints":{"allow":["GET"]}}],"collection":[{"href":"https:\/\/grappa.no\/no\/wp-json\/wp\/v2\/product"}],"about":[{"href":"https:\/\/grappa.no\/no\/wp-json\/wp\/v2\/types\/product"}],"replies":[{"embeddable":true,"href":"https:\/\/grappa.no\/no\/wp-json\/wp\/v2\/comments?post=29051"}],"wp:featuredmedia":[{"embeddable":true,"href":"https:\/\/grappa.no\/no\/wp-json\/wp\/v2\/media\/29053"}],"wp:attachment":[{"href":"https:\/\/grappa.no\/no\/wp-json\/wp\/v2\/media?parent=29051"}],"wp:term":[{"taxonomy":"product_brand","embeddable":true,"href":"https:\/\/grappa.no\/no\/wp-json\/wp\/v2\/product_brand?post=29051"},{"taxonomy":"product_cat","embeddable":true,"href":"https:\/\/grappa.no\/no\/wp-json\/wp\/v2\/product_cat?post=29051"},{"taxonomy":"product_tag","embeddable":true,"href":"https:\/\/grappa.no\/no\/wp-json\/wp\/v2\/product_tag?post=29051"}],"curies":[{"name":"wp","href":"https:\/\/api.w.org\/{rel}","templated":true}]}}