{"id":29026,"date":"2016-04-08T00:00:00","date_gmt":"2016-04-07T23:00:00","guid":{"rendered":"http:\/\/www.grappa.no\/albums\/uncategorized\/sigmund-groven-collection-concerto\/"},"modified":"2016-09-12T11:46:06","modified_gmt":"2016-09-12T10:46:06","slug":"sigmund-groven-collection-concerto","status":"publish","type":"product","link":"https:\/\/grappa.no\/no\/albums\/grappa\/sigmund-groven-collection-concerto\/","title":{"rendered":"Sigmund Groven Collection: Concerto"},"content":{"rendered":"<p><\/p>\n<p>Sigmund Groven fullf\u00f8rer sin suksessfulle trilogi<\/p>\n<p>I 2014 gav Sigmund Groven ut f\u00f8rste album \u2013 i en serie p\u00e5 tre \u2013 med utvalgte innspillinger fra sin 40 \u00e5r lange karriere som plateartist. I 2015 kom album nummer to \u00abTradition\u00bb, og n\u00e5 slippes tredje og siste album i trilogien: \u00abConcerto\u00bb.<\/p>\n<p>Sigmund Groven har lang fartstid I norsk musikkliv: sin f\u00f8rste radiokonsert hadde han allerede I 1965, f\u00f8rste TV-opptreden I 1966, f\u00f8rste Rikskonsertturn\u00e9 I 1971 og den f\u00f8rste LP-en,\u201dS\u00e5 spiller vi harmonica\u201d, kom I 1975. I 2015 markerte Groven dermed to jubileer, og han ble ogs\u00e5 utnevnt til ridder av f\u00f8rste klasse, av den kongelige St. Olavs orden.<\/p>\n<p>I \u00e5r er det ogs\u00e5 et jubileum \u00e5 markere for Groven, for dette \u00e5ret fyller han 70 \u00e5r.<br \/>\nDermed passer det fint \u00e5 slippe album nummer tre i serien \u00abSigmund Groven Collection\u00bb. \u00abConcerto\u00bb har en klassisk musikalsk profil, og inneholder b\u00e5de h\u00f8ydepunkter fra Grovens lange karriere i tillegg til noen nye og ikke tidligere utgitte innspillinger.<\/p>\n<p><!--more--><\/p>\n<p>I 2014 gav Sigmund Groven ut f\u00f8rste album &#8211; i en serie p\u00e5 tre \u2013 med utvalgte innspillinger fra sin 40 \u00e5r lange karriere som plateartist. I 2015 kom album nummer to \u00abTradition\u00bb, og n\u00e5 slippes tredje og siste album i triologien: \u00abConcerto\u00bb.<\/p>\n<h4>Klassisk profil<\/h4>\n<p>I \u00e5r er det ogs\u00e5 et jubileum \u00e5 markere for Groven, for dette \u00e5ret fyller han 70 \u00e5r. Dermed passer det fint \u00e5 slippe album nummer tre i serien \u00abSigmund Groven Collection\u00bb. \u00abConcerto\u00bb har en klassisk musikalsk profil, og inneholder b\u00e5de h\u00f8ydepunkter fra Grovens lange karriere i tillegg til noen nye og ikke tidligere utgitte innspillinger. <\/p>\n<p>\u201cI de rette hender kan det beskjedne munnspillet v\u00e6re et avansert instrument av stor skj\u00f8nnhet. Sigmund Groven, liksom Tommy Reilly og Larry Adler f\u00f8r ham, utnytter til fulle munnspillets store spennvidde og klanglige muligheter. Han er en str\u00e5lende musiker, og framst\u00e5r I dag uten tvil som en av de fineste munnspillut\u00f8verne I verden\u201d &#8211; Sir George Martin, produsent for The Beatles.<\/p>\n<h4>Musikalsk ambassad\u00f8r<\/h4>\n<p>Sigmund Grovens merittliste viser at han er en viktig musikalsk ambassad\u00f8r for v\u00e5rt land, og han er stadig travelt opptatt med nye oppgaver. Solistoppdrag med Trondheim Symfoniorkester og Kringkastingsorkesteret st\u00e5r p\u00e5 planen for I \u00e5r, I tillegg til konserter I utlandet <\/p>\n<p>Sigmund Grovens mange innspillinger har oppn\u00e5dd stor popularitet b\u00e5de her hjemme og I utlandet, og spesielt I Asia. \u201cHarmOrgan\u201d innspilt sammen med organisten Iver Kleive I Blu-ray Surround-lyd, ble I 2012 tildelt prisen for \u201cBest Recording\u201d ved Guangzhou Music Awards I Kina.  Sigmund har i mange \u00e5r turn\u00e9rt over hele verden. I 1990 holdt han egen konsert I New Yorks Carnegie Hall, v\u00e6rt solist med en rekke orkestre I Canada og USA, blant annet symfoniorkestert I Dallas der han ble utnevnt til \u00e6resborger av Texas. I Asia har han hatt turn\u00e9er I Japan med med egne konserter I Casls Hall I Tokyo og Kyoto Konserthus. Under et av hans bes\u00f8k I S\u00f8r-Korea laget den st\u00f8rste TV-kanalen et lengre program om hans musikk, og flere av platene hans har ligget inne p\u00e5 listene der.  H\u00f8sten 2016 skal Groven  p\u00e5 turn\u00e9 I S\u00f8r-Korea for fjemte \u00e5r p\u00e5 rad. I det siste har turn\u00e9planen ogs\u00e5 omfattet b\u00e5de Singapore, Saudi-Arabia og Taiwan.<\/p>\n<h4><\/h4>\n<\/p>\n<p><\/p>","protected":false},"excerpt":{"rendered":"<p>\u00abConcerto\u00bb er tredje og siste album i trilogien \u00abSigmund Groven Collection\u00bb. \u00abConcerto\u00bb har en klassisk musikalsk profil, og inneholder b\u00e5de h\u00f8ydepunkter fra Grovens lange karriere i tillegg til noen nye og ikke tidligere utgitte innspillinger.<\/p>\n","protected":false},"featured_media":29027,"comment_status":"closed","ping_status":"open","template":"","meta":[],"product_brand":[],"product_cat":[6],"product_tag":[],"class_list":{"0":"post-29026","1":"product","2":"type-product","3":"status-publish","4":"has-post-thumbnail","6":"product_cat-grappa","7":"product_shipping_class-cddvd-shipping","8":"uni_artist_tag-anne-vada","9":"uni_artist_tag-armon-string-quartet","10":"uni_artist_tag-charles-gounod","11":"uni_artist_tag-domenico-scarlatti","12":"uni_artist_tag-edvard-grieg","13":"uni_artist_tag-giuseppe-verdi","14":"uni_artist_tag-heitor-villa-lobos","15":"uni_artist_tag-helge-iberg","16":"uni_artist_tag-ivar-anton-waagaard","17":"uni_artist_tag-iver-kleive","18":"uni_artist_tag-james-moody","19":"uni_artist_tag-johann-sebastian-bach","20":"uni_artist_tag-john-lennon","21":"uni_artist_tag-kare-nordstoga","22":"uni_artist_tag-kenneth-sivertsen","23":"uni_artist_tag-kjetil-bjerkestrand","24":"uni_artist_tag-norrkoping-symphony-orchestra","25":"uni_artist_tag-norwegian-radio-orchestra","26":"uni_artist_tag-ole-edvard-antonsen","27":"uni_artist_tag-paul-mccartney","28":"uni_artist_tag-rainbow-filmharmonic-orchestra","29":"uni_artist_tag-sigmund-groven","30":"uni_artist_tag-sir-george-martin","31":"uni_artist_tag-terje-venaas","32":"uni_artist_tag-tommy-reilly","33":"uni_main_artist_tag-sigmund-groven","34":"uni_artist_genre-classical","35":"uni_artist_genre-collection","37":"first","38":"instock","39":"taxable","40":"shipping-taxable","41":"purchasable","42":"product-type-simple"},"_links":{"self":[{"href":"https:\/\/grappa.no\/no\/wp-json\/wp\/v2\/product\/29026","targetHints":{"allow":["GET"]}}],"collection":[{"href":"https:\/\/grappa.no\/no\/wp-json\/wp\/v2\/product"}],"about":[{"href":"https:\/\/grappa.no\/no\/wp-json\/wp\/v2\/types\/product"}],"replies":[{"embeddable":true,"href":"https:\/\/grappa.no\/no\/wp-json\/wp\/v2\/comments?post=29026"}],"wp:featuredmedia":[{"embeddable":true,"href":"https:\/\/grappa.no\/no\/wp-json\/wp\/v2\/media\/29027"}],"wp:attachment":[{"href":"https:\/\/grappa.no\/no\/wp-json\/wp\/v2\/media?parent=29026"}],"wp:term":[{"taxonomy":"product_brand","embeddable":true,"href":"https:\/\/grappa.no\/no\/wp-json\/wp\/v2\/product_brand?post=29026"},{"taxonomy":"product_cat","embeddable":true,"href":"https:\/\/grappa.no\/no\/wp-json\/wp\/v2\/product_cat?post=29026"},{"taxonomy":"product_tag","embeddable":true,"href":"https:\/\/grappa.no\/no\/wp-json\/wp\/v2\/product_tag?post=29026"}],"curies":[{"name":"wp","href":"https:\/\/api.w.org\/{rel}","templated":true}]}}