{"id":28971,"date":"2011-06-03T00:00:00","date_gmt":"2011-06-02T23:00:00","guid":{"rendered":"http:\/\/www.grappa.no\/albums\/uncategorized\/divin-at-the-oceansound\/"},"modified":"2016-11-15T09:48:10","modified_gmt":"2016-11-15T08:48:10","slug":"divin-at-the-oceansound","status":"publish","type":"product","link":"https:\/\/grappa.no\/no\/albums\/grappa\/divin-at-the-oceansound\/","title":{"rendered":"Divin\u00b4 At The Oceansound"},"content":{"rendered":"<p><\/p>\n<p>Intime jazzperler<\/p>\n<p>Hilde Louise Asbj\u00f8rnsen er en dame med mange jern i ilden og n\u00e5 lanserer hun sitt nye jazz-album. Innspillingen er gjort live med publikum i studio p\u00e5 Oceansound Recordings, Giske, og materialet er et utvalg fra hennes fire solo-album. M\u00e5let for innspillingen var \u00e5 la sangene og improvisasjon rundt dem f\u00e5 st\u00e5 i sentrum. Ideen oppstod da hun ble booket med trio til Balejazz 2010. J\u00f8rn \u00d8ien, Steinar Raknes og Hilde Louise gjorde helt nedstrippede versjoner av l\u00e5tene, fritt plukket fra de fire utgivelsene. Med en ny og enklere besetning (piano, kontrabass og gitar) og rene swing-tolkninger er dette en levende og intim presentasjon av jazz-sangerinnen og tekstformidleren Asbj\u00f8rnsen. B\u00e5de tekstene, melodiene og hennes egen tolkning av dem fikk et helt nytt spillerom og nytt liv. Etter to utgivelser med stramme arrangementer og rik instrumentering var tiden inne for \u00e5 lydfeste det tid og levnad kan gj\u00f8re med skreven musikk.<\/p>\n<p><!--more--><\/p>\n<p>Ny jazzperle fra Hilde Louise Asbj\u00f8rnsen: Sangerinnen \u2022 L\u00e5tskriveren \u2022 Kabaretartisten \u2022 Tekstforfatteren<\/p>\n<h4>Intim, swingene jazz<\/h4>\n<p>\u2013 M\u00e5let for innspillingen var \u00e5 la sangene og improvisasjon rundt dem f\u00e5 st\u00e5 i sentrum. Ideen oppstod da jeg ble booket med trio til Balejazz 2010. J\u00f8rn \u00d8ien, Steinar Raknes og jeg gjorde helt nedstrippede versjoner av l\u00e5tene, fritt plukket fra de fire utgivelsene, forteller Asbj\u00f8rnsen. Med en ny og enklere besetning (piano, kontrabass og gitar) og rene swing tolkninger er dette en levende og intim presentasjon av jazz-sangerinnen og tekstformidleren Asbj\u00f8rnsen.<\/p>\n<h4>Stjerne p\u00e5 jazzhimmelen<\/h4>\n<p>\u2013 B\u00e5de tekstene, melodiene og min egen tolkning av dem fikk et helt nytt spillerom, og levde p\u00e5 en ny m\u00e5te. Etter to utgivelser med stramme arrangementer og rik instrumentering f\u00f8lte jeg n\u00e5 behovet for \u00e5 lydfeste det tid og levnad kan gj\u00f8re med skreven musikk, sier Asj\u00f8rnsen. Resultatet er et nedstrippet og intimt jazzalbum der Asbj\u00f8rnsen virkelig tar plass som en av Norges fremste jazzsangerinner.<\/p>\n<h4><\/h4>\n<\/p>\n<p><\/p>","protected":false},"excerpt":{"rendered":"<p>\u2013 Hennes evne til \u00e5 variere mellom det innsmigrende, s\u00e5re og fandenivoldske er fascinerende. [5 \/ Olav Gorseth \/ Bergens Tidende]<\/p>\n","protected":false},"featured_media":28973,"comment_status":"closed","ping_status":"open","template":"","meta":[],"product_brand":[],"product_cat":[6],"product_tag":[],"class_list":{"0":"post-28971","1":"product","2":"type-product","3":"status-publish","4":"has-post-thumbnail","6":"product_cat-grappa","7":"product_shipping_class-cddvd-shipping","8":"uni_artist_tag-anders-aarum","9":"uni_artist_tag-eyvinn-magnus-solberg","10":"uni_artist_tag-hilde-louise-asbjornsen","11":"uni_artist_tag-jens-fossum","12":"uni_artist_tag-svein-erik-martinsen-anestad","13":"uni_main_artist_tag-hilde-louise-asbjornsen","14":"uni_artist_genre-jazz","16":"first","17":"outofstock","18":"taxable","19":"shipping-taxable","20":"purchasable","21":"product-type-simple"},"_links":{"self":[{"href":"https:\/\/grappa.no\/no\/wp-json\/wp\/v2\/product\/28971","targetHints":{"allow":["GET"]}}],"collection":[{"href":"https:\/\/grappa.no\/no\/wp-json\/wp\/v2\/product"}],"about":[{"href":"https:\/\/grappa.no\/no\/wp-json\/wp\/v2\/types\/product"}],"replies":[{"embeddable":true,"href":"https:\/\/grappa.no\/no\/wp-json\/wp\/v2\/comments?post=28971"}],"wp:featuredmedia":[{"embeddable":true,"href":"https:\/\/grappa.no\/no\/wp-json\/wp\/v2\/media\/28973"}],"wp:attachment":[{"href":"https:\/\/grappa.no\/no\/wp-json\/wp\/v2\/media?parent=28971"}],"wp:term":[{"taxonomy":"product_brand","embeddable":true,"href":"https:\/\/grappa.no\/no\/wp-json\/wp\/v2\/product_brand?post=28971"},{"taxonomy":"product_cat","embeddable":true,"href":"https:\/\/grappa.no\/no\/wp-json\/wp\/v2\/product_cat?post=28971"},{"taxonomy":"product_tag","embeddable":true,"href":"https:\/\/grappa.no\/no\/wp-json\/wp\/v2\/product_tag?post=28971"}],"curies":[{"name":"wp","href":"https:\/\/api.w.org\/{rel}","templated":true}]}}