{"id":28970,"date":"2010-08-09T00:00:00","date_gmt":"2010-08-08T23:00:00","guid":{"rendered":"http:\/\/www.grappa.no\/albums\/uncategorized\/kirsten-braten-berg-songen\/"},"modified":"2017-04-27T09:48:17","modified_gmt":"2017-04-27T08:48:17","slug":"kirsten-braten-berg-songen","status":"publish","type":"product","link":"https:\/\/grappa.no\/no\/albums\/heilo\/kirsten-braten-berg-songen\/","title":{"rendered":"Kirsten Br\u00e5ten Berg &#8211; Songen"},"content":{"rendered":"<p><\/p>\n<p>Tradisjonsmusikk i frisk og spennende innpakning<\/p>\n<p>Kirsten Br\u00e5ten Berg har v\u00e6rt en sentral ambassad\u00f8r for folkemusikken i mange \u00e5r og er regnet som en av Norges fremste kvedere. Med Songen har hun samlet et utvalg tradisjonelle sanger og folkeviser og har ivaretatt et viktig stykke av norsk kulturhistorie. Sammen med et stjernelag av artister har hun gitt sangene en frisk og spennende innpakning.<\/p>\n<p>Materialet best\u00e5r av sanger og danseviser Br\u00e5ten Berg l\u00e6rte i de tidlige \u00e5r da hun gikk i Austegdlagets folkedansmilj\u00f8 i Arendal og senere i Oslo Songdanslag. Mange av dem er ogs\u00e5 viser hun l\u00e6rte da hun senere var aktiv i leikarring i Oslo. Med p\u00e5 laget har Br\u00e5ten Berg f\u00e5tt med seg de anerkjente musikerne Arild Andersen, Stian Carstensen, Annbj\u00f8rg Lien, Bj\u00f8rn Ole Rasch og Leiv Solberg. Sistnevnte bidrar dessuten som produsent. Flere av disse har Br\u00e5ten Berg samarbeidet med tidligere og samspillet er da ogs\u00e5 up\u00e5klagelig.<\/p>\n<p>L\u00e5tutvalget har f\u00e5tt flotte arrangementer. Her m\u00f8ter vi gamle kjenninger i ny drakt, deriblant \u201dEg heiter Anne Knutsdotter\u201d som har f\u00e5tt en aning av bluesgrass med drivende banjospill av Carstensen. Hans bidrag p\u00e5 pedal steel guitar gj\u00f8r dessuten sitt til at \u201dBl\u00e5mann, bl\u00e5mann, bukken min\u201d, med tekst av Aasmund O. Vinje, tar nye og uventede vendinger. Balladen \u201dBendik og \u00c5rolilja\u201d blir s\u00e6rdeles effektfull med den enkle kombinasjonen av Br\u00e5ten Bergs vokal og Raschs tr\u00f8orgel. Utgivelsen understreker dessuten kontrastene i dette tradisjonsmaterialet. Dette blir tydelig i spranget fra den lette og lyse \u201dVesle Kari v\u00e5r\u201d til den noe m\u00f8rkere \u201dSvarterabben\u201d, der Lien briljerer p\u00e5 henholdsvis hardangerfele og nyckelharpa.<\/p>\n<p>Utgivelsen presenterer utfyllende informasjon om l\u00e5tene og det flotte omslaget og de festlige illustrasjonene inne i heftet er av Harald Aadnevik.<\/p>\n<p><!--more--><\/p>\n<h4><\/h4>\n<\/p>\n<h4><\/h4>\n<p><h4><\/h4>\n<\/p>\n<p><\/p>","protected":false},"excerpt":{"rendered":"<p>Utgivelsen understreker kontrastene i dette tradisjonsmaterialet. Dette blir tydelig i spranget fra den lette og lyse \u201dVesle Kari v\u00e5r\u201d til den noe m\u00f8rkere \u201dSvarterabben\u201d, der Lien briljerer p\u00e5 henholdsvis hardangerfele og nyckelharpa.<\/p>\n","protected":false},"featured_media":28972,"comment_status":"closed","ping_status":"open","template":"","meta":[],"product_brand":[],"product_cat":[35],"product_tag":[],"class_list":{"0":"post-28970","1":"product","2":"type-product","3":"status-publish","4":"has-post-thumbnail","6":"product_cat-heilo","7":"product_shipping_class-cddvd-shipping","8":"uni_artist_tag-annbjorg-lien","9":"uni_artist_tag-anne-haavie","10":"uni_artist_tag-arild-andersen","11":"uni_artist_tag-bjorn-ole-rasch","12":"uni_artist_tag-georg-robert-schirmer","13":"uni_artist_tag-ingvar-bohn","14":"uni_artist_tag-kirsten-braten-berg","15":"uni_artist_tag-kristoffer-fuglem","16":"uni_artist_tag-lars-soraas-d-e","17":"uni_artist_tag-leiv-solberg","18":"uni_artist_tag-olav-sande","19":"uni_artist_tag-stian-carstensen","20":"uni_artist_tag-trad","21":"uni_main_artist_tag-kirsten-braten-berg","22":"uni_artist_genre-folk-music","23":"uni_artist_genre-norwegian","24":"uni_artist_genre-traditional","26":"first","27":"outofstock","28":"taxable","29":"shipping-taxable","30":"purchasable","31":"product-type-simple"},"_links":{"self":[{"href":"https:\/\/grappa.no\/no\/wp-json\/wp\/v2\/product\/28970","targetHints":{"allow":["GET"]}}],"collection":[{"href":"https:\/\/grappa.no\/no\/wp-json\/wp\/v2\/product"}],"about":[{"href":"https:\/\/grappa.no\/no\/wp-json\/wp\/v2\/types\/product"}],"replies":[{"embeddable":true,"href":"https:\/\/grappa.no\/no\/wp-json\/wp\/v2\/comments?post=28970"}],"wp:featuredmedia":[{"embeddable":true,"href":"https:\/\/grappa.no\/no\/wp-json\/wp\/v2\/media\/28972"}],"wp:attachment":[{"href":"https:\/\/grappa.no\/no\/wp-json\/wp\/v2\/media?parent=28970"}],"wp:term":[{"taxonomy":"product_brand","embeddable":true,"href":"https:\/\/grappa.no\/no\/wp-json\/wp\/v2\/product_brand?post=28970"},{"taxonomy":"product_cat","embeddable":true,"href":"https:\/\/grappa.no\/no\/wp-json\/wp\/v2\/product_cat?post=28970"},{"taxonomy":"product_tag","embeddable":true,"href":"https:\/\/grappa.no\/no\/wp-json\/wp\/v2\/product_tag?post=28970"}],"curies":[{"name":"wp","href":"https:\/\/api.w.org\/{rel}","templated":true}]}}