{"id":28691,"date":"2016-04-29T00:00:00","date_gmt":"2016-04-28T23:00:00","guid":{"rendered":"http:\/\/www.grappa.no\/no\/albums\/ukategorisert\/paul-bazelaire-complete-works-for-cello-and-piano\/"},"modified":"2019-02-22T16:08:14","modified_gmt":"2019-02-22T15:08:14","slug":"paul-bazelaire-complete-works-for-cello-and-piano","status":"publish","type":"product","link":"https:\/\/grappa.no\/no\/albums\/simax-classics\/paul-bazelaire-complete-works-for-cello-and-piano\/","title":{"rendered":"Paul Bazelaire: Complete works for cello and piano"},"content":{"rendered":"<p><\/p>\n<p>Vakker, fransk musikk for cello \u2013 Paul Bazelaire.<\/p>\n<p>Paul Bazelaire (1886-1958) var komponist og professor ved musikkkonservatoriet i Paris. For ettertiden har han v\u00e6rt mest kjent for sine arrangementer av ulike klassiske stykker og som l\u00e6rer for flere fremragende cellister. Foruten Suite Fran\u00e7aise har verkene hans for cello og piano aldri tidligere blitt spilt inn og heller ikke v\u00e6rt kjent for et bredere publikum. Under dypdykk i Bazelaire-arkivet i Sedan oppdaget Morten Zeuthen og Daniel Blumenthal disse fortreffelige romantiske perlene som n\u00e5 er \u00e5 finne i sin helhet p\u00e5 denne utgivelsen.<\/p>\n<p><!--more--><\/p>\n<p>Sjarmerende og elegant fransk musikk brakt frem i lyset av den eminente danske cellisten Morten Zeuthen og den amerikanske pianisten Daniel Blumenthal.<\/p>\n<h4>Spesiell undervisningsform<\/h4>\n<p>Bazelaire begynte sine cellostudier bare 7 \u00e5r gammel, og etter \u00e5 ha avsluttet sine studier i komposisjon og cello (med beste karakter) turnerte han rundt om i verden som cellosolist. 32 \u00e5r gammel ble han tilbudt et professorat ved konservatoriet i Paris, en stilling han beholdt i 40 \u00e5r. Bazelaire r\u00f8rte selv sv\u00e6rt sjelden celloen n\u00e5r han underviste. Dette var for at studentene ikke skulle f\u00f8le at de m\u00e5tte &#8216;ta etter&#8217; professoren, men heller finne sin egen stemme i instrumentet.<\/p>\n<h4>En glemt komponist<\/h4>\n<p>Bazelaire var b\u00e5de komponist og pedagog, men i sin samtid var han nok aller mest kjent for arrangementer av musikk fra barokken. Tankegangen rundt 1900 var at den gamle musikken m\u00e5tte bearbeides for \u00e5 treffe det moderne publikum, og her var Bazelaire en mester. Imidlertid gikk jo utviklingen mot at det var originalverkene som var det mest interessante. Dermed forsvant Bazelaires navn nedover i notehaugene sammen med arrangementene av perler fra barokken. Kun et par stykker har holdt seg p\u00e5 repertoaret; blant dem den meget popul\u00e6re &#8216;Suite Fran\u00e7aise sur des airs populaires&#8217; der Bazelaire bearbeider fem popul\u00e6re folkesanger p\u00e5 en m\u00e5te som virkelig har festet seg hos publikum.<\/p>\n<h4>Morten Zeuthen og Daniel Blumenthal bringer Bazelaire frem igjen<\/h4>\n<p>Disse to herrer har tilbragt mye tid blant manuskriptene i komponistens f\u00f8deby Sedan, og slik kan de presentere en rekke verk som ikke har v\u00e6rt innspilt tidligere. Professor Morten Zeuthen (Det Kongelige Danske Musikkonservatorium) har v\u00e6rt en sentral ut\u00f8ver i dansk strykemilj\u00f8 i en mannsalder, med profilerte konserter som solist bl.a. i Carnegie Hall, Wigmore Hall i tillegg til en rekke kritikerroste CD-utgivelser. Professor Daniel Blumenthal (Det Kongelige Flamske Konservatorium i Brussel) gir konserter over hele verden, recitals under Tanglewood-festivalen, Concertgebouw og som solist med orkestre bl.a. English Chamber Orchestra og Atlanta Symphony Orchestra.<\/p>\n<p><\/p>","protected":false},"excerpt":{"rendered":"<p>Under dypdykk i Bazelaire-arkivet i Sedan oppdaget Morten Zeuthen og Daniel Blumenthal disse fortreffelige romantiske perlene som n\u00e5 er \u00e5 finne i sin helhet p\u00e5 denne utgivelsen.<\/p>\n","protected":false},"featured_media":28692,"comment_status":"closed","ping_status":"open","template":"","meta":[],"product_brand":[],"product_cat":[180],"product_tag":[],"class_list":{"0":"post-28691","1":"product","2":"type-product","3":"status-publish","4":"has-post-thumbnail","6":"product_cat-simax-classics","7":"product_shipping_class-cddvd-shipping","8":"uni_artist_tag-daniel-blumenthal","9":"uni_artist_tag-franziska-wackerhagen","10":"uni_artist_tag-morten-zeuthen","11":"uni_artist_tag-paul-bazelaire","12":"uni_main_artist_tag-morten-zeuthen","13":"uni_artist_genre-chamber-music","14":"uni_artist_genre-strings","15":"uni_artist_genre-world-premiere-recording","17":"first","18":"instock","19":"taxable","20":"shipping-taxable","21":"purchasable","22":"product-type-simple"},"_links":{"self":[{"href":"https:\/\/grappa.no\/no\/wp-json\/wp\/v2\/product\/28691","targetHints":{"allow":["GET"]}}],"collection":[{"href":"https:\/\/grappa.no\/no\/wp-json\/wp\/v2\/product"}],"about":[{"href":"https:\/\/grappa.no\/no\/wp-json\/wp\/v2\/types\/product"}],"replies":[{"embeddable":true,"href":"https:\/\/grappa.no\/no\/wp-json\/wp\/v2\/comments?post=28691"}],"wp:featuredmedia":[{"embeddable":true,"href":"https:\/\/grappa.no\/no\/wp-json\/wp\/v2\/media\/28692"}],"wp:attachment":[{"href":"https:\/\/grappa.no\/no\/wp-json\/wp\/v2\/media?parent=28691"}],"wp:term":[{"taxonomy":"product_brand","embeddable":true,"href":"https:\/\/grappa.no\/no\/wp-json\/wp\/v2\/product_brand?post=28691"},{"taxonomy":"product_cat","embeddable":true,"href":"https:\/\/grappa.no\/no\/wp-json\/wp\/v2\/product_cat?post=28691"},{"taxonomy":"product_tag","embeddable":true,"href":"https:\/\/grappa.no\/no\/wp-json\/wp\/v2\/product_tag?post=28691"}],"curies":[{"name":"wp","href":"https:\/\/api.w.org\/{rel}","templated":true}]}}