{"id":28678,"date":"2008-04-07T00:00:00","date_gmt":"2008-04-06T23:00:00","guid":{"rendered":"http:\/\/www.grappa.no\/no\/albums\/ukategorisert\/eugene-ysaye-six-sonatas-for-solo-violin\/"},"modified":"2019-02-22T16:03:08","modified_gmt":"2019-02-22T15:03:08","slug":"eugene-ysaye-six-sonatas-for-solo-violin","status":"publish","type":"product","link":"https:\/\/grappa.no\/no\/albums\/simax-classics\/eugene-ysaye-six-sonatas-for-solo-violin\/","title":{"rendered":"Eug\u00e8ne Ysa\u00ffe: Six sonatas for solo violin"},"content":{"rendered":"<p><\/p>\n<p>Henning Kraggerud i Ysa\u00ffes solosonater<\/p>\n<p>Henning Kraggerud er blant verdens absolutt beste fiolinister i sin generasjon. Six Sonatas for Solo Violin er hans f\u00f8rste solo-plate, og lar oss for f\u00f8rste gang h\u00f8re ham spille p\u00e5 den fantastiske Guarneri del Gesu-fiolinen.  Med et av verdens mest eksklusive instrumenter mellom hendene gir Kraggerud oss sin tolkning av Eug\u00e9ne Ysa\u00ffes sonater \u2013 det mest krevende en fiolinist kan gi seg i kast med.  \u2013 Disse verkene har bergtatt meg helt siden jeg h\u00f8rte dem f\u00f8rste gang som 12-\u00e5ring, uttaler fiolinisten. <\/p>\n<p>Den belgiske komponisten Ysa\u00ffe (1858-1931) ble av sine samtidige regnet som en av verdens fremste fiolinister, og hans verker for solofiolin har mange paralleller til J.S. Bach.  De benyttet seg begge av symbologi i musikken, og med sine fiolinsonater utviklet Ysa\u00ffe symbolaspektet videre. Kraggerud har selv foretatt et dypdykk i musikkens skjulte tegn og koder, som han beskriver i CD-ens innleggshefte,  og p\u00e5 den m\u00e5ten kommet enda n\u00e6rmere musikken.<\/p>\n<p>&#8211;<\/p>\n<p><!--more--><\/p>\n<p>Henning Kraggerud er blant verdens absolutt beste fiolinister i sin generasjon. Six Sonatas for Solo Violin er hans f\u00f8rste solo-plate, og lar oss for f\u00f8rste gang h\u00f8re ham spille p\u00e5 den fantastiske Guarneri del Gesu-fiolinen.  Med et av verdens mest eksklusive instrumenter mellom hendene gir Kraggerud oss sin tolkning av Eug\u00e9ne Ysa\u00ffes sonater \u2013 det mest krevende en fiolinist kan gi seg i kast med.  \u2013 Disse verkene har bergtatt meg helt siden jeg h\u00f8rte dem f\u00f8rste gang som 12-\u00e5ring, uttaler fiolinisten. At det skulle ta mer enn to ti\u00e5r f\u00f8r han f\u00f8lte seg rede til \u00e5 gi dem ut selv, sier sitt om vanskelighetsgraden.<\/p>\n<h4>Ysa\u00ffe-koden \u2013 skjulte beskjeder i musikken<\/h4>\n<p>Den belgiske komponisten Ysa\u00ffe (1858-1931) ble av sine samtidige regnet som en av verdens fremste fiolinister, og hans verker for solofiolin har mange paralleller til J.S. Bach.  De benyttet seg begge av symbologi i musikken, og med sine fiolinsonater utviklet Ysa\u00ffe symbolaspektet videre. Kraggerud har selv foretatt et dypdykk i musikkens skjulte tegn og koder, som han beskriver i CD-ens innleggshefte,  og p\u00e5 den m\u00e5ten kommet enda n\u00e6rmere musikken. Ysa\u00ffe \u201dsiterer\u201d andre komponister i sin musikk, og legger inn personlig referanser til b\u00e5de dem og andre \u2013 lettest \u00e5 h\u00f8re for kjennere av klassisk musikk, men fascinerende ogs\u00e5 for nybegynnere.<\/p>\n<h4>Henning Kraggerud (f. 1973)<\/h4>\n<p>Henning har opptr\u00e5dt som solist og kammermusiker ved en rekke konserter og festivaler verden rundt,  blant annet i New York, London og Berlin. Han har gitt kritikerroste konserter i samspill med flere av verdens ypperste ut\u00f8vere og orkestre. I 2004 var han \u00c5rets Festspill-artist under festspillene i Bergen, og han har tidligere mottatt Grieg-prisen. I 2006 deltok han i dokumentarfilmen \u201dHimmelstormeren\u201d om Ole Bull. Henning Kraggerud er utdannet ved det prestisjetunge Barratt Due musikkinstitutt i Oslo.<\/p>\n<h4>Dextra Musica Series p\u00e5 Simax Classics<\/h4>\n<p>Dextra Musica er en unik samling strykeinstrumenter som er gjort tilgjengelige for et utvalg musikere, i den hensikt \u00e5 hjelpe artistene til \u00e5 n\u00e5 sine kunstneriske m\u00e5lsetninger. I Dextra Musica Series presenterer Simax disse fantastiske musikerne og instrumentene i f\u00f8rsteklasses innspillingslyd, i fomatet SACD\/Hybrid (surround og stereo).  Dextra Musica-samlingen eies av Sparebankstiftelsen DnB NOR.<\/p>\n<p>10. og 11. april er Henning Kraggerud solist i Konserthuset, hvor han opptrer med Oslo Filharmoniske orkester og sjefsdirigent Jukka-Pekka Saraste.<\/p>\n<p><\/p>","protected":false},"excerpt":{"rendered":"<p>\u2013 Kraggerud deserves a place at the top of anyone&#8217;s shortlist for a recording of these endlessly diverting works, especially in sound so alluringly atmospheric. [The Strad Selection]<\/p>\n","protected":false},"featured_media":28679,"comment_status":"closed","ping_status":"open","template":"","meta":[],"product_brand":[],"product_cat":[180],"product_tag":[],"class_list":{"0":"post-28678","1":"product","2":"type-product","3":"status-publish","4":"has-post-thumbnail","6":"product_cat-simax-classics","7":"product_shipping_class-cddvd-shipping","8":"uni_artist_tag-eugene-ysaye","9":"uni_artist_tag-henning-kraggerud","10":"uni_artist_tag-tony-harrison","11":"uni_main_artist_tag-henning-kraggerud","12":"uni_artist_genre-chamber","13":"uni_artist_genre-norwegian-grammy-award-spellemannvinner","14":"uni_artist_genre-sacd","15":"uni_artist_genre-solo","16":"uni_artist_genre-strings","18":"first","19":"instock","20":"taxable","21":"shipping-taxable","22":"purchasable","23":"product-type-simple"},"_links":{"self":[{"href":"https:\/\/grappa.no\/no\/wp-json\/wp\/v2\/product\/28678","targetHints":{"allow":["GET"]}}],"collection":[{"href":"https:\/\/grappa.no\/no\/wp-json\/wp\/v2\/product"}],"about":[{"href":"https:\/\/grappa.no\/no\/wp-json\/wp\/v2\/types\/product"}],"replies":[{"embeddable":true,"href":"https:\/\/grappa.no\/no\/wp-json\/wp\/v2\/comments?post=28678"}],"wp:featuredmedia":[{"embeddable":true,"href":"https:\/\/grappa.no\/no\/wp-json\/wp\/v2\/media\/28679"}],"wp:attachment":[{"href":"https:\/\/grappa.no\/no\/wp-json\/wp\/v2\/media?parent=28678"}],"wp:term":[{"taxonomy":"product_brand","embeddable":true,"href":"https:\/\/grappa.no\/no\/wp-json\/wp\/v2\/product_brand?post=28678"},{"taxonomy":"product_cat","embeddable":true,"href":"https:\/\/grappa.no\/no\/wp-json\/wp\/v2\/product_cat?post=28678"},{"taxonomy":"product_tag","embeddable":true,"href":"https:\/\/grappa.no\/no\/wp-json\/wp\/v2\/product_tag?post=28678"}],"curies":[{"name":"wp","href":"https:\/\/api.w.org\/{rel}","templated":true}]}}