{"id":28638,"date":"2016-02-26T00:00:00","date_gmt":"2016-02-25T23:00:00","guid":{"rendered":"http:\/\/www.grappa.no\/no\/albums\/ukategorisert\/musicus-folkbarokk-fra-roros-omradet\/"},"modified":"2016-10-05T15:32:16","modified_gmt":"2016-10-05T14:32:16","slug":"musicus-folkbarokk-fra-roros-omradet","status":"publish","type":"product","link":"https:\/\/grappa.no\/no\/albums\/heilo\/musicus-folkbarokk-fra-roros-omradet\/","title":{"rendered":"Musicus &#8211; Folkbarokk fra R\u00f8ros-omr\u00e5det"},"content":{"rendered":"<p><\/p>\n<p>Folkebarokk<\/p>\n<p>Det finnes mye notemateriell fra R\u00f8ros-omr\u00e5det fra 1700- og 1800-tallet som opprinnelig ble skrevet ned av lokale spellemenn og musikere. De ble hyret som dansespellemenn av sjefene ved R\u00f8ros kopperverk, eller \u00abstoringene\u00bb som de ble kalt i dagligtale. P\u00e5 \u00abMusicus\u00bb b\u00f8rster musikerne st\u00f8vet av denne spennende musikken som har v\u00e6rt glemt i 150 \u00e5r.<\/p>\n<p>Dette er en viktig del av folkemusikken og historien i R\u00f8rosdistriktet, og f\u00e5 vet at den i det hele tatt har eksistert. N\u00e5 hentes endelig denne musikken fram i lyset igjen.<\/p>\n<p><!--more--><\/p>\n<p>De unge felespillerne John Ole Morken og Olav Mjelva er begge blant de fremste ut\u00f8verne i sin generasjon, og begge har sine r\u00f8tter i Tr\u00f8ndelag. N\u00e5 har de samlet et kreativt og solid ensemble rundt seg for \u00e5 tolke \u00abfolkbarokk\u00bb fra R\u00f8rosomr\u00e5det.<\/p>\n<h4>Prosessen<\/h4>\n<p>Mens de fortsatt var studenter p\u00e5 Ole Bull Akademiet p\u00e5 Voss  (2004 til 2006) begynte Olav L. Mjelva og John Ole Morken \u00e5 grave frem og spille noe av dette materialet. De fikk  flere arbeidsstipend for \u00e5 fordype seg i prosjektet. Etter \u00e5 ha jobbet med prosjektet i flere \u00e5r satt de to til slutt med et stort utvalg av melodier som viser bredden i det eksisterende materialet. <\/p>\n<p>De r\u00e5df\u00f8rte seg med spesialister i barokkmilj\u00f8et som vet mye om fremf\u00f8ringspraksis og har ogs\u00e5 brukt sin egen kunnskap fra folkemusikken for \u00e5 komme n\u00e6rmere et bilde av hvordan denne musikken l\u00e5t da den ble nedtegnet. <\/p>\n<p>Duoen bar hele tiden et \u00f8nske om \u00e5 en gang fremf\u00f8re musikken offentlig igjen og dokumentere den p\u00e5 en plate. I 2007 f\u00f8lte de begge at prosjektet krevde modning og bestemte seg derfor \u00e5 ta opp tr\u00e5den n\u00e5r det f\u00f8ltes naturlig. S\u00e5, i 2013, tok de opp igjen arbeidet og bestemte seg for \u00e5 ta prosjektet ut i offentligheten med konserter og plateinnspilling.<\/p>\n<h4>Folk-barokk<\/h4>\n<p>Mye av materialet Mjelva, Morken og ensemblet har tatt tak i her er skrevet ned p\u00e5 1700- og 1800-tallet.  Flere av spellemennene som ble hyret av \u00abstoringene\u00bb ble p\u00e5kostet utdanning innen musikk, der de blant annet fikk l\u00e6re noter. Pr\u00f8sch, Skomaker-Erik, Knopf, Engzelius, Kristen Dahl, Kristen Evensen og Smed-Jens er sentrale navn som har st\u00e5tt for nedtegnelsene.  Etter disse finnes det mange noter. Notematerialet finnes bevart i offentlige arkiver, men ogs\u00e5 hos privatpersoner. Spellemennene som framf\u00f8rte denne musikken var ogs\u00e5 allmuens spellemenn, og mange fikk da tidlig kjennskap til mer \u00abseri\u00f8s\u00bb musikk.<\/p>\n<p>Melodiene som er nedskrevet er melodier som har falt ut av tradisjonen i dag og tilh\u00f8rer en turdanstradisjon: menuett, polonese, feier osv.<\/p>\n<p>\u00abMusicus \u2013 Folkbarokk fra R\u00f8rosomr\u00e5det\u00bb ble spilt inn i R\u00f8ros kirke med lydtekniker Audun Strype i september 2015 med et stjernelag av musikere med bred erfaringsbakgrunn fra folkemusikk, klassisk musikk og improvisasjonsmusikk. Resultatet er en spennende plate som henter viktig musikk ut av glemmeboken.<\/p>\n<p>Albumet forh\u00e5ndslanseres med konsert i R\u00f8roskirken under R\u00f8rosmartnan 18. februar og med p\u00e5f\u00f8lgende konsert p\u00e5 Riksccenen for folkemusikk og folkedans i Oslo 19. februar.<\/p>\n<h4><\/h4>\n<\/p>\n<p><\/p>","protected":false},"excerpt":{"rendered":"<p>De unge felespillerne John Ole Morken og Olav Mjelva er begge blant de fremste ut\u00f8verne i sin generasjon, og begge har sine r\u00f8tter i Tr\u00f8ndelag. N\u00e5 har de samlet et kreativt og solid ensemble rundt seg for \u00e5 tolke \u00abfolkbarokk\u00bb fra R\u00f8rosomr\u00e5det.<\/p>\n","protected":false},"featured_media":28676,"comment_status":"closed","ping_status":"open","template":"","meta":[],"product_brand":[],"product_cat":[35],"product_tag":[],"class_list":{"0":"post-28638","1":"product","2":"type-product","3":"status-publish","4":"has-post-thumbnail","6":"product_cat-heilo","7":"product_shipping_class-cddvd-shipping","8":"uni_artist_tag-anders-lofberg","9":"uni_artist_tag-fredrik-christopher-prosch","10":"uni_artist_tag-hans-fredrik-jacobsen","11":"uni_artist_tag-hans-hulbaekmo","12":"uni_artist_tag-john-ole-morken","13":"uni_artist_tag-olav-mjelva","14":"uni_artist_tag-trad","15":"uni_artist_tag-trygve-broske","16":"uni_artist_genre-baroque","17":"uni_artist_genre-chamber-music","18":"uni_artist_genre-crossover","19":"uni_artist_genre-folk-music","21":"first","22":"instock","23":"taxable","24":"shipping-taxable","25":"purchasable","26":"product-type-simple"},"_links":{"self":[{"href":"https:\/\/grappa.no\/no\/wp-json\/wp\/v2\/product\/28638","targetHints":{"allow":["GET"]}}],"collection":[{"href":"https:\/\/grappa.no\/no\/wp-json\/wp\/v2\/product"}],"about":[{"href":"https:\/\/grappa.no\/no\/wp-json\/wp\/v2\/types\/product"}],"replies":[{"embeddable":true,"href":"https:\/\/grappa.no\/no\/wp-json\/wp\/v2\/comments?post=28638"}],"wp:featuredmedia":[{"embeddable":true,"href":"https:\/\/grappa.no\/no\/wp-json\/wp\/v2\/media\/28676"}],"wp:attachment":[{"href":"https:\/\/grappa.no\/no\/wp-json\/wp\/v2\/media?parent=28638"}],"wp:term":[{"taxonomy":"product_brand","embeddable":true,"href":"https:\/\/grappa.no\/no\/wp-json\/wp\/v2\/product_brand?post=28638"},{"taxonomy":"product_cat","embeddable":true,"href":"https:\/\/grappa.no\/no\/wp-json\/wp\/v2\/product_cat?post=28638"},{"taxonomy":"product_tag","embeddable":true,"href":"https:\/\/grappa.no\/no\/wp-json\/wp\/v2\/product_tag?post=28638"}],"curies":[{"name":"wp","href":"https:\/\/api.w.org\/{rel}","templated":true}]}}