{"id":28637,"date":"2016-02-05T00:00:00","date_gmt":"2016-02-04T23:00:00","guid":{"rendered":"http:\/\/www.grappa.no\/no\/albums\/ukategorisert\/en-storslatt-hyllest-til-elvis\/"},"modified":"2018-01-08T08:48:33","modified_gmt":"2018-01-08T07:48:33","slug":"the-fab-3-en-storslatt-hyllest-til-elvis","status":"publish","type":"product","link":"https:\/\/grappa.no\/no\/albums\/grappa\/the-fab-3-en-storslatt-hyllest-til-elvis\/","title":{"rendered":"The FAB 3 &#8211; En storsl\u00e5tt hyllest til Elvis!"},"content":{"rendered":"<p><\/p>\n<p>En storsl\u00e5tt hyllest til Elvis! Paal Flaata, Stephen Ackles og Vidar Busk<\/p>\n<p>I 2015 ble det stor suksess da tre av norges beste tolkere av rock, country og blues gikk sammen for \u00e5 gjenskape noen av de magiske og unike musikalske opplevelsene som har fanget millioner av mennesker verden over \u2013 og som st\u00e5r som en bauta i enhver beskrivelse av musikkhistorien!  Stephen Ackles, Paal Flaata og Vidar Busk, akkompagnert av noen av v\u00e5re beste musikere og korister, inviterte til et fantastisk show med de mest popul\u00e6re l\u00e5tene Elvis gjorde.<\/p>\n<p>I 2016 fortsetter suksessturneen, og n\u00e5 kan man ogs\u00e5 f\u00e5 med seg showet hjem p\u00e5 plate.<br \/>\nCD-en inneholder 24 l\u00e5ter \u2013 hentet fra ulike konserter under fjor\u00e5rets turn\u00e9. <\/p>\n<p>Turn\u00e9liste 2016<br \/>\n&quot;En storsl\u00e5tt hyllest til Elvis&quot;<br \/>\n18.06 Rossfjord Beachparty, Lyngdal<br \/>\n08.07 Seljordfestivalen, Seljord<\/p>\n<p>&quot;Aloha from T\u00f8nsberg&quot;<br \/>\n16.07 T\u00f8nsberg , Quality Hotel Klubben<br \/>\n21.07 T\u00f8nsberg , Quality Hotel Klubben<br \/>\n22.07 T\u00f8nsberg , Quality Hotel Klubben<br \/>\n23.07 T\u00f8nsberg , Quality Hotel Klubben<br \/>\n28.07 T\u00f8nsberg , Quality Hotel Klubben<br \/>\n29.07 T\u00f8nsberg , Quality Hotel Klubben<br \/>\n30.07 T\u00f8nsberg , Quality Hotel Klubben<\/p>\n<p>&quot;En storsl\u00e5tt hyllest til Elvis &#8211; fortsetter:&quot;<br \/>\n02.09 Hamar , Tjuvholmen Arena<br \/>\n03.09 Stj\u00f8rdal, Blues in Hell<br \/>\n17.09 Kongsberg, Kongsberg Musikkteater<\/p>\n<p>&quot;Blue Christmas&quot;<br \/>\n18.11 Skien, Ibsenhuset<br \/>\n19.11 Skien, Ibsenhuset<br \/>\n25.11 Sandvika, B\u00e6rum Kulturhus<br \/>\n26.11 TBA<br \/>\n03.12 TBA<br \/>\n09.12 Lillestr\u00f8m, Lillestr\u00f8m Kulturhus<br \/>\n10.12 Lillestr\u00f8m, Lillestr\u00f8m Kulturhus<br \/>\n16.12 Sandnes, Sandnes Kulturhus<br \/>\n17.12 Haugesund, Festiviteten<\/p>\n<p><!--more--><\/p>\n<p>En storsl\u00e5tt hyllest til Elvis! Paal Flaata, Stephen Ackles og Vidar Busk<\/p>\n<h4>Turn\u00e9liste 2016<\/h4>\n<p>Turn\u00e9liste 2016<br \/>\n&quot;En storsl\u00e5tt hyllest til Elvis&quot;<br \/>\n18.06 Rossfjord Beachparty, Lyngdal<br \/>\n08.07 Seljordfestivalen, Seljord<\/p>\n<p>&quot;Aloha from T\u00f8nsberg&quot;<br \/>\n16.07 T\u00f8nsberg , Quality Hotel Klubben<br \/>\n21.07 T\u00f8nsberg , Quality Hotel Klubben<br \/>\n22.07 T\u00f8nsberg , Quality Hotel Klubben<br \/>\n23.07 T\u00f8nsberg , Quality Hotel Klubben<br \/>\n28.07 T\u00f8nsberg , Quality Hotel Klubben<br \/>\n29.07 T\u00f8nsberg , Quality Hotel Klubben<br \/>\n30.07 T\u00f8nsberg , Quality Hotel Klubben<\/p>\n<p>&quot;En storsl\u00e5tt hyllest til Elvis &#8211; fortsetter:&quot;<br \/>\n02.09 Hamar , Tjuvholmen Arena<br \/>\n03.09 Stj\u00f8rdal, Blues in Hell<br \/>\n17.09 Kongsberg, Kongsberg Musikkteater<\/p>\n<p>&quot;Blue Christmas&quot;<br \/>\n18.11 Skien, Ibsenhuset<br \/>\n19.11 Skien, Ibsenhuset<br \/>\n25.11 Sandvika, B\u00e6rum Kulturhus<br \/>\n26.11 TBA<br \/>\n03.12 TBA<br \/>\n09.12 Lillestr\u00f8m, Lillestr\u00f8m Kulturhus<br \/>\n10.12 Lillestr\u00f8m, Lillestr\u00f8m Kulturhus<br \/>\n16.12 Sandnes, Sandnes Kulturhus<br \/>\n17.12 Haugesund, Festiviteten<\/p>\n<h4><\/h4>\n<p><h4><\/h4>\n<\/p>\n<p><\/p>","protected":false},"excerpt":{"rendered":"<p>Stephen Ackles, Paal Flaata og Vidar Busk, akkompagnert av noen av v\u00e5re beste musikere og korister, inviter til et fantastisk album med de mest popul\u00e6re l\u00e5tene Elvis gjorde.<\/p>\n","protected":false},"featured_media":28674,"comment_status":"closed","ping_status":"open","template":"","meta":[],"product_brand":[],"product_cat":[6],"product_tag":[],"class_list":{"0":"post-28637","1":"product","2":"type-product","3":"status-publish","4":"has-post-thumbnail","6":"product_cat-grappa","7":"product_shipping_class-cddvd-shipping","8":"uni_artist_tag-aaron-schroeder","9":"uni_artist_tag-abner-silver","10":"uni_artist_tag-al-jacobs","11":"uni_artist_tag-anders-hefre","12":"uni_artist_tag-anders-mossberg","13":"uni_artist_tag-arthur-crudup","14":"uni_artist_tag-bill-trader","15":"uni_artist_tag-billy-strange","16":"uni_artist_tag-bunny-warren","17":"uni_artist_tag-charles-e-daniels","18":"uni_artist_tag-dagfin-hjorth-hovind","19":"uni_artist_tag-dennis-linde","20":"uni_artist_tag-dory-jones","21":"uni_artist_tag-eddie-rabbit","22":"uni_artist_tag-eduardo-di-capua","23":"uni_artist_tag-george-david-weiss","24":"uni_artist_tag-goran-grini","25":"uni_artist_tag-hans-foyn-friis","26":"uni_artist_tag-hugo-peretti","27":"uni_artist_tag-jerry-leiber","28":"uni_artist_tag-jimmy-crane","29":"uni_artist_tag-joy-byers","30":"uni_artist_tag-kjersti-thorset-sande","31":"uni_artist_tag-kristian-edvardsen","32":"uni_artist_tag-lars-aas-hansen","33":"uni_artist_tag-lena-arant","34":"uni_artist_tag-luigi-creatore","35":"uni_artist_tag-ma-rainey","36":"uni_artist_tag-mac-davis","37":"uni_artist_tag-mark-james","38":"uni_artist_tag-martin-wister","39":"uni_artist_tag-mickey-newbury","40":"uni_artist_tag-mike-stoller","41":"uni_artist_tag-mona-veum-baekkelund","42":"uni_artist_tag-paal-flaata","43":"uni_artist_tag-petter-marius-gundersen","44":"uni_artist_tag-red-west","45":"uni_artist_tag-richard-mainegra","46":"uni_artist_tag-rikke-vaeret-olsrud","47":"uni_artist_tag-rory-bourke","48":"uni_artist_tag-sid-wyche","49":"uni_artist_tag-stephen-ackles","50":"uni_artist_tag-the-fab-3","51":"uni_artist_tag-trad","52":"uni_artist_tag-vidar-busk","53":"uni_artist_tag-wally-gold","54":"uni_artist_tag-walter-earl-brown","55":"uni_main_artist_tag-the-fab-3","56":"uni_artist_genre-pop","57":"uni_artist_genre-rhythm-and-blues","58":"uni_artist_genre-rock","60":"first","61":"instock","62":"taxable","63":"shipping-taxable","64":"purchasable","65":"product-type-simple"},"_links":{"self":[{"href":"https:\/\/grappa.no\/no\/wp-json\/wp\/v2\/product\/28637","targetHints":{"allow":["GET"]}}],"collection":[{"href":"https:\/\/grappa.no\/no\/wp-json\/wp\/v2\/product"}],"about":[{"href":"https:\/\/grappa.no\/no\/wp-json\/wp\/v2\/types\/product"}],"replies":[{"embeddable":true,"href":"https:\/\/grappa.no\/no\/wp-json\/wp\/v2\/comments?post=28637"}],"wp:featuredmedia":[{"embeddable":true,"href":"https:\/\/grappa.no\/no\/wp-json\/wp\/v2\/media\/28674"}],"wp:attachment":[{"href":"https:\/\/grappa.no\/no\/wp-json\/wp\/v2\/media?parent=28637"}],"wp:term":[{"taxonomy":"product_brand","embeddable":true,"href":"https:\/\/grappa.no\/no\/wp-json\/wp\/v2\/product_brand?post=28637"},{"taxonomy":"product_cat","embeddable":true,"href":"https:\/\/grappa.no\/no\/wp-json\/wp\/v2\/product_cat?post=28637"},{"taxonomy":"product_tag","embeddable":true,"href":"https:\/\/grappa.no\/no\/wp-json\/wp\/v2\/product_tag?post=28637"}],"curies":[{"name":"wp","href":"https:\/\/api.w.org\/{rel}","templated":true}]}}