{"id":28634,"date":"2016-04-01T00:00:00","date_gmt":"2016-03-31T23:00:00","guid":{"rendered":"http:\/\/www.grappa.no\/no\/albums\/ukategorisert\/featuring\/"},"modified":"2017-08-30T14:48:29","modified_gmt":"2017-08-30T13:48:29","slug":"featuring","status":"publish","type":"product","link":"https:\/\/grappa.no\/no\/albums\/grappa\/featuring\/","title":{"rendered":"Featuring"},"content":{"rendered":"<p><\/p>\n<p>P\u00e5 sitt nye album har Hanne S\u00f8rvaag samlet sammen flere av sine idoler og beste samarbeidspartnere.<\/p>\n<p>Gjestene p\u00e5 plata er Knut Reiersrud, Unni Wilhelmsen, Wenche Myhre, Claudia Scott, Amund Maarud, den danske countryartisten Tobias Steinkj\u00e6r, Elle Melle, Shaun Bartlett, Peter Howart fra &quot;The Hollies&quot; og Magnus Carlson fra svenske &quot;Weeping Willows&quot;. Teitur, fra F\u00e6r\u00f8yene, bidrar p\u00e5 l\u00e5tskriversiden, og Kim Edvard Bergseth er produsent og co-l\u00e5tskriver. <\/p>\n<p>\u00abFeaturing\u00bb er ingen tradisjonell duettplate, men en samling samarbeid med instrumentalister, l\u00e5tskrivere og vokalister som er knyttet til S\u00f8rvaags karriere. Med seg har hun artister som hun er inspirert av og artister hun tidligere har skrevet l\u00e5ter for. Resultatet har blitt en slags hyllest, og en oppsummering av forskjellige vellykkede samarbeid fra f\u00f8r, n\u00e5 og i fremtiden.<\/p>\n<p><!--more--><\/p>\n<p>P\u00e5 sitt nye album &quot;Featuring&quot; har Hanne S\u00f8rvaag samlet sammen flere av sine idoler og beste samarbeidspartnere.<\/p>\n<h4>Et bredere duettkonsept<\/h4>\n<p>Historiene er mange: Hyllesten til Unni Willhelmsens l\u00e5t \u00abAnything but June\u00bb, at den er det eneste som hjelper ved kj\u00e6rlighetssorg. Unni synger med selv, og g\u00e5r over i et refreng av sin egen l\u00e5t. Wenche Myhres sang \u00abHjertekammer\u00bb er skrevet av S\u00f8rvaag og denne ble gjort som duett p\u00e5 turn\u00e9avslutningen av Whences 66\u00e5rs-turn\u00e9 i Drammen. Det var denne l\u00e5ten som gav Hanne id\u00e9en til en samarbeidsplate P\u00e5 \u00abFeaturing\u00bb er duettkonseptet gjort bredere. Amund Maarud bidrar med sitt karakteristiske, rocka gitarspill p\u00e5 \u00abWhy I mess it up\u00bb. L\u00e5ten \u00abHow did we get here\u00bb skrev S\u00f8rvaag sammen med Shaun Bartlett som hun ble kjent med i f\u00f8rste sesong av \u00abThe Voice\u00bb p\u00e5 TV2. Dette ble kanskje det mest helhetlige samarbeidet med \u00e5 skrive fra \u00abschratch\u00bb til ferdig innspilt l\u00e5t. Teitur har v\u00e6rt med \u00e5 skrevet \u00abTemporary Days\u00bb, og Magnus Carlson fra Weeping Willows synger med sin ettertraktede stemme. Svensken gj\u00f8r sjelden duetter og featuring, &#8211; til tross for mange foresp\u00f8rsler fra store artister og dj&#8217;er \u2013 derfor var det ekstra stas at han likte denne l\u00e5ten s\u00e5 godt og ble med.<\/p>\n<h4>Ingen tradisjonell duettplate<\/h4>\n<p>Knut Reiersrud nynner og spiller munnspill, og har satt sine spor med legendariske gitarfigurer p\u00e5 l\u00e5ten \u00abMy heart stopped talking\u00bb. Han var s\u00e5 effektiv og s\u00e5 p\u00e5 plass i studioet at han var ferdig f\u00f8r 12. Da rakk han ogs\u00e5 \u00e5 hente mor og dra p\u00e5 kj\u00f8pesenteret. Claudia Scott kom med classy og laidback tilstedev\u00e6relse, og hun gjorde ordene sanne i \u00abTiming is everything\u00bb, en l\u00e5t som kanskje ble den mest klassiske duetten p\u00e5 dette albumet. Elle Melles radiohit \u00abP\u00e5 denne ti\u00e5 her i fjor\u00bb har blitt gjort i en helt ny innpakning. \u00abBetter Man\u00bb med Grammy-vinner Tobias Stenkj\u00e6r ble til p\u00e5 en l\u00e5tskrivercamp i et gammelt slott i \u00c5rhus \u2013 der \u00f8len kostet 5 kroner og kveldene aldri tok slutt. Peter Howart fra the Hollies som S\u00f8rvaag har skrevet l\u00e5t til, ble med p\u00e5 \u00abThe Bad One&#8217;s is the best one\u00bb, og beviste hvorfor han har turnert land og strand i \u00e5renes \u00e5r. <\/p>\n<p>\u00abFeaturing\u00bb er ingen tradisjonell duettplate, men en samling samarbeid med instrumentalister, l\u00e5tskrivere og vokalister som er knyttet til S\u00f8rvaags karriere. Med seg har hun artister som hun er inspirert av og artister hun tidligere har skrevet l\u00e5ter for. Resultatet har blitt en slags hyllest, og en oppsummering av forskjellige vellykkede samarbeid fra f\u00f8r , n\u00e5 og i fremtiden.<\/p>\n<h4><\/h4>\n<\/p>\n<p><\/p>","protected":false},"excerpt":{"rendered":"<p>P\u00e5 sitt nye album har Hanne S\u00f8rvaag samlet sammen flere av sine idoler og beste samarbeidspartnere. Resultatet har blitt en sterk oppsummering av ulike samarbeid fra f\u00f8r , n\u00e5 og i fremtiden.<\/p>\n","protected":false},"featured_media":28668,"comment_status":"closed","ping_status":"open","template":"","meta":[],"product_brand":[],"product_cat":[6],"product_tag":[],"class_list":{"0":"post-28634","1":"product","2":"type-product","3":"status-publish","4":"has-post-thumbnail","6":"product_cat-grappa","7":"product_shipping_class-cddvd-shipping","8":"uni_artist_tag-amund-maarud","9":"uni_artist_tag-hanne-sorvaag","10":"uni_artist_tag-kim-edward-bergseth","11":"uni_artist_tag-knut-reiersrud","12":"uni_main_artist_tag-hanne-sorvaag","13":"uni_artist_genre-country","14":"uni_artist_genre-pop","15":"uni_artist_genre-singersongwriter","17":"first","18":"instock","19":"taxable","20":"shipping-taxable","21":"purchasable","22":"product-type-simple"},"_links":{"self":[{"href":"https:\/\/grappa.no\/no\/wp-json\/wp\/v2\/product\/28634","targetHints":{"allow":["GET"]}}],"collection":[{"href":"https:\/\/grappa.no\/no\/wp-json\/wp\/v2\/product"}],"about":[{"href":"https:\/\/grappa.no\/no\/wp-json\/wp\/v2\/types\/product"}],"replies":[{"embeddable":true,"href":"https:\/\/grappa.no\/no\/wp-json\/wp\/v2\/comments?post=28634"}],"wp:featuredmedia":[{"embeddable":true,"href":"https:\/\/grappa.no\/no\/wp-json\/wp\/v2\/media\/28668"}],"wp:attachment":[{"href":"https:\/\/grappa.no\/no\/wp-json\/wp\/v2\/media?parent=28634"}],"wp:term":[{"taxonomy":"product_brand","embeddable":true,"href":"https:\/\/grappa.no\/no\/wp-json\/wp\/v2\/product_brand?post=28634"},{"taxonomy":"product_cat","embeddable":true,"href":"https:\/\/grappa.no\/no\/wp-json\/wp\/v2\/product_cat?post=28634"},{"taxonomy":"product_tag","embeddable":true,"href":"https:\/\/grappa.no\/no\/wp-json\/wp\/v2\/product_tag?post=28634"}],"curies":[{"name":"wp","href":"https:\/\/api.w.org\/{rel}","templated":true}]}}