{"id":28633,"date":"2016-02-05T00:00:00","date_gmt":"2016-02-04T23:00:00","guid":{"rendered":"http:\/\/www.grappa.no\/no\/albums\/ukategorisert\/kuria-suite\/"},"modified":"2016-04-19T19:24:17","modified_gmt":"2016-04-19T18:24:17","slug":"kuria-suite","status":"publish","type":"product","link":"https:\/\/grappa.no\/no\/albums\/grappa\/kuria-suite\/","title":{"rendered":"Kuria Suite"},"content":{"rendered":"<p><\/p>\n<p>Kristiansens Kuria-inspirerte suite<\/p>\n<p>I 1990 ble jazzpianist Knut Kristiansen engasjert for \u00e5 dokumentere musikken til Kuria-folket, i Nyanza, Kenya. Arbeidet resulterte i utgivelsen av en bok og en kassett, som i disse dager gj\u00f8res tilgjengelig i remastret utgave p\u00e5 CD. Kuria-musikken gjorde et enormt inntrykk p\u00e5 Kristiansen. Da han i 2011 ble spurt om \u00e5 skrive et bestillingsverk for Bergen Big Band til Vossa Jazz valgte han \u00e5 igjen fordype seg i materialet, og \u00e5 bruke det som utgangspunkt for verket.  \u00abJeg ville at denne platen f\u00f8rst og fremst skulle v\u00e6re en jazzplate, og ikke en plate med jazzmusikere som spiller afrikansk musikk\u00bb, sier Kristiansen. \u00ab- S\u00e5 min f\u00f8rste og st\u00f8rste kilde til inspirasjon i tillegg til Kuria-materialet ble Duke Ellington suiter for storband. Denne musikken har fulgt meg siden jeg var sv\u00e6rt ung.\u00bb Konserten p\u00e5 Voss var meget vellykket, og n\u00e5 foreligger endelig en studioinnspilling av verket.<\/p>\n<p><!--more--><\/p>\n<p>I 1990 ble jazzpianist Knut Kristiansen engasjert for \u00e5 dokumentere musikken til Kuria-folket, i Nyanza, Kenya. Arbeidet resulterte i utgivelsen av en bok og en kassett, som i disse dager gj\u00f8res tilgjengelig i remastret utgave p\u00e5 CD. Kuria-musikken gjorde et enormt inntrykk p\u00e5 Kristiansen. Da han i 2011 ble spurt om \u00e5 skrive et bestillingsverk for Bergen Big Band til Vossa Jazz valgte han \u00e5 igjen fordype seg i materialet, og \u00e5 bruke det som utgangspunkt for verket.<\/p>\n<h4>Knut Kristiansen<\/h4>\n<p>At Bergen huser en av de aller fremste tolkerne av Theolonius Monks musikk i Europa er en vesentlig, men ikke utfyllende del av historien om Knut Kristiansen.<\/p>\n<p>Gjennom et langt musikerliv har han lagt grunnlaget for et yrende jazzmilj\u00f8 og bidratt til \u00e5 styrke musikkundervisningen i byen. Tidlig i tretti\u00e5rene fikk han en sterk interesse for afrikansk og cubansk musikk. I 1982 stiftet han de to legendariske prosjektene Gambian-Norwegian Friendship Orchestra og Son Mu. Gambian-Norwegian Friendship Orchestra ga ut en n\u00e5 utg\u00e5tt LP p\u00e5 Odin Records. Med Son Mu innledet Kristiansen ogs\u00e5 et fruktbart samarbeid med den cubanske saksofonisten Paquito D\u00b4Rivera p\u00e5 Vossa Jazz i 1985. I 2008 og 2009  spilte han konserter med et nytt prosjekt med den vestafrikanske sangeren, cora-spilleren og komponisten Mory Kant\u00e9. Knut Kristiansen vant Buddyprisen i 1983 og senere Vossajazzprisen i 1990.<\/p>\n<h4>Bergen Big Band<\/h4>\n<p>Bergen Big Band (BBB) er et av v\u00e5re fremste storband og ble dannet i 1991 som en videref\u00f8ring av Bergen Band. De har tidligere samarbeidet med bl.a. The Core, Berit Opheim, Phil Woods, Paquito de Rivera, Joe Henderson, Maria Schneider, Diana Krall, Sissel Kyrkjeb\u00f8, Andy Sheppard, Gianluigi Trovesi, Mathias Eick, Dino Zaluzzi, Gustavo Bergalli og Jan Magne F\u00f8rde. Verket de bestilte av Terje Rypdal: Crime Scene, ble utgitt p\u00e5 CD av ECM i 2009. <\/p>\n<p>Albumet ble innspilt i NRKs Studio i Bergen sammen med tekniker Per Ravnaas, og ble senere mikset og mastret i Rainbow Studio I Oslo av Jan Erik Kongshaug.<\/p>\n<h4><\/h4>\n<\/p>\n<p><\/p>","protected":false},"excerpt":{"rendered":"<p>\u00abJeg ville at denne platen f\u00f8rst og fremst skulle v\u00e6re en jazzplate, og ikke en plate med jazzmusikere som spiller afrikansk musikk\u00bb, sier Kristiansen. \u00ab- S\u00e5 min f\u00f8rste og st\u00f8rste kilde til inspirasjon i tillegg til Kuria-materialet ble Duke Ellington suiter for storband. Denne musikken har fulgt meg siden jeg var sv\u00e6rt ung.\u00bb<\/p>\n","protected":false},"featured_media":28661,"comment_status":"closed","ping_status":"open","template":"","meta":[],"product_brand":[],"product_cat":[6],"product_tag":[],"class_list":{"0":"post-28633","1":"product","2":"type-product","3":"status-publish","4":"has-post-thumbnail","6":"product_cat-grappa","7":"product_shipping_class-cddvd-shipping","8":"uni_artist_tag-bergen-big-band","9":"uni_artist_tag-ivar-kolve","10":"uni_artist_tag-jan-kare-hystad","11":"uni_artist_tag-knut-kristiansen","12":"uni_artist_tag-lars-storck","13":"uni_artist_tag-magne-thormodsaether","14":"uni_artist_tag-thomas-dahl","15":"uni_artist_tag-trad","16":"uni_main_artist_tag-lars-storck","17":"uni_artist_genre-brass","18":"uni_artist_genre-jazz","20":"first","21":"instock","22":"taxable","23":"shipping-taxable","24":"purchasable","25":"product-type-simple"},"_links":{"self":[{"href":"https:\/\/grappa.no\/no\/wp-json\/wp\/v2\/product\/28633","targetHints":{"allow":["GET"]}}],"collection":[{"href":"https:\/\/grappa.no\/no\/wp-json\/wp\/v2\/product"}],"about":[{"href":"https:\/\/grappa.no\/no\/wp-json\/wp\/v2\/types\/product"}],"replies":[{"embeddable":true,"href":"https:\/\/grappa.no\/no\/wp-json\/wp\/v2\/comments?post=28633"}],"wp:featuredmedia":[{"embeddable":true,"href":"https:\/\/grappa.no\/no\/wp-json\/wp\/v2\/media\/28661"}],"wp:attachment":[{"href":"https:\/\/grappa.no\/no\/wp-json\/wp\/v2\/media?parent=28633"}],"wp:term":[{"taxonomy":"product_brand","embeddable":true,"href":"https:\/\/grappa.no\/no\/wp-json\/wp\/v2\/product_brand?post=28633"},{"taxonomy":"product_cat","embeddable":true,"href":"https:\/\/grappa.no\/no\/wp-json\/wp\/v2\/product_cat?post=28633"},{"taxonomy":"product_tag","embeddable":true,"href":"https:\/\/grappa.no\/no\/wp-json\/wp\/v2\/product_tag?post=28633"}],"curies":[{"name":"wp","href":"https:\/\/api.w.org\/{rel}","templated":true}]}}