{"id":28602,"date":"2016-04-15T00:00:00","date_gmt":"2016-04-14T23:00:00","guid":{"rendered":"http:\/\/www.grappa.no\/no\/albums\/ukategorisert\/arve-tellefsen-bilder-fra-et-musikerliv\/"},"modified":"2019-02-22T16:05:43","modified_gmt":"2019-02-22T15:05:43","slug":"arve-tellefsen-bilder-fra-et-musikerliv","status":"publish","type":"product","link":"https:\/\/grappa.no\/no\/albums\/simax-classics\/arve-tellefsen-bilder-fra-et-musikerliv\/","title":{"rendered":"Arve Tellefsen \u2013 Bilder fra et musikerliv"},"content":{"rendered":"<p><\/p>\n<p>Arve Tellefsens klassiske favoritter.<\/p>\n<p>Arve Tellefsen er uten sammenligning Norges fremste musikkformidler, uansett sjanger. N\u00e5 har samlet sine flotteste klassiske innspillinger p\u00e5 en breddfull dobbeltCD, som ogs\u00e5 inneholder flere spor som ikke har v\u00e6rt tilgjengelig tidligere. Denne utgivelsen viser det sterke kunstneriske grepet Arve Tellefsen har om sin musisering, helt n\u00f8dvendig for \u00e5 kunne n\u00e5 tilh\u00f8reren p\u00e5 den m\u00e5ten han alltid har gjort. Dette er en samling innspillinger der solistens stemme trer tydelig og formgivende frem. Selvf\u00f8lgelig nordisk, som hos Sibelius og Nielsen, men ogs\u00e5 i Bruch og Sjostakovitsj er Arve Tellefsens grep umiskjennelig. En innspilling med fiolinkonserter av Bach, Haydn og Mozart som Arve gjorde med Scottish Chamber Orchestra har det ogs\u00e5 v\u00e6rt mulig \u00e5 f\u00e5 med p\u00e5 denne utgivelsen, tilgjengelig for f\u00f8rste gang.<\/p>\n<p><!--more--><\/p>\n<p>Arve Tellefsen er uten sammenligning Norges fremste musikkformidler, uansett sjanger. N\u00e5 har samlet sine flotteste klassiske innspillinger p\u00e5 en breddfull dobbeltCD, som ogs\u00e5 inneholder flere spor som ikke har v\u00e6rt tilgjengelig tidligere.<\/p>\n<h4>Arves egne favoritter<\/h4>\n<p>Invitasjonen til \u00e5 velge ut sine favoritter blant alt han har spilt inn til denne dobbelCDen, satte Arve i en viss knipe; &#8216;det er jo s\u00e5 vanskelig \u00e5 velge hva jeg liker best. Jeg forandrer smak hele tiden.\u00bb  N\u00e5r utvalget n\u00e5 er gjort, h\u00f8rer vi en samling innspillinger der solistens stemme trer tydelig og formgivende frem. Selvf\u00f8lgelig nordisk, som hos Sibelius og Nielsen, men ogs\u00e5 i Bruch og Sjostakovitsj er Arve Tellefsens grep umiskjennelig. En innspilling med fiolinkonserter av Bach, Haydn og Mozart som Arve gjorde med Scottish Chamber Orchestra har det ogs\u00e5 v\u00e6rt mulig \u00e5 f\u00e5 med p\u00e5 denne utgivelsen, tilgjengelig for f\u00f8rste gang.<\/p>\n<h4>Norske h\u00f8ydepunkt<\/h4>\n<p>At halvparten av musikken p\u00e5 denne utgivelsen er norsk musikk, sier noe om Arves engasjement for v\u00e5r egen kulturarv gjennom hele karrieren. Ole Bull er en selvf\u00f8lge (h\u00f8r de halsbrekkende virtuose Bellini-variasjonene i konsertopptak!), Grieg, Sinding og Halvorsen likes\u00e5. Men b\u00e5de Fartein Valen og Arne Nordheims fiolinkonserter har jo blitt signaturstykker for Arve Tellefsen. Samarbeidet med Nordheim under komposisjonsprosessen var spesielt inspirerende, og solo-cadenzaen i konserten utarbeidet de to sammen.<\/p>\n<h4>Tonedannelse<\/h4>\n<p>I artikkelen som f\u00f8lger utgivelsen f\u00e5r vi et innblikk i det som kanskje er kanskje er det fremste kjennetegnet p\u00e5 Arve Tellefsens spill; hans helt uforlignelige klang. August Albertsen skriver: \u00abI tonedannelsen ligger fiolinistens hjerteslag. Tonedannelsen er den identifiserende puls for enhver fiolinist. Den er et produkt av de ti tusen timers tid og flid. Og skal veien f\u00f8re fram til den helt personlige hjerteslags-baserte tonedannelse, m\u00e5 det et element av ren besatthet med i bildet. Arve Tellefsens hjerteslag spinner toner av strengene som sammenbinder musenes verden \u2013 gj\u00f8r musikk.\u00bb Det kommer frem at ikke bare fiolinister som Heifetz, Menuhin og Oistrakh har v\u00e6rt forbilder, men ogs\u00e5 Jussi Bj\u00f6rling som med sin personlige klang representerte noe som Arve oppfattet som spesielt nordisk, og som alltid gjorde et dypt inntrykk.<\/p>\n<p><\/p>","protected":false},"excerpt":{"rendered":"<p>Arve Tellefsens flotteste klassiske innspillinger samlet p\u00e5 en breddfull dobbelt-CD!<\/p>\n","protected":false},"featured_media":28603,"comment_status":"closed","ping_status":"open","template":"","meta":[],"product_brand":[],"product_cat":[180],"product_tag":[],"class_list":{"0":"post-28602","1":"product","2":"type-product","3":"status-publish","4":"has-post-thumbnail","6":"product_cat-simax-classics","7":"product_shipping_class-cddvd-shipping","8":"uni_artist_tag-arne-nordheim","9":"uni_artist_tag-arve-tellefsen","10":"uni_artist_tag-christian-sinding","11":"uni_artist_tag-edvard-grieg","12":"uni_artist_tag-erik-gard-amundsen","13":"uni_artist_tag-jean-sibelius","14":"uni_artist_tag-johan-halvorsen","15":"uni_artist_tag-johann-sebastian-bach","16":"uni_artist_tag-joseph-haydn","17":"uni_artist_tag-max-bruch","18":"uni_artist_tag-ole-bull","19":"uni_artist_tag-scottish-chamber-orchestra","20":"uni_artist_tag-wilhelm-stenhammar","21":"uni_artist_tag-wolfgang-amadeus-mozart","22":"uni_main_artist_tag-arve-tellefsen","23":"uni_artist_genre-classical","24":"uni_artist_genre-collection","26":"first","27":"instock","28":"taxable","29":"shipping-taxable","30":"purchasable","31":"product-type-simple"},"_links":{"self":[{"href":"https:\/\/grappa.no\/no\/wp-json\/wp\/v2\/product\/28602","targetHints":{"allow":["GET"]}}],"collection":[{"href":"https:\/\/grappa.no\/no\/wp-json\/wp\/v2\/product"}],"about":[{"href":"https:\/\/grappa.no\/no\/wp-json\/wp\/v2\/types\/product"}],"replies":[{"embeddable":true,"href":"https:\/\/grappa.no\/no\/wp-json\/wp\/v2\/comments?post=28602"}],"wp:featuredmedia":[{"embeddable":true,"href":"https:\/\/grappa.no\/no\/wp-json\/wp\/v2\/media\/28603"}],"wp:attachment":[{"href":"https:\/\/grappa.no\/no\/wp-json\/wp\/v2\/media?parent=28602"}],"wp:term":[{"taxonomy":"product_brand","embeddable":true,"href":"https:\/\/grappa.no\/no\/wp-json\/wp\/v2\/product_brand?post=28602"},{"taxonomy":"product_cat","embeddable":true,"href":"https:\/\/grappa.no\/no\/wp-json\/wp\/v2\/product_cat?post=28602"},{"taxonomy":"product_tag","embeddable":true,"href":"https:\/\/grappa.no\/no\/wp-json\/wp\/v2\/product_tag?post=28602"}],"curies":[{"name":"wp","href":"https:\/\/api.w.org\/{rel}","templated":true}]}}