{"id":28457,"date":"2016-03-18T00:00:00","date_gmt":"2016-03-17T23:00:00","guid":{"rendered":"http:\/\/www.grappa.no\/no\/albums\/ukategorisert\/marita-solberg-opera-arias\/"},"modified":"2019-02-22T16:05:30","modified_gmt":"2019-02-22T15:05:30","slug":"marita-solberg-opera-arias","status":"publish","type":"product","link":"https:\/\/grappa.no\/no\/albums\/simax-classics\/marita-solberg-opera-arias\/","title":{"rendered":"Marita S\u00f8lberg: Opera Arias"},"content":{"rendered":"<p><\/p>\n<p>Marita S\u00f8lberg \u2013 den uforlignelige stemmen.<\/p>\n<p>Her er den etterlengtede f\u00f8rste soloutgivelsen til Marita S\u00f8lberg! En CD med mange av musikkhistoriens vakreste opera-arier, der et gjennomg\u00e5ende tema er tragiske kvinneskjebner. Marita selv s\u00f8ker kompromissl\u00f8st det vakre, kj\u00e6rligheten og dramatikken i livet. Hun klarer \u00e5 vise rollefigurenes skj\u00f8nnhet og begj\u00e6r, deres m\u00f8rke og skj\u00f8rhet.<\/p>\n<p>Marita S\u00f8lberg har v\u00e6rt en yndling b\u00e5de hjemme og ute siden hun som f\u00f8rste nordmann vant Dronning Sonjas Internasjonale konkurranse i 2001. N\u00e5 kommer hennes f\u00f8rste solo- innspilling, med musikk hun allerede har hatt stor suksess med p\u00e5 scenen. Hun fremf\u00f8rer noen av tidenes h\u00f8yest elskede opera-arier med en frasering, et uttrykk og et vokalt overskudd som med rette vekker internasjonal oppmerksomhet \u2013 n\u00e5 senest under sin debut p\u00e5 Wiener Staatsoper som Mimi.<\/p>\n<p><!--more--><\/p>\n<p>Her er den etterlengtede f\u00f8rste soloutgivelsen til Marita S\u00f8lberg! En CD med mange av musikkhistoriens vakreste opera-arier, der et gjennomg\u00e5ende tema er tragiske kvinneskjebner. Marita selv s\u00f8ker kompromissl\u00f8st det vakre, kj\u00e6rligheten og dramatikken i livet. Hun klarer \u00e5 vise rollefigurenes skj\u00f8nnhet og begj\u00e6r, deres m\u00f8rke og skj\u00f8rhet.<\/p>\n<h4>Marita S\u00f8lberg<\/h4>\n<p>S\u00f8lberg har gjestet en rekke operahus verden over. Hun har tidligere jobbet ved Operaen i Stuttgart f\u00f8r hun ble en av Nasjonaloperaens faste solister i 2008, hvor hun har gjort seg bemerket i en rekke ledende roller. Flere av disse er samlet p\u00e5 denne utgivelsen, blant annet hennes rolle som grevinnen i Mozarts Figaros Bryllup, som VG hadde f\u00f8lgende \u00e5 si om: \u00abMarita S\u00f8lberg som grevinne Almaviva er helt fantastisk, stemmen hennes har en s\u00e5nn nyanserikdom og inderlighet at hun kan bevege en stein. Det er og blir en eksepsjonell opplevelse \u00e5 h\u00f8re en sanger av hennes kaliber.\u00bb<\/p>\n<h4>Kvinneskjebner<\/h4>\n<p>Tragiske kvinneskjebner er et yndet tema i opera-librettoer, og S\u00f8lberg levendegj\u00f8r p\u00e5 magisk vis en rekke av de flotteste av dem her \u2013 enten det er i velkjente roller som Mimi i Puccinis La Boh\u00e9me, vannymfen Rusalka i Dvo\u0159\u00e1ks opera ved samme navn, Desdemona i Verdis Otello, eller i de mindre kjente og sjeldent oppf\u00f8rte operaene Francesca da Rimini og Die Liebe der Danae av henholdsvis Rachmaninov og Richard Strauss.<\/p>\n<h4>John Fiore og Det Norske Operaorkester<\/h4>\n<p>Det Norske Operaorkester best\u00e5r av 101 fulltidsansatte orkestermusikere som medvirker i rundt 160 opera- og ballettforestillinger pr. sesong. Dirigenten John Fiore, Den Norske Opera &amp; Balletts tidligere musikksjef, er en av Europas ledende operadirigenter. Sammen danner de et sterkt fundament for S\u00f8lbergs vakre stemme og l\u00f8fter frem sterke tolkninger p\u00e5 denne utgivelsen.<\/p>\n<p><\/p>","protected":false},"excerpt":{"rendered":"<p>\u2013 Ukens utvalgte er en stjerneutgivelse. S\u00f8lbergs\u00a0stemme\u00a0har\u00a0en\u00a0s\u00f8lvspunnen\u00a0klang. [6 Kjell Hillveg \/ Dagsavisen]<\/p>\n","protected":false},"featured_media":28461,"comment_status":"closed","ping_status":"open","template":"","meta":[],"product_brand":[],"product_cat":[180],"product_tag":[],"class_list":{"0":"post-28457","1":"product","2":"type-product","3":"status-publish","4":"has-post-thumbnail","6":"product_cat-simax-classics","7":"product_shipping_class-cddvd-shipping","8":"uni_artist_tag-alfredo-catalani","9":"uni_artist_tag-antonin-dvorak","10":"uni_artist_tag-charles-gounod","11":"uni_artist_tag-georges-bizet","12":"uni_artist_tag-giacomo-puccini","13":"uni_artist_tag-giuseppe-verdi","14":"uni_artist_tag-john-helmer-fiore","15":"uni_artist_tag-jorn-pedersen","16":"uni_artist_tag-marita-k-solberg","17":"uni_artist_tag-norwegian-opera-orchestra","18":"uni_artist_tag-richard-strauss","19":"uni_artist_tag-ruggero-leoncavallo","20":"uni_artist_tag-sergei-rachmaninov","21":"uni_artist_tag-vincenzo-bellini","22":"uni_artist_tag-wolfgang-amadeus-mozart","23":"uni_main_artist_tag-marita-k-solberg","24":"uni_artist_genre-opera","25":"uni_artist_genre-song-with-orchestra","27":"first","28":"instock","29":"taxable","30":"shipping-taxable","31":"purchasable","32":"product-type-simple"},"_links":{"self":[{"href":"https:\/\/grappa.no\/no\/wp-json\/wp\/v2\/product\/28457","targetHints":{"allow":["GET"]}}],"collection":[{"href":"https:\/\/grappa.no\/no\/wp-json\/wp\/v2\/product"}],"about":[{"href":"https:\/\/grappa.no\/no\/wp-json\/wp\/v2\/types\/product"}],"replies":[{"embeddable":true,"href":"https:\/\/grappa.no\/no\/wp-json\/wp\/v2\/comments?post=28457"}],"wp:featuredmedia":[{"embeddable":true,"href":"https:\/\/grappa.no\/no\/wp-json\/wp\/v2\/media\/28461"}],"wp:attachment":[{"href":"https:\/\/grappa.no\/no\/wp-json\/wp\/v2\/media?parent=28457"}],"wp:term":[{"taxonomy":"product_brand","embeddable":true,"href":"https:\/\/grappa.no\/no\/wp-json\/wp\/v2\/product_brand?post=28457"},{"taxonomy":"product_cat","embeddable":true,"href":"https:\/\/grappa.no\/no\/wp-json\/wp\/v2\/product_cat?post=28457"},{"taxonomy":"product_tag","embeddable":true,"href":"https:\/\/grappa.no\/no\/wp-json\/wp\/v2\/product_tag?post=28457"}],"curies":[{"name":"wp","href":"https:\/\/api.w.org\/{rel}","templated":true}]}}