{"id":28393,"date":"2016-01-22T00:00:00","date_gmt":"2016-01-21T23:00:00","guid":{"rendered":"http:\/\/www.grappa.no\/no\/albums\/ukategorisert\/vardroppar\/"},"modified":"2016-11-18T16:25:13","modified_gmt":"2016-11-18T15:25:13","slug":"vardroppar","status":"publish","type":"product","link":"https:\/\/grappa.no\/no\/albums\/heilo\/vardroppar\/","title":{"rendered":"V\u00e5rdroppar"},"content":{"rendered":"<p><\/p>\n<p>Fargerik oppf\u00f8lger fra prisbel\u00f8nnet duo<\/p>\n<p>Den svenske nyckelharpisten\u00a0Erik Rydvall og hardingfelespelemannen Olav Lukseng\u00e5rd Mjelva fra R\u00f8ros er begge blant de fremste folkemusikerne i\u00a0sin generasjon.\u00a0 Deres debutalbum som duo,\u00a0\u00abIsbrytaren\u00bb (Heilo) ble utgitt i 2013 til sv\u00e6rt gode kritikker.\u00a0Olav Mjelva ble k\u00e5ret til \u00e5rets folkemusiker under Folkelarm samme \u00e5r. &amp;quot;Isbrytaren&amp;quot; vant i tillegg en Folkelarmpris, og\u00a0ble ogs\u00e5 nominert til en Spellemann i kategorien Folkemusikk og tradisjonsmusikk .  Under Manifestgalaen, Sveriges uavhengige musikkbransjepris, ble albumet nominert i kategorien &amp;quot;Folk&amp;quot;. Under\u00a0Folk &amp;\u00a0V\u00e4rldsmusikgalan var albumet nominert som \u00e5rets utgivelse. <\/p>\n<p>Rydvall og Mjelva er nysgjerrige musikere, med\u00a0godt rotfeste i\u00a0tradisjonene de kommer fra.\u00a0Duosamarbeid med hardingfele og nyckelharpe\u00a0har i sv\u00e6rt liten grad v\u00e6rt gjort\u00a0tidligere.\u00a0Repertoarene og spillestilene p\u00e5 de to\u00a0instrumentene er i utgangspunktet sv\u00e6rt ulike, men de to musikerne f\u00e5r\u00a0kombinasjonen til \u00e5 l\u00e5te b\u00e5de naturlig og spennende.<\/p>\n<p>\u00abV\u00e5rdroppar\u00bb er i likhet med debutalbumet innspilt i \u00c5l kirke i Hallingdal sammen med tekniker Tor Magne Hallibakken, og som sist best\u00e5r repertoaret av tradisjonsmusikk fra Norge og Sverige &#8211; ispedd et par egne komposisjoner.  \u00abDei kling med liv og lyst og l\u00f8fter meg h\u00f8gt opp og ber i seg den same tydelige gl\u00f8den og fargespelet som gneistar utanfor vindauget mitt.\u00bb skriver musiker Arve Henriksen i tekstheftet. Det er en enda mer samspilt duo med stort musikalsk overskudd vi m\u00f8ter p\u00e5 det nye albumet.<\/p>\n<p><!--more--><\/p>\n<p>Den svenske nyckelharpisten\u00a0Erik Rydvall og hardingfelespelemannen Olav Lukseng\u00e5rd Mjelva fra R\u00f8ros er begge blant de fremste folkemusikerne i\u00a0sin generasjon.\u00a0 Deres debutalbum som duo,\u00a0\u00abIsbrytaren\u00bb (Heilo) ble utgitt i 2013 til sv\u00e6rt gode kritikker.\u00a0Olav Mjelva ble k\u00e5ret til \u00e5rets folkemusiker under Folkelarm samme \u00e5r. &quot;Isbrytaren&quot; vant i tillegg en Folkelarmpris, og\u00a0ble ogs\u00e5 nominert til en Spellemann i kategorien Folkemusikk og tradisjonsmusikk . <\/p>\n<p>Under Manifestgalaen, Sveriges uavhengige musikkbransjepris, ble albumet nominert i kategorien &quot;Folk&quot; og under\u00a0Folk &amp;\u00a0V\u00e4rldsmusikgalan ble albumet k\u00e5ret til \u00e5rets utgivelse.<\/p>\n<h4>Musikalsk overskudd<\/h4>\n<p>\u00abV\u00e5rdroppar\u00bb er i likhet med debutalbumet innspilt i \u00c5l kirke i Hallingdal sammen med tekniker Tor Magne Hallibakken, og som sist best\u00e5r repertoaret av tradisjonsmusikk fra Norge og Sverige &#8211; ispedd et par egne komposisjoner.  \u00abDei kling med liv og lyst og l\u00f8fter meg h\u00f8gt opp og ber i seg den same tydelige gl\u00f8den og fargespelet som gneistar utanfor vindauget mitt.\u00bb skriver musiker Arve Henriksen i tekstheftet. Det er en enda mer samspilt duo med stort musikalsk overskudd vi m\u00f8ter p\u00e5 det nye albumet.<\/p>\n<h4>Rydvall \/ Mjelva<\/h4>\n<p>Erik Rydvall\u00a0kommer fra V\u00e4sterbotten og har studert nyckelharpespill ved Eric Sahlstr\u00f6ms Institutet i Tobo og Den Kungliga Musikh\u00f6gskolan i Stockholm. \u00a0Han \u00a0har i de seneste \u00e5rene blitt fremhevet som en av de fremste unge nyckelharpeut\u00f8verene, og er kjent for sin energi og virituositet. Erik spiller bl.a. med den prisvinnende \u00a0folkmusikktrioen Nordic.<\/p>\n<p>Olav Lukseng\u00e5rd Mjelva fra R\u00f8ros er en av Norges mest aktive felespillere. Han er et grunnleggende medlem i b\u00e5de norsk-svenske SVER og The Nordic Fiddlers Bloc. I tillegg spiller han med Frikar, Copper City Ramblers og flere andre prosjekter.  I 2010 fikk Olav Spelemannprisen for sin f\u00f8rste soloplate. I 2011 fikk han prisen som medlem i Unni Boksasp Ensemble.\u00a0 Olav er mye brukt som studiomusiker og har spilt p\u00e5 godt og vel 30 utgivelser. Han er ogs\u00e5 en mye brukt kursholder og dansemusiker b\u00e5de i Norge og i utlandet. <\/p>\n<p>KONSERTER:<br \/>\n27.01  Folkemusikkscena Rauland (NO)<br \/>\n28.01\u00a0Folkmusikens hus, R\u00e4ttvik (SE)<br \/>\n29.01 Folkemusikkaf\u00e9et, G\u00f6teborg (SE)<br \/>\n04.02 Riksscenen, Oslo (N)<br \/>\n05.02 Fryd Scene, \u00c5l (N)<br \/>\n06.02 Solheim Pensjonat, R\u00f8ros (N)<br \/>\n30-31.03 Nordic Showcase V\u00e4ster\u00e5s<br \/>\n01.04 Falufolk, Falun<br \/>\n07.04 V-Dala, Uppsala (SE)<br \/>\n08.04 Skeppis, Stockholm (SE)<br \/>\n09.04 Sunne Danshus, Sunne (SE)<\/p>\n<h4><\/h4>\n<\/p>\n<p><\/p>","protected":false},"excerpt":{"rendered":"<p>Det er en enda mer samspilt duo med stort musikalsk overskudd vi m\u00f8ter p\u00e5 det nye albumet.<\/p>\n","protected":false},"featured_media":28394,"comment_status":"closed","ping_status":"open","template":"","meta":[],"product_brand":[],"product_cat":[35],"product_tag":[],"class_list":{"0":"post-28393","1":"product","2":"type-product","3":"status-publish","4":"has-post-thumbnail","6":"product_cat-heilo","7":"product_shipping_class-cddvd-shipping","8":"uni_artist_tag-eric-sahlstrom","9":"uni_artist_tag-erik-rydvall","10":"uni_artist_tag-olav-mjelva","11":"uni_artist_tag-thorbjorn-nasbom","12":"uni_artist_tag-tor-magne-hallibakken","13":"uni_artist_tag-trad","14":"uni_main_artist_tag-erik-rydvall","15":"uni_artist_genre-folk-music","16":"uni_artist_genre-instrumental","18":"first","19":"instock","20":"taxable","21":"shipping-taxable","22":"purchasable","23":"product-type-simple"},"_links":{"self":[{"href":"https:\/\/grappa.no\/no\/wp-json\/wp\/v2\/product\/28393","targetHints":{"allow":["GET"]}}],"collection":[{"href":"https:\/\/grappa.no\/no\/wp-json\/wp\/v2\/product"}],"about":[{"href":"https:\/\/grappa.no\/no\/wp-json\/wp\/v2\/types\/product"}],"replies":[{"embeddable":true,"href":"https:\/\/grappa.no\/no\/wp-json\/wp\/v2\/comments?post=28393"}],"wp:featuredmedia":[{"embeddable":true,"href":"https:\/\/grappa.no\/no\/wp-json\/wp\/v2\/media\/28394"}],"wp:attachment":[{"href":"https:\/\/grappa.no\/no\/wp-json\/wp\/v2\/media?parent=28393"}],"wp:term":[{"taxonomy":"product_brand","embeddable":true,"href":"https:\/\/grappa.no\/no\/wp-json\/wp\/v2\/product_brand?post=28393"},{"taxonomy":"product_cat","embeddable":true,"href":"https:\/\/grappa.no\/no\/wp-json\/wp\/v2\/product_cat?post=28393"},{"taxonomy":"product_tag","embeddable":true,"href":"https:\/\/grappa.no\/no\/wp-json\/wp\/v2\/product_tag?post=28393"}],"curies":[{"name":"wp","href":"https:\/\/api.w.org\/{rel}","templated":true}]}}