{"id":28382,"date":"1992-11-23T00:00:00","date_gmt":"1992-11-22T23:00:00","guid":{"rendered":"http:\/\/www.grappa.no\/albums\/uncategorized\/romantic-flute-harp\/"},"modified":"2019-02-22T15:32:23","modified_gmt":"2019-02-22T14:32:23","slug":"romantic-flute-harp","status":"publish","type":"product","link":"https:\/\/grappa.no\/no\/albums\/simax-classics\/romantic-flute-harp\/","title":{"rendered":"Romantic Flute &amp; Harp"},"content":{"rendered":"<p><\/p>\n<p>Romantisk fl\u00f8yte og harpe<\/p>\n<p>Gjennom verker av sentrale komponister presenterer fl\u00f8ytist Per \u00d8ien og harpist Elisabeth S\u00f6nstevold utdrag fra kunstmusikkens fl\u00f8ytehistorie, innspilt p\u00e5 midten av 1980-tallet ved Henie Onstad Kunstsenter. Fra den lystige og virtuose \u00abHamburgersonate i G-dur\u00bb av C.P.E. Bach, via verker av komponister som Rossini, Chopin, Faur\u00e9, til Debussy, Ravel og Nielsen, fremheves fl\u00f8ytens uimotst\u00e5elige klang i ulike epoker i den klassiske musikkens historie. Ikke minst er Debussys \u00abArabesque No. 1\u00bb, med sin sjarme og friskhet, Iberts \u00abEntr`acte\u00bb, med sin livlige og spenstige rytmikk, og Saint-Sa\u00ebns \u00abLe Cygne\u00bb og \u00abVoli\u00e8re\u00bb, fra den humoristiske zoologiske fantasi \u00abDyrenes karneval\u00bb, blant albumets h\u00f8ydepunkter. <\/p>\n<p>Per \u00d8ien er en av de mest betydningsfulle fl\u00f8ytister Norge har fostret og har hatt en lang og markant karriere som ut\u00f8vende musiker, b\u00e5de som solist og kammer- og orkestermusiker, ved siden av \u00e5 v\u00e6re en inspirerende og \u00f8nsket l\u00e6rer for flere av dagens fl\u00f8ytister og bl\u00e5sere. Ogs\u00e5 Elisabeth S\u00f6nstevold, datter av komponistparet Gunnar og Maj S\u00f8nstevold, har en betydelig karriere som leder ved flere egne ensembler, l\u00e6rer ved Norges musikkh\u00f8gskole og Universitetet i Oslo, orkesterformann i Filharmonien og som frilans kammermusiker.<\/p>\n<p><!--more--><\/p>\n<h4><\/h4>\n<\/p>\n<h4><\/h4>\n<p><h4><\/h4>\n<\/p>\n<p><\/p>","protected":false},"excerpt":{"rendered":"<p>Sjarmerende musikk av komponister som Rossini, Chopin, Faur\u00e9, til Debussy, Ravel og Nielsen, fremheves fl\u00f8ytens uimotst\u00e5elige klang i ulike epoker i den klassiske musikkens historie.<\/p>\n","protected":false},"featured_media":28385,"comment_status":"closed","ping_status":"open","template":"","meta":[],"product_brand":[],"product_cat":[180],"product_tag":[],"class_list":{"0":"post-28382","1":"product","2":"type-product","3":"status-publish","4":"has-post-thumbnail","6":"product_cat-simax-classics","7":"product_shipping_class-cddvd-shipping","8":"uni_artist_tag-arne-akselberg","9":"uni_artist_tag-carl-nielsen","10":"uni_artist_tag-carl-philip-emanuel-bach","11":"uni_artist_tag-elisabeth-sonstevold","12":"uni_artist_tag-frederic-chopin","13":"uni_artist_tag-giachino-rossini","14":"uni_artist_tag-jaques-ibert","15":"uni_artist_tag-per-oien","16":"uni_artist_tag-tore-simonsen","17":"uni_main_artist_tag-per-oien","18":"uni_artist_genre-chamber-music","19":"uni_artist_genre-easy-listening","21":"first","22":"instock","23":"taxable","24":"shipping-taxable","25":"purchasable","26":"product-type-simple"},"_links":{"self":[{"href":"https:\/\/grappa.no\/no\/wp-json\/wp\/v2\/product\/28382","targetHints":{"allow":["GET"]}}],"collection":[{"href":"https:\/\/grappa.no\/no\/wp-json\/wp\/v2\/product"}],"about":[{"href":"https:\/\/grappa.no\/no\/wp-json\/wp\/v2\/types\/product"}],"replies":[{"embeddable":true,"href":"https:\/\/grappa.no\/no\/wp-json\/wp\/v2\/comments?post=28382"}],"wp:featuredmedia":[{"embeddable":true,"href":"https:\/\/grappa.no\/no\/wp-json\/wp\/v2\/media\/28385"}],"wp:attachment":[{"href":"https:\/\/grappa.no\/no\/wp-json\/wp\/v2\/media?parent=28382"}],"wp:term":[{"taxonomy":"product_brand","embeddable":true,"href":"https:\/\/grappa.no\/no\/wp-json\/wp\/v2\/product_brand?post=28382"},{"taxonomy":"product_cat","embeddable":true,"href":"https:\/\/grappa.no\/no\/wp-json\/wp\/v2\/product_cat?post=28382"},{"taxonomy":"product_tag","embeddable":true,"href":"https:\/\/grappa.no\/no\/wp-json\/wp\/v2\/product_tag?post=28382"}],"curies":[{"name":"wp","href":"https:\/\/api.w.org\/{rel}","templated":true}]}}