{"id":28372,"date":"2016-03-04T00:00:00","date_gmt":"2016-03-03T23:00:00","guid":{"rendered":"http:\/\/www.grappa.no\/no\/albums\/ukategorisert\/halvorsen-%c2%b7-kvandal-%c2%b7-nyhus\/"},"modified":"2019-03-21T11:04:22","modified_gmt":"2019-03-21T10:04:22","slug":"halvorsen-%c2%b7-kvandal-%c2%b7-nyhus","status":"publish","type":"product","link":"https:\/\/grappa.no\/no\/albums\/simax-classics\/halvorsen-%c2%b7-kvandal-%c2%b7-nyhus\/","title":{"rendered":"Halvorsen \u00b7 Kvandal \u00b7 Nyhus"},"content":{"rendered":"<p><\/p>\n<p>Hardingfelas mystiske krefter vekkes til live.<\/p>\n<p>Den etterlengtede nye innspillingen til s\u00f8strene \u00c5shild og Ingfrid Breie Nyhus presenterer fantastiske verker av Johan Halvorsen, Sven Nyhus og Johan Kvandal, alle tre sv\u00e6rt vellykkede m\u00f8ter mellom folkemusikken og kunstmusikken. Hardingfela \u2013 i all sin mytiske herlighet \u2013 st\u00e5r i sentrum. Instrument som historisk har hatt en betydelig rolle \u00e5 spille i nasjonbyggingen av 1800-tallets Norge. Likevel, hardingfela er mer enn kun et musikalsk instrument: den var ogs\u00e5 en direkte kontakt med folketroens underverden. Halvorsens &#8216;Fossegrimen&#8217;, basert p\u00e5 myten om Myllarguten som skal ha l\u00e6rt \u00e5 spille av Fossegrimen selv, i pant mot sin egen sjel, er et perfekt eksempel i den sammenhengen. <\/p>\n<p>Foruten fremf\u00f8rer ogs\u00e5 Nyhus-s\u00f8strene verker av Sven Nyhus og Johan Kvandal, to betydelige akt\u00f8rer for hardingfelas plass i den kunstmusikalske verden. Fremf\u00f8rt av to musikere som er godt plassert i skj\u00e6ringspunktet mellom folkemusikk og kunstmusikk \u2013 og blant de beste i sin klasse. Sammen evner de \u00e5 vekke til live instrumentets sagnomsuste historie i en moderne kontekst, med nye klangfarger og uventede toneganger, og henter frem kraftige stemninger og naturbilder fra dypet i folketroens verden.<\/p>\n<p><!--more--><\/p>\n<p>Den nyeste innspillingen til s\u00f8strene \u00c5shild og Ingfrid Breie Nyhus tar for seg folkemusikkens m\u00f8te med kunstmusikken, med verker av Johan Halvorsen, Sven Nyhus og Johan Kvandal. Med hardingfela som anker vekker de til live instrumentets sagnomsuste historie i en moderne kontekst, og henter frem kraftige stemninger. P\u00e5 midten av 1800-tallet ble hardingfela oppfattet som et av de aller viktigste symbolene p\u00e5 det &#8216;ekte norske&#8217; i en tid da nasjonsbygging ble sett p\u00e5 som et overordnet nasjonalt prosjekt. Ikke bare instrumentet ble gjenstand for sv\u00e6rt stor interesse, men ogs\u00e5 musikken, spelmannen og alle mytene og historiene.  naturbilder fra dypet i folketroens underverden.<\/p>\n<h4>Underverdenen<\/h4>\n<p>Hardingfela var ikke bare et musikalsk instrument, men ogs\u00e5 en direkte kontakt med folketroens underverden. Halvorsens &#8216;Fossegrimen&#8217;, med tekst av Sigurd Eldegard, bygger p\u00e5 myten om Myllarguten som skal ha l\u00e6rt \u00e5 spille av Fossegrimen selv \u00abog sett sj\u00e6li si i pant for l\u00e6ra.\u00bb Med bakgrunn i fortolkninger av norsk folkemusikk p\u00e5 klaveret, har Ingfrid arrangert Halvorsens &#8216;Fossegrimen&#8217; \u2013 et dristig prosjekt som vi h\u00f8rer resultatet av p\u00e5 denne innspillingen. Musikk-Huset forlag utgir arrangementet i forbindelse med denne platen.<\/p>\n<h4>Moderne tonespr\u00e5k<\/h4>\n<p>Sven Nyhus har p\u00e5 flere omr\u00e5der lagt ned et bredt engasjement for hardingfelas plass innenfor kunstmusikken, og hans &#8216;Tre stykker for hardingfele solo&#8217; var f\u00f8rst og fremst et \u00abbidrag til \u00e5 \u00f8ke forst\u00e5elsen for dette instrumentet i mer konsertpreget betydning.\u00bb Ikke mindre viktig er Kvandals bidrag, s\u00e6rlig hans &#8216;Kvintett for hardingfele og strykekvartett&#8217;, en bestilling fra Festspillene i Nord-Norge, som ble m\u00f8tt med stor interesse.<\/p>\n<h4>Breie Nyhus<\/h4>\n<p>\u00c5shild Breie Nyhus (f. 1975) er fjerdegenerasjons felespiller i sin familie fra R\u00f8ros, og som solist p\u00e5 hardingfele har hun v\u00e6rt engasjert av flere symfoniorkestre i Norden. Ut\u00f8velsen av den folkemusikalske arven kombinerer hun med virksomhet som klassisk fiolinist og bratsjist \u2013 i Oslo Filharmoniske Orkester og Det Norske Kammerorkester. Ingfrid Breie Nyhus (f. 1978) har studert klaver i Oslo, Helsinki og Hannover, vunnet en rekke priser, deriblant Den Norske Solistpris i 2005, og er n\u00e5 opptatt av en videre fordypning i fortolkningen av folketoneinspirert musikk. S\u00f8strene Nyhus ga i 2007 ut platen Edvard Grieg: Sl\u00e5tter op. 72 p\u00e5 Simax Classics.<\/p>\n<p><\/p>","protected":false},"excerpt":{"rendered":"<p>S\u00f8strene Nyhus vekker til live de mystiske kreftene som ligger latent i hardingfela og beviser instrumentets viktige plass i den norske kunstmusikkhistorien.<\/p>\n","protected":false},"featured_media":28377,"comment_status":"closed","ping_status":"open","template":"","meta":[],"product_brand":[],"product_cat":[180],"product_tag":[],"class_list":{"0":"post-28372","1":"product","2":"type-product","3":"status-publish","4":"has-post-thumbnail","6":"product_cat-simax-classics","7":"product_shipping_class-cddvd-shipping","8":"uni_artist_tag-anders-rensvik","9":"uni_artist_tag-ashild-breie-nyhus","10":"uni_artist_tag-audun-sandvik","11":"uni_artist_tag-ingfrid-breie-nyhus","12":"uni_artist_tag-johan-halvorsen","13":"uni_artist_tag-johan-kvandal","14":"uni_artist_tag-per-kristian-skalstad","15":"uni_artist_tag-per-saemund-bjorkum","16":"uni_artist_tag-sean-lewis","17":"uni_artist_tag-sven-nyhus","18":"uni_main_artist_tag-ashild-breie-nyhus","19":"uni_artist_genre-chamber-music","20":"uni_artist_genre-classical","21":"uni_artist_genre-folk-music","23":"first","24":"instock","25":"taxable","26":"shipping-taxable","27":"purchasable","28":"product-type-simple"},"_links":{"self":[{"href":"https:\/\/grappa.no\/no\/wp-json\/wp\/v2\/product\/28372","targetHints":{"allow":["GET"]}}],"collection":[{"href":"https:\/\/grappa.no\/no\/wp-json\/wp\/v2\/product"}],"about":[{"href":"https:\/\/grappa.no\/no\/wp-json\/wp\/v2\/types\/product"}],"replies":[{"embeddable":true,"href":"https:\/\/grappa.no\/no\/wp-json\/wp\/v2\/comments?post=28372"}],"wp:featuredmedia":[{"embeddable":true,"href":"https:\/\/grappa.no\/no\/wp-json\/wp\/v2\/media\/28377"}],"wp:attachment":[{"href":"https:\/\/grappa.no\/no\/wp-json\/wp\/v2\/media?parent=28372"}],"wp:term":[{"taxonomy":"product_brand","embeddable":true,"href":"https:\/\/grappa.no\/no\/wp-json\/wp\/v2\/product_brand?post=28372"},{"taxonomy":"product_cat","embeddable":true,"href":"https:\/\/grappa.no\/no\/wp-json\/wp\/v2\/product_cat?post=28372"},{"taxonomy":"product_tag","embeddable":true,"href":"https:\/\/grappa.no\/no\/wp-json\/wp\/v2\/product_tag?post=28372"}],"curies":[{"name":"wp","href":"https:\/\/api.w.org\/{rel}","templated":true}]}}