{"id":280,"date":"2015-03-20T00:00:00","date_gmt":"2015-03-19T23:00:00","guid":{"rendered":"http:\/\/www.grappa.no\/albums\/uncategorized\/sommerens-maria\/"},"modified":"2016-11-18T16:39:35","modified_gmt":"2016-11-18T15:39:35","slug":"sommerens-maria","status":"publish","type":"product","link":"https:\/\/grappa.no\/no\/albums\/simax-classics\/sommerens-maria\/","title":{"rendered":"Sommerens Maria"},"content":{"rendered":"<p><\/p>\n<p>Eyvind Skeie og Gisle Kverndokk med nytt kirkespill<\/p>\n<p>150 syngende barn og ungdom fra Kirkens Korskole N\u00f8tter\u00f8y synger melodier som er lette \u00e5 like og tekster med poetisk og filosofisk grunntema i kirkespillet &#8216;Sommerens Maria&#8217;. Verket har blitt til i samarbeid mellom komponisten Gisle Kverndokk og tekstforfatter Eyvind Skeie. Bli med p\u00e5 en reise gjennom kirke\u00e5ret og \u00e5rstidene n\u00e5r de tre hovedkarakterene knytter sammen den bibelske fortellingen med v\u00e5r menneskelige lengsel.<\/p>\n<p><!--more--><\/p>\n<p>&#8216;Sommerens Maria&#8217; er et fargerikt kirkemusikalsk eventyrspill av Eyvind Skeie og Gisle Kverndokk. Det dynamiske musikkmilj\u00f8et Kirkens Korskole N\u00f8tter\u00f8y har bestilt og urframf\u00f8rt verket \u2013 og n\u00e5 er det klart for utgivelse p\u00e5 CD. 150 barn er med, og de synger begeistret!<\/p>\n<h4>Spennende helst\u00f8pt prosjekt for barn<\/h4>\n<p>&#8216;Sommerens Maria&#8217; handler om v\u00e5r egen livsf\u00f8lelse p\u00e5 veien gjennom naturens \u00e5r og kirke\u00e5ret. Vi blir tatt med p\u00e5 en reise fra h\u00f8st til vinter og v\u00e5r til sommer, hvor de tre hovedkarakterene knytter sammen den bibelske fortellingen med v\u00e5r menneskelige lengsel. Komponisten sier: \u00abUtfordringen er \u00e5 formidle ideene p\u00e5 en enkel m\u00e5te, \u00e5 finne frem til noe sangbart og fengende, samtidig som det ikke blir forutsigbart. Det m\u00e5 ligge noen overraskelser der, men det m\u00e5 v\u00e6re noe barna kan mestre og l\u00e6re \u00e5 bli glad i.\u00bb<\/p>\n<h4>Boblende skaperglede blant barn og ungdom p\u00e5 N\u00f8tter\u00f8y<\/h4>\n<p>Aspirantkor, Guttekor, Barnekantori, Ungdomskantori. Det er ikke m\u00e5te p\u00e5 hva man har f\u00e5tt til i milj\u00f8et rundt Kirken p\u00e5 N\u00f8tter\u00f8y. N\u00f8tter\u00f8y ungdomskantori med sine 62 sangere, gutter og jenter er b\u00e6rende i prosjektet. Orkesteret best\u00e5r ogs\u00e5 av musikere p\u00e5 h\u00f8yeste niv\u00e5, blant annet med Birgitte St\u00e6rnes (fiolin) og Frida Fredrikke Waaler W\u00e6rw\u00e5gen (cello). I 2014 satt Korskolen opp &#8216;Les Miserables School Edition&#8217; i 6 utsolgte kvelder i forbindelse med Grunnlovsjubileet.<\/p>\n<h4>Eyvind Skeie og Gisle Kverndokk<\/h4>\n<p>Komponist Kverndokk og tekstforfatter Skeie har sammen skapt et verk som kan brukes gjennom hele kirke\u00e5ret, med melodier som er lette \u00e5 like og tekster som har et poetisk og filosofisk grunntema. Gisle Kverndokk er kjent som en av Norges mest produktive og suksessfulle komponister innen musikaler og opera. Han har tidligere komponert flere barneoperaer, som &#8216;Georgs Magiske Medisin&#8217; her i Norge og &#8216;Max and Moritz&#8217; i USA. \u00abSamarbeidet har v\u00e6rt stimulerende, det har blitt et m\u00f8te mellom ideer som jeg tror vi har greid \u00e5 samkj\u00f8re\u00bb, sier Kverndokk.<\/p>\n<p>Forfatteren og presten Eyvind Skeie har v\u00e6rt tekstforfatter for en rekke musikaler, kirkespill, kantater, salmer og barne-tv. Gjennom salmer og sangtekster for barn har han v\u00e6rt med p\u00e5 \u00e5 formidle den kristne livsforst\u00e5else til flere generasjoner. Han har ogs\u00e5 skrevet fagb\u00f8ker og skj\u00f8nnlitteratur. \u00abDet har v\u00e6rt en glede \u00e5 samarbeide med komponisten og med dette flotte kormilj\u00f8et\u00bb, sier Skeie.<\/p>\n<p><\/p>","protected":false},"excerpt":{"rendered":"<p>150 barn og ungdom er med i kirkespillet &#8216;Sommerens Maria&#8217;, komponert og skrevet av Gisle Kverndokk og Eyvind Skeie.<\/p>\n","protected":false},"featured_media":27538,"comment_status":"closed","ping_status":"open","template":"","meta":[],"product_brand":[],"product_cat":[180],"product_tag":[],"class_list":{"0":"post-280","1":"product","2":"type-product","3":"status-publish","4":"has-post-thumbnail","6":"product_cat-simax-classics","7":"product_shipping_class-cddvd-shipping","8":"uni_artist_tag-birgitte-staernes","9":"uni_artist_tag-frida-fredrikke-waaler-waervagen","10":"uni_artist_tag-gisle-kverndokk","11":"uni_artist_tag-kirkens-korskole-notteroy","12":"uni_artist_tag-kristin-vold-nese","13":"uni_artist_tag-olaf-kamfjord","14":"uni_main_artist_tag-kirkens-korskole-notteroy","15":"uni_artist_genre-children","16":"uni_artist_genre-choir","17":"uni_artist_genre-church-music","18":"uni_artist_genre-easy-listening","19":"uni_artist_genre-norwegian","21":"first","22":"instock","23":"taxable","24":"shipping-taxable","25":"purchasable","26":"product-type-simple"},"_links":{"self":[{"href":"https:\/\/grappa.no\/no\/wp-json\/wp\/v2\/product\/280","targetHints":{"allow":["GET"]}}],"collection":[{"href":"https:\/\/grappa.no\/no\/wp-json\/wp\/v2\/product"}],"about":[{"href":"https:\/\/grappa.no\/no\/wp-json\/wp\/v2\/types\/product"}],"replies":[{"embeddable":true,"href":"https:\/\/grappa.no\/no\/wp-json\/wp\/v2\/comments?post=280"}],"wp:featuredmedia":[{"embeddable":true,"href":"https:\/\/grappa.no\/no\/wp-json\/wp\/v2\/media\/27538"}],"wp:attachment":[{"href":"https:\/\/grappa.no\/no\/wp-json\/wp\/v2\/media?parent=280"}],"wp:term":[{"taxonomy":"product_brand","embeddable":true,"href":"https:\/\/grappa.no\/no\/wp-json\/wp\/v2\/product_brand?post=280"},{"taxonomy":"product_cat","embeddable":true,"href":"https:\/\/grappa.no\/no\/wp-json\/wp\/v2\/product_cat?post=280"},{"taxonomy":"product_tag","embeddable":true,"href":"https:\/\/grappa.no\/no\/wp-json\/wp\/v2\/product_tag?post=280"}],"curies":[{"name":"wp","href":"https:\/\/api.w.org\/{rel}","templated":true}]}}