{"id":27862,"date":"2001-03-15T00:00:00","date_gmt":"2001-03-14T23:00:00","guid":{"rendered":"http:\/\/www.grappa.no\/no\/albums\/ukategorisert\/edvard-grieg-complete-violin-sonatas\/"},"modified":"2019-02-22T15:52:50","modified_gmt":"2019-02-22T14:52:50","slug":"edvard-grieg-complete-violin-sonatas","status":"publish","type":"product","link":"https:\/\/grappa.no\/no\/albums\/simax-classics\/edvard-grieg-complete-violin-sonatas\/","title":{"rendered":"Edvard Grieg Complete Violin Sonatas"},"content":{"rendered":"<p><\/p>\n<p>Griegs samlede fiolinsonater<\/p>\n<p>Som kammermusikkomponist har Grieg desverre enn\u00e5 ikke f\u00e5tt den anerkjennelse han fullt ut fortjener.  Hans strykekvartett i g-moll (op. 25) og fiolin-sonate i c-moll (op. 45) er to av romantikkens hovedverk i disse genrene, og hans tre fiolinsonater st\u00e5r i fremste rekke innenfor nordisk kammermusikk overhodet. Komponisten uttalte selv at hans fiolinsonater, skrevet i perioden 1865-1886, h\u00f8rte til hans beste verker og karakteriserte dem slik: \u00abDen f\u00f8rste naive, rik p\u00e5 forbilder, den annen nasjonale og den tredje med den videre horisont.\u00bb<\/p>\n<p>Grieg fors\u00f8kte \u00e5 smelte det internasjonale og det nasjonale sammen p\u00e5 en organisk m\u00e5te og sette sitt personlige stempel p\u00e5 denne syntesen. S\u00e6rlig i G-dur sonaten viser han med hell hvordan folkemusikkelementer kan utnyttes innenfor det klassiske sonatem\u00f8nster, og hverken f\u00f8r eller siden har Grieg i et kammermusikkverk til de grader gjort bruk av nasjonale elementer. Ikke mindre vellykket er F-dur sonaten, med sin harmoniske dristighet og sine uortodokse tempoendringer i kontrast til mer tradisjonell formoppbygging, eller den dramatiske c-moll sonaten, som helt frem til v\u00e5r tid har v\u00e6rt p\u00e5 repertoaret til de aller fleste av verdens ledende fiolinster. <\/p>\n<p>Sammen viser Terje T\u00f8nnesen og Einar Henning Smebye disse verkene viktige plass blant Griegs verker. T\u00f8nnesen, som ved sin sensasjonelle debut i 1972 ble utropt til Norges svar p\u00e5 Paganini, er en av landets mest feirede kunstnere. Med sin kombinasjon av det r\u00e5 fandenivoldske og det sart s\u00f8dmefylte, bidro han med noe nytt og frodig som konsertut\u00f8ver, og han har for sitt arbeid mottatt en rekke priser, ikke minst \u00abGrieg-prisen\u00bb og \u00abKritikerprisen\u00bb. Smebye p\u00e5 sin side har opptr\u00e5dt gjentatte ganger ved Festspillene i Bergen, v\u00e6rt solist i Griegs a-moll konsert i 1980 og gjort flere opptredener i Europa. Som kammermusiker har han opptr\u00e5dt med kjente navn som Lana Izakadse, Iona Brown, Michaela Martin, Maurice Hasson og Vanya Milanova.<\/p>\n<p><!--more--><\/p>\n<h4><\/h4>\n<\/p>\n<h4><\/h4>\n<p><h4><\/h4>\n<\/p>\n<p><\/p>","protected":false},"excerpt":{"rendered":"<p>Griegs samlede fiolinsonater fremf\u00f8rt av to av Norges mest feirede ut\u00f8vere.<\/p>\n","protected":false},"featured_media":28361,"comment_status":"closed","ping_status":"open","template":"","meta":[],"product_brand":[],"product_cat":[180],"product_tag":[],"class_list":{"0":"post-27862","1":"product","2":"type-product","3":"status-publish","4":"has-post-thumbnail","6":"product_cat-simax-classics","7":"product_shipping_class-cddvd-shipping","8":"uni_artist_tag-arne-peter-rognan","9":"uni_artist_tag-edvard-grieg","10":"uni_artist_tag-einar-henning-smebye","11":"uni_artist_tag-terje-tonnesen","12":"uni_main_artist_tag-terje-tonnesen","13":"uni_artist_genre-chamber-music","14":"uni_artist_genre-norwegian","15":"uni_artist_genre-strings","17":"first","18":"instock","19":"taxable","20":"shipping-taxable","21":"purchasable","22":"product-type-simple"},"_links":{"self":[{"href":"https:\/\/grappa.no\/no\/wp-json\/wp\/v2\/product\/27862","targetHints":{"allow":["GET"]}}],"collection":[{"href":"https:\/\/grappa.no\/no\/wp-json\/wp\/v2\/product"}],"about":[{"href":"https:\/\/grappa.no\/no\/wp-json\/wp\/v2\/types\/product"}],"replies":[{"embeddable":true,"href":"https:\/\/grappa.no\/no\/wp-json\/wp\/v2\/comments?post=27862"}],"wp:featuredmedia":[{"embeddable":true,"href":"https:\/\/grappa.no\/no\/wp-json\/wp\/v2\/media\/28361"}],"wp:attachment":[{"href":"https:\/\/grappa.no\/no\/wp-json\/wp\/v2\/media?parent=27862"}],"wp:term":[{"taxonomy":"product_brand","embeddable":true,"href":"https:\/\/grappa.no\/no\/wp-json\/wp\/v2\/product_brand?post=27862"},{"taxonomy":"product_cat","embeddable":true,"href":"https:\/\/grappa.no\/no\/wp-json\/wp\/v2\/product_cat?post=27862"},{"taxonomy":"product_tag","embeddable":true,"href":"https:\/\/grappa.no\/no\/wp-json\/wp\/v2\/product_tag?post=27862"}],"curies":[{"name":"wp","href":"https:\/\/api.w.org\/{rel}","templated":true}]}}